{"id":1418,"date":"2021-07-25T14:52:35","date_gmt":"2021-07-25T12:52:35","guid":{"rendered":"https:\/\/berlinrealities.com\/?page_id=1418"},"modified":"2023-07-29T19:57:00","modified_gmt":"2023-07-29T17:57:00","slug":"gewaltfreie-kommunikation","status":"publish","type":"page","link":"https:\/\/berlinrealities.enjoythistool.com\/en\/gewaltfreie-kommunikation\/","title":{"rendered":"Nonviolent Communication"},"content":{"rendered":"<!--themify_builder_content-->\n<div id=\"themify_builder_content-1418\" data-postid=\"1418\" class=\"themify_builder_content themify_builder_content-1418 themify_builder tf_clear\">\n                    <div  data-css_id=\"hmgi533\" data-lazy=\"1\" class=\"module_row themify_builder_row fullwidth_row_container tb_hmgi533 tb_first tf_w\">\n                        <div class=\"row_inner col_align_top tb_col_count_1 tf_box tf_rel\">\n                        <div  data-lazy=\"1\" class=\"module_column tb-column col-full tb_8xzh533 first\">\n                    <!-- module text -->\n<div  class=\"module module-text tb_4aty533\" data-lazy=\"1\">\n        <div  class=\"tb_text_wrap\">\n        <h1 style=\"text-align: left;\">Nonviolent Communication (NVC) by Marshall Rosenberg<\/h1>    <\/div>\n<\/div>\n<!-- \/module text -->        <div  data-lazy=\"1\" class=\"module_subrow themify_builder_sub_row tf_w col_align_top tb_col_count_4 tb_9o95403\">\n                <div  data-lazy=\"1\" class=\"module_column sub_column col4-1 tb_x6ax403 first\">\n                    <!-- module text -->\n<div  class=\"module module-text tb_1dqw503  repeat  tb_gs107860f\" data-lazy=\"1\">\n        <div  class=\"tb_text_wrap\">\n        <h3>1st observation<\/h3>\n<p>Concentration on observing the action\/situation.<\/p>\n<p>Evaluations and interpretations are deliberately avoided.<\/p>    <\/div>\n<\/div>\n<!-- \/module text -->        <\/div>\n                    <div  data-lazy=\"1\" class=\"module_column sub_column col4-1 tb_wd73404\">\n                    <!-- module text -->\n<div  class=\"module module-text tb_cue3604    tb_gs107860f\" data-lazy=\"1\">\n        <div  class=\"tb_text_wrap\">\n        <h3>2. feeling<\/h3>\n<p>It then asks which feelings are triggered.<\/p>    <\/div>\n<\/div>\n<!-- \/module text -->        <\/div>\n                    <div  data-lazy=\"1\" class=\"module_column sub_column col4-1 tb_fypz404\">\n                    <!-- module text -->\n<div  class=\"module module-text tb_rbqt676    tb_gs107860f\" data-lazy=\"1\">\n        <div  class=\"tb_text_wrap\">\n        <h3>3. Need<\/h3>\n<p>In this step, it is worked out which needs were met in the situation or - in the case of negative feelings - just not met.<\/p>    <\/div>\n<\/div>\n<!-- \/module text -->        <\/div>\n                    <div  data-lazy=\"1\" class=\"module_column sub_column col4-1 tb_hlan404 last\">\n                    <!-- module text -->\n<div  class=\"module module-text tb_9bew12    tb_gs107860f\" data-lazy=\"1\">\n        <div  class=\"tb_text_wrap\">\n        <h3>4. Please<\/h3>\n<p>Finally, a request is formulated, with which one asks for a specific action in order to satisfy one&#039;s own unfulfilled need.<\/p>    <\/div>\n<\/div>\n<!-- \/module text -->        <\/div>\n                    <\/div>\n        <!-- module text -->\n<div  class=\"module module-text tb_v64p713\" data-lazy=\"1\">\n        <div  class=\"tb_text_wrap\">\n        <p>Nonviolent Communication is a course of action developed by Marshall B. Rosenberg.<\/p>\n<p>It is a peaceful conflict resolution. The focus is on developing an appreciative relationship that enables more cooperation and shared creativity in living together.<\/p>\n<p>We offer training on GRP.<\/p>    <\/div>\n<\/div>\n<!-- \/module text --><!-- module text -->\n<div  class=\"module module-text tb_sm0j136\" data-lazy=\"1\">\n        <div  class=\"tb_text_wrap\">\n        <h2 style=\"text-align: left;\">Nonviolent communication for conflict resolution<\/h2>    <\/div>\n<\/div>\n<!-- \/module text --><!-- module image -->\n<div  class=\"module module-image tb_x6ke65 image-top   tf_mw\" data-lazy=\"1\">\n        <div class=\"image-wrap tf_rel tf_mw\">\n            <a href=\"https:\/\/berlinrealities.enjoythistool.com\/wp-content\/uploads\/2023\/06\/How-to-Konflikt-GKF-zur-Konftliktloesung.pdf\" rel=\"noopener\" target=\"_blank\">\n                   <img decoding=\"async\" src=\"https:\/\/berlinrealities.enjoythistool.com\/wp-content\/uploads\/2023\/06\/Training-Konflikte-mit-GFK-loesen.svg\" class=\"wp-post-image wp-image-3559\" title=\"Training-Resolve-Conflicts-with-NVC\" alt=\"Training-Konflikte-mit-GFK-loesen\">        <\/a>\n    \n        <\/div>\n    <!-- \/image-wrap -->\n    \n        <\/div>\n<!-- \/module image --><!-- module text -->\n<div  class=\"module module-text tb_d2lr448\" data-lazy=\"1\">\n        <div  class=\"tb_text_wrap\">\n        <p>Nonviolent communication is very useful for conflict resolution. It starts with the needs. If we assume that the basic needs of all people are the same (see graphic above), then conflict resolution is quite possible if everyone involved in a conflict has a clear idea of their needs and can formulate them clearly.<\/p>    <\/div>\n<\/div>\n<!-- \/module text --><!-- module icon -->\n<div  class=\"module module-icon tb_z2x1967  normal circle icon_horizontal\" data-lazy=\"1\">\n            <div class=\"module-icon-item\">\n                            <a href=\"\/en\/kommunikationstrainings\/\">\n                                                                    <em class=\"tf_box\"><svg  class=\"tf_fa tf-fas-arrow-right\" aria-hidden=\"true\"><use href=\"#tf-fas-arrow-right\"><\/use><\/svg><\/em>\n                                                                            <span>communication training<\/span>\n                                                                    <\/a>\n                    <\/div>\n    <\/div>\n<!-- \/module icon -->\n        <\/div>\n                        <\/div>\n        <\/div>\n                        <div  data-lazy=\"1\" class=\"module_row themify_builder_row tb_j6u8500 tf_w\">\n                        <div class=\"row_inner col_align_top tb_col_count_1 tf_box tf_rel\">\n                        <div  data-lazy=\"1\" class=\"module_column tb-column col-full tb_j3jy501 first\">\n                            <div  data-lazy=\"1\" class=\"module_subrow themify_builder_sub_row tf_w col_align_top tb_col_count_3 tb_xc81502\">\n                <div  data-lazy=\"1\" class=\"module_column sub_column col3-1 tb_cvk2502 first\">\n                            <\/div>\n                    <div  data-lazy=\"1\" class=\"module_column sub_column col3-1 tb_2qsg503\">\n                            <\/div>\n                    <div  data-lazy=\"1\" class=\"module_column sub_column col3-1 tb_qzms504 last\">\n                            <\/div>\n                    <\/div>\n                <\/div>\n                        <\/div>\n        <\/div>\n        <\/div>\n<!--\/themify_builder_content-->","protected":false},"excerpt":{"rendered":"<p>Nonviolent Communication (NVC) by Marshall Rosenberg<\/p>","protected":false},"author":1,"featured_media":0,"parent":0,"menu_order":0,"comment_status":"closed","ping_status":"closed","template":"","meta":{"inline_featured_image":false,"footnotes":""},"class_list":["post-1418","page","type-page","status-publish","hentry","has-post-title","has-post-date","has-post-category","has-post-tag","has-post-comment","has-post-author",""],"yoast_head":"<!-- This site is optimized with the Yoast SEO plugin v24.2 - https:\/\/yoast.com\/wordpress\/plugins\/seo\/ -->\n<title>Gewaltfreie Kommunikation &#8211; Berlin Realities<\/title>\n<meta name=\"description\" content=\"Im Vordergrund steht eine wertsch\u00e4tzende Beziehung zu entwickeln, die mehr Kooperation und gemeinsame Kreativit\u00e4t im Zusammenleben erm\u00f6glicht\" \/>\n<meta name=\"robots\" content=\"index, follow, max-snippet:-1, max-image-preview:large, max-video-preview:-1\" \/>\n<link rel=\"canonical\" href=\"https:\/\/berlinrealities.enjoythistool.com\/en\/gewaltfreie-kommunikation\/\" \/>\n<meta property=\"og:locale\" content=\"en_GB\" \/>\n<meta property=\"og:type\" content=\"article\" \/>\n<meta property=\"og:title\" content=\"Gewaltfreie Kommunikation &#8211; Berlin Realities\" \/>\n<meta property=\"og:description\" content=\"Im Vordergrund steht eine wertsch\u00e4tzende Beziehung zu entwickeln, die mehr Kooperation und gemeinsame Kreativit\u00e4t im Zusammenleben erm\u00f6glicht\" \/>\n<meta property=\"og:url\" content=\"https:\/\/berlinrealities.enjoythistool.com\/en\/gewaltfreie-kommunikation\/\" \/>\n<meta property=\"og:site_name\" content=\"Berlin Realities\" \/>\n<meta property=\"article:modified_time\" content=\"2023-07-29T17:57:00+00:00\" \/>\n<meta name=\"twitter:card\" content=\"summary_large_image\" \/>\n<script type=\"application\/ld+json\" class=\"yoast-schema-graph\">{\"@context\":\"https:\/\/schema.org\",\"@graph\":[{\"@type\":\"WebPage\",\"@id\":\"https:\/\/berlinrealities.enjoythistool.com\/gewaltfreie-kommunikation\/\",\"url\":\"https:\/\/berlinrealities.enjoythistool.com\/gewaltfreie-kommunikation\/\",\"name\":\"Gewaltfreie Kommunikation &#8211; Berlin Realities\",\"isPartOf\":{\"@id\":\"https:\/\/berlinrealities.enjoythistool.com\/#website\"},\"datePublished\":\"2021-07-25T12:52:35+00:00\",\"dateModified\":\"2023-07-29T17:57:00+00:00\",\"description\":\"Im Vordergrund steht eine wertsch\u00e4tzende Beziehung zu entwickeln, die mehr Kooperation und gemeinsame Kreativit\u00e4t im Zusammenleben erm\u00f6glicht\",\"breadcrumb\":{\"@id\":\"https:\/\/berlinrealities.enjoythistool.com\/gewaltfreie-kommunikation\/#breadcrumb\"},\"inLanguage\":\"en-GB\",\"potentialAction\":[{\"@type\":\"ReadAction\",\"target\":[\"https:\/\/berlinrealities.enjoythistool.com\/gewaltfreie-kommunikation\/\"]}]},{\"@type\":\"BreadcrumbList\",\"@id\":\"https:\/\/berlinrealities.enjoythistool.com\/gewaltfreie-kommunikation\/#breadcrumb\",\"itemListElement\":[{\"@type\":\"ListItem\",\"position\":1,\"name\":\"Startseite\",\"item\":\"https:\/\/berlinrealities.enjoythistool.com\/\"},{\"@type\":\"ListItem\",\"position\":2,\"name\":\"Gewaltfreie Kommunikation\"}]},{\"@type\":\"WebSite\",\"@id\":\"https:\/\/berlinrealities.enjoythistool.com\/#website\",\"url\":\"https:\/\/berlinrealities.enjoythistool.com\/\",\"name\":\"Berlin Realities\",\"description\":\"XR, Kommunikation, Design\",\"publisher\":{\"@id\":\"https:\/\/berlinrealities.enjoythistool.com\/#organization\"},\"potentialAction\":[{\"@type\":\"SearchAction\",\"target\":{\"@type\":\"EntryPoint\",\"urlTemplate\":\"https:\/\/berlinrealities.enjoythistool.com\/?s={search_term_string}\"},\"query-input\":{\"@type\":\"PropertyValueSpecification\",\"valueRequired\":true,\"valueName\":\"search_term_string\"}}],\"inLanguage\":\"en-GB\"},{\"@type\":\"Organization\",\"@id\":\"https:\/\/berlinrealities.enjoythistool.com\/#organization\",\"name\":\"Berlin Realities GmbH\",\"url\":\"https:\/\/berlinrealities.enjoythistool.com\/\",\"logo\":{\"@type\":\"ImageObject\",\"inLanguage\":\"en-GB\",\"@id\":\"https:\/\/berlinrealities.enjoythistool.com\/#\/schema\/logo\/image\/\",\"url\":\"https:\/\/berlinrealities.enjoythistool.com\/wp-content\/uploads\/2020\/08\/BerlinRealities-Logo.svg\",\"contentUrl\":\"https:\/\/berlinrealities.enjoythistool.com\/wp-content\/uploads\/2020\/08\/BerlinRealities-Logo.svg\",\"width\":\"1024\",\"height\":\"1024\",\"caption\":\"Berlin Realities GmbH\"},\"image\":{\"@id\":\"https:\/\/berlinrealities.enjoythistool.com\/#\/schema\/logo\/image\/\"}}]}<\/script>\n<!-- \/ Yoast SEO plugin. -->","yoast_head_json":{"title":"Gewaltfreie Kommunikation &#8211; Berlin Realities","description":"Im Vordergrund steht eine wertsch\u00e4tzende Beziehung zu entwickeln, die mehr Kooperation und gemeinsame Kreativit\u00e4t im Zusammenleben erm\u00f6glicht","robots":{"index":"index","follow":"follow","max-snippet":"max-snippet:-1","max-image-preview":"max-image-preview:large","max-video-preview":"max-video-preview:-1"},"canonical":"https:\/\/berlinrealities.enjoythistool.com\/en\/gewaltfreie-kommunikation\/","og_locale":"en_GB","og_type":"article","og_title":"Gewaltfreie Kommunikation &#8211; Berlin Realities","og_description":"Im Vordergrund steht eine wertsch\u00e4tzende Beziehung zu entwickeln, die mehr Kooperation und gemeinsame Kreativit\u00e4t im Zusammenleben erm\u00f6glicht","og_url":"https:\/\/berlinrealities.enjoythistool.com\/en\/gewaltfreie-kommunikation\/","og_site_name":"Berlin Realities","article_modified_time":"2023-07-29T17:57:00+00:00","twitter_card":"summary_large_image","schema":{"@context":"https:\/\/schema.org","@graph":[{"@type":"WebPage","@id":"https:\/\/berlinrealities.enjoythistool.com\/gewaltfreie-kommunikation\/","url":"https:\/\/berlinrealities.enjoythistool.com\/gewaltfreie-kommunikation\/","name":"Gewaltfreie Kommunikation &#8211; Berlin Realities","isPartOf":{"@id":"https:\/\/berlinrealities.enjoythistool.com\/#website"},"datePublished":"2021-07-25T12:52:35+00:00","dateModified":"2023-07-29T17:57:00+00:00","description":"Im Vordergrund steht eine wertsch\u00e4tzende Beziehung zu entwickeln, die mehr Kooperation und gemeinsame Kreativit\u00e4t im Zusammenleben erm\u00f6glicht","breadcrumb":{"@id":"https:\/\/berlinrealities.enjoythistool.com\/gewaltfreie-kommunikation\/#breadcrumb"},"inLanguage":"en-GB","potentialAction":[{"@type":"ReadAction","target":["https:\/\/berlinrealities.enjoythistool.com\/gewaltfreie-kommunikation\/"]}]},{"@type":"BreadcrumbList","@id":"https:\/\/berlinrealities.enjoythistool.com\/gewaltfreie-kommunikation\/#breadcrumb","itemListElement":[{"@type":"ListItem","position":1,"name":"Startseite","item":"https:\/\/berlinrealities.enjoythistool.com\/"},{"@type":"ListItem","position":2,"name":"Gewaltfreie Kommunikation"}]},{"@type":"WebSite","@id":"https:\/\/berlinrealities.enjoythistool.com\/#website","url":"https:\/\/berlinrealities.enjoythistool.com\/","name":"Berlin Realities","description":"XR, Kommunikation, Design","publisher":{"@id":"https:\/\/berlinrealities.enjoythistool.com\/#organization"},"potentialAction":[{"@type":"SearchAction","target":{"@type":"EntryPoint","urlTemplate":"https:\/\/berlinrealities.enjoythistool.com\/?s={search_term_string}"},"query-input":{"@type":"PropertyValueSpecification","valueRequired":true,"valueName":"search_term_string"}}],"inLanguage":"en-GB"},{"@type":"Organization","@id":"https:\/\/berlinrealities.enjoythistool.com\/#organization","name":"Berlin Realities GmbH","url":"https:\/\/berlinrealities.enjoythistool.com\/","logo":{"@type":"ImageObject","inLanguage":"en-GB","@id":"https:\/\/berlinrealities.enjoythistool.com\/#\/schema\/logo\/image\/","url":"https:\/\/berlinrealities.enjoythistool.com\/wp-content\/uploads\/2020\/08\/BerlinRealities-Logo.svg","contentUrl":"https:\/\/berlinrealities.enjoythistool.com\/wp-content\/uploads\/2020\/08\/BerlinRealities-Logo.svg","width":"1024","height":"1024","caption":"Berlin Realities GmbH"},"image":{"@id":"https:\/\/berlinrealities.enjoythistool.com\/#\/schema\/logo\/image\/"}}]}},"builder_content":"<h1 style=\"text-align: left;\">Gewaltfreie Kommunikation (GFK) nach Marshall Rosenberg<\/h1>\n<h3>1. Beobachtung<\/h3> <p>Konzentration auf die Beobachtung der Handlung\/Situation.<\/p> <p>Dabei wird bewusst verzichtet auf Bewertungen und Interpretationen.<\/p>\n<h3>2. Gef\u00fchl<\/h3> <p>Im Anschluss wird hinterfragt, welche Gef\u00fchle ausgel\u00f6st werden.<\/p>\n<h3>3. Bed\u00fcrfnis<\/h3> <p>In diesem Schritt wird erarbeitet, welche Bed\u00fcrfnisse in der Situation erf\u00fcllt oder \u2013 bei negativen Gef\u00fchlen \u2013 eben nicht erf\u00fcllt wurden.<\/p>\n<h3>4. Bitte<\/h3> <p>Zuletzt wird eine Bitte formuliert, mit der man um eine konkrete Handlung anfragt, um das eigene, unerf\u00fcllte Bed\u00fcrfnis zufrieden zu stellen.<\/p>\n<p>Die Gewaltfreie Kommunikation ist ein Handlungskonzept, das von Marshall B. Rosenberg entwickelt wurde.<\/p> <p>Es handelt sich um eine friedliche Konfliktl\u00f6sung. Im Vordergrund steht eine wertsch\u00e4tzende Beziehung zu entwickeln, die mehr Kooperation und gemeinsame Kreativit\u00e4t im Zusammenleben erm\u00f6glicht.<\/p> <p>Wir bieten Trainings zu GFK.<\/p>\n<h2 style=\"text-align: left;\">Gewaltfreie Kommunikation zur Konfliktl\u00f6sung<\/h2>\n<a href=\"https:\/\/berlinrealities.enjoythistool.com\/wp-content\/uploads\/2023\/06\/How-to-Konflikt-GKF-zur-Konftliktloesung.pdf\" rel=\"noopener\" target=\"_blank\"> <img src=\"https:\/\/berlinrealities.enjoythistool.com\/wp-content\/uploads\/2023\/06\/Training-Konflikte-mit-GFK-loesen.svg\" title=\"Training-Konflikte-mit-GFK-loesen\" alt=\"Training-Konflikte-mit-GFK-loesen\"> <\/a>\n<p>Die Gewaltfreie Kommunikation ist zur Konfliktl\u00f6sung sehr geeignet. Sie beginnt bei den Bed\u00fcrfnissen. Gehen wir davon aus, dass die grunds\u00e4tzlichen Bed\u00fcrfnisse bei allen Menschen gleich sind (siehe Grafik oben), dann ist eine Konfliktl\u00f6sung gut m\u00f6glich, wenn alle an einem Konflikt Beteiligten eine klare Vorstellung ihrer Bed\u00fcrfnisse haben und diese klar formulieren k\u00f6nnen.<\/p>\n<a href=\"\/kommunikationstrainings\"> <em><svg aria-hidden=\"true\"><use href=\"#tf-fas-arrow-right\"><\/use><\/svg><\/em> Kommunikationstrainings <\/a>","_links":{"self":[{"href":"https:\/\/berlinrealities.enjoythistool.com\/en\/wp-json\/wp\/v2\/pages\/1418","targetHints":{"allow":["GET"]}}],"collection":[{"href":"https:\/\/berlinrealities.enjoythistool.com\/en\/wp-json\/wp\/v2\/pages"}],"about":[{"href":"https:\/\/berlinrealities.enjoythistool.com\/en\/wp-json\/wp\/v2\/types\/page"}],"author":[{"embeddable":true,"href":"https:\/\/berlinrealities.enjoythistool.com\/en\/wp-json\/wp\/v2\/users\/1"}],"replies":[{"embeddable":true,"href":"https:\/\/berlinrealities.enjoythistool.com\/en\/wp-json\/wp\/v2\/comments?post=1418"}],"version-history":[{"count":74,"href":"https:\/\/berlinrealities.enjoythistool.com\/en\/wp-json\/wp\/v2\/pages\/1418\/revisions"}],"predecessor-version":[{"id":4104,"href":"https:\/\/berlinrealities.enjoythistool.com\/en\/wp-json\/wp\/v2\/pages\/1418\/revisions\/4104"}],"wp:attachment":[{"href":"https:\/\/berlinrealities.enjoythistool.com\/en\/wp-json\/wp\/v2\/media?parent=1418"}],"curies":[{"name":"wp","href":"https:\/\/api.w.org\/{rel}","templated":true}]}}