{"id":1435,"date":"2021-07-25T14:58:08","date_gmt":"2021-07-25T12:58:08","guid":{"rendered":"https:\/\/berlinrealities.com\/?page_id=1435"},"modified":"2023-07-29T10:08:06","modified_gmt":"2023-07-29T08:08:06","slug":"protagonisten-antagonisten","status":"publish","type":"page","link":"https:\/\/berlinrealities.enjoythistool.com\/en\/protagonisten-antagonisten\/","title":{"rendered":"Bringing protagonists and antagonists together"},"content":{"rendered":"<!--themify_builder_content-->\n<div id=\"themify_builder_content-1435\" data-postid=\"1435\" class=\"themify_builder_content themify_builder_content-1435 themify_builder tf_clear\">\n                    <div  data-css_id=\"hmgi533\" data-lazy=\"1\" class=\"module_row themify_builder_row fullwidth_row_container tb_hmgi533 tb_first tf_w\">\n                        <div class=\"row_inner col_align_top tb_col_count_1 tf_box tf_rel\">\n                        <div  data-lazy=\"1\" class=\"module_column tb-column col-full tb_8xzh533 first\">\n                    <!-- module text -->\n<div  class=\"module module-text tb_4aty533\" data-lazy=\"1\">\n        <div  class=\"tb_text_wrap\">\n        <h1 style=\"text-align: left;\">Bringing protagonists and antagonists together<\/h1>    <\/div>\n<\/div>\n<!-- \/module text -->        <div  data-lazy=\"1\" class=\"module_subrow themify_builder_sub_row tf_w col_align_top tb_col_count_4 tb_9o95403\">\n                <div  data-lazy=\"1\" class=\"module_column sub_column col4-1 tb_x6ax403 first\">\n                    <!-- module text -->\n<div  class=\"module module-text tb_1dqw503    tb_gs107860f\" data-lazy=\"1\">\n        <div  class=\"tb_text_wrap\">\n        <h3>1. <b>protagonists<\/b><\/h3>\n<p>Inventor and developer of an innovation<\/p>    <\/div>\n<\/div>\n<!-- \/module text -->        <\/div>\n                    <div  data-lazy=\"1\" class=\"module_column sub_column col4-1 tb_wd73404\">\n                    <!-- module text -->\n<div  class=\"module module-text tb_phjv222    tb_gs107860f\" data-lazy=\"1\">\n        <div  class=\"tb_text_wrap\">\n        <h3>2. Open minds<\/h3>\n<p>Find an innovation good when \u00bbit is ready\u00ab.<\/p>    <\/div>\n<\/div>\n<!-- \/module text -->        <\/div>\n                    <div  data-lazy=\"1\" class=\"module_column sub_column col4-1 tb_fypz404\">\n                    <!-- module text -->\n<div  class=\"module module-text tb_46c5843    tb_gs107860f\" data-lazy=\"1\">\n        <div  class=\"tb_text_wrap\">\n        <h3>3. Close minds<\/h3>\n<p>Almost only see negative consequences in the new, \u00bbnobody needs something like that\u00ab<\/p>    <\/div>\n<\/div>\n<!-- \/module text -->        <\/div>\n                    <div  data-lazy=\"1\" class=\"module_column sub_column col4-1 tb_hlan404 last\">\n                    <!-- module text -->\n<div  class=\"module module-text tb_tzqi901    tb_gs107860f\" data-lazy=\"1\">\n        <div  class=\"tb_text_wrap\">\n        <h3>4. <b>antagonists<\/b><\/h3>\n<p>Fight the new actively and fundamentally: \u00bbInsecure! Dangerous! Immoral!&quot;.<\/p>    <\/div>\n<\/div>\n<!-- \/module text -->        <\/div>\n                    <\/div>\n        <!-- module text -->\n<div  class=\"module module-text tb_v64p713\" data-lazy=\"1\">\n        <div  class=\"tb_text_wrap\">\n        <p>Innovation and new technologies always meet the same players.<\/p>\n<p>It is advisable to take a close look at when and how these players meet. If the antagonists are involved too early, even grandiose ideas will fail because of the misgivings of the doubters. If the innovation hits them too late, it is likely that the idea does not correspond sufficiently to reality.<\/p>\n<p>Protagonists, innovators and media always react in the same way.\u00a0<\/p>    <\/div>\n<\/div>\n<!-- \/module text --><!-- module text -->\n<div  class=\"module module-text tb_ehnl104\" data-lazy=\"1\">\n        <div  class=\"tb_text_wrap\">\n        <h2 style=\"text-align: left;\">Gartner&#039;s hype curve<\/h2>    <\/div>\n<\/div>\n<!-- \/module text --><!-- module image -->\n<div  class=\"module module-image tb_3zun643 image-top   tf_mw\" data-lazy=\"1\">\n        <div class=\"image-wrap tf_rel tf_mw\">\n            <img decoding=\"async\" src=\"https:\/\/berlinrealities.enjoythistool.com\/wp-content\/uploads\/2021\/07\/Gartners-Hype.svg\" class=\"wp-post-image wp-image-1063\" title=\"Gartners hype\" alt=\"Gartners-Hype\">    \n        <\/div>\n    <!-- \/image-wrap -->\n    \n        <\/div>\n<!-- \/module image --><!-- module text -->\n<div  class=\"module module-text tb_w4p9594\" data-lazy=\"1\">\n        <div  class=\"tb_text_wrap\">\n        <p>\u00a0<\/p>\n<p>Antagonists also react predictably to the new.<\/p>    <\/div>\n<\/div>\n<!-- \/module text --><!-- module text -->\n<div  class=\"module module-text tb_7n04324\" data-lazy=\"1\">\n        <div  class=\"tb_text_wrap\">\n        <h2 style=\"text-align: left;\">Gunter Dueck: Hype versus hubris<\/h2>    <\/div>\n<\/div>\n<!-- \/module text --><!-- module image -->\n<div  class=\"module module-image tb_wd9k289 image-top   tf_mw\" data-lazy=\"1\">\n        <div class=\"image-wrap tf_rel tf_mw\">\n            <img decoding=\"async\" src=\"https:\/\/berlinrealities.enjoythistool.com\/wp-content\/uploads\/2021\/07\/GDueck-Hybris-versus-Hype.svg\" class=\"wp-post-image wp-image-1465\" title=\"GDueck hubris versus hype\" alt=\"GDueck-Hybris-versus-Hype\">    \n        <\/div>\n    <!-- \/image-wrap -->\n    \n        <\/div>\n<!-- \/module image --><!-- module text -->\n<div  class=\"module module-text tb_v3al157\" data-lazy=\"1\">\n        <div  class=\"tb_text_wrap\">\n        <p>Understanding the players and comparing reaction patterns can be achieved more easily in a professional context than it first appears (see <a href=\"https:\/\/berlinrealities.enjoythistool.com\/en\/gewaltfreie-kommunikation\/\">GRP<\/a>).<\/p>\n<p>We offer support in mediating between participants and stakeholders.<\/p>    <\/div>\n<\/div>\n<!-- \/module text --><!-- module icon -->\n<div  class=\"module module-icon tb_vq1x249  normal circle icon_horizontal\" data-lazy=\"1\">\n            <div class=\"module-icon-item\">\n                            <a href=\"https:\/\/berlinrealities.enjoythistool.com\/en\/kommunikationstrainings\/\">\n                                                                    <em class=\"tf_box\"><svg  class=\"tf_fa tf-ti-arrow-right\" aria-hidden=\"true\"><use href=\"#tf-ti-arrow-right\"><\/use><\/svg><\/em>\n                                                                            <span>communication training<\/span>\n                                                                    <\/a>\n                    <\/div>\n    <\/div>\n<!-- \/module icon -->\n<!-- module icon -->\n<div  class=\"module module-icon tb_uj5z10  normal circle icon_horizontal\" data-lazy=\"1\">\n            <div class=\"module-icon-item\">\n                            <a href=\"https:\/\/berlinrealities.enjoythistool.com\/en\/protagonisten-antagonisten\/\">\n                                                                    <em class=\"tf_boxtransparent\"><svg  class=\"tf_fa tf-ti-arrow-right\" aria-hidden=\"true\"><use href=\"#tf-ti-arrow-right\"><\/use><\/svg><\/em>\n                                                                            <span>Bringing protanonists and antagonists together<\/span>\n                                                                    <\/a>\n                    <\/div>\n    <\/div>\n<!-- \/module icon -->\n<!-- module icon -->\n<div  class=\"module module-icon tb_lm57705  normal circle icon_horizontal\" data-lazy=\"1\">\n            <div class=\"module-icon-item\">\n                            <a href=\"https:\/\/berlinrealities.enjoythistool.com\/en\/barrieren-ueberwinden\/\">\n                                                                    <em class=\"tf_boxtransparent\"><svg  class=\"tf_fa tf-ti-arrow-right\" aria-hidden=\"true\"><use href=\"#tf-ti-arrow-right\"><\/use><\/svg><\/em>\n                                                                            <span>Overcome barriers, become a professional, complete projects successfully<\/span>\n                                                                    <\/a>\n                    <\/div>\n    <\/div>\n<!-- \/module icon -->\n<!-- module icon -->\n<div  class=\"module module-icon tb_dp2465  normal circle icon_horizontal\" data-lazy=\"1\">\n            <div class=\"module-icon-item\">\n                            <a href=\"https:\/\/berlinrealities.enjoythistool.com\/en\/agilitaet-ambiguitaet\/\">\n                                                                    <em class=\"tf_boxtransparent\"><svg  class=\"tf_fa tf-ti-arrow-right\" aria-hidden=\"true\"><use href=\"#tf-ti-arrow-right\"><\/use><\/svg><\/em>\n                                                                            <span>Work agile, endure ambiguity, acquire social psychological knowledge<\/span>\n                                                                    <\/a>\n                    <\/div>\n    <\/div>\n<!-- \/module icon -->\n<!-- module icon -->\n<div  class=\"module module-icon tb_4hf8590  normal circle icon_horizontal\" data-lazy=\"1\">\n            <div class=\"module-icon-item\">\n                            <a href=\"https:\/\/berlinrealities.enjoythistool.com\/en\/ich-entwicklung-foerdern\/\">\n                                                                    <em class=\"tf_boxtransparent\"><svg  class=\"tf_fa tf-ti-arrow-right\" aria-hidden=\"true\"><use href=\"#tf-ti-arrow-right\"><\/use><\/svg><\/em>\n                                                                            <span>Promote self-development - also at team level<\/span>\n                                                                    <\/a>\n                    <\/div>\n    <\/div>\n<!-- \/module icon -->\n        <\/div>\n                        <\/div>\n        <\/div>\n                        <div  data-lazy=\"1\" class=\"module_row themify_builder_row tb_fuya305 tf_w\">\n                        <div class=\"row_inner col_align_top tb_col_count_1 tf_box tf_rel\">\n                        <div  data-lazy=\"1\" class=\"module_column tb-column col-full tb_wa3n306 first\">\n                            <div  data-lazy=\"1\" class=\"module_subrow themify_builder_sub_row tf_w col_align_top tb_col_count_3 tb_sbzw307\">\n                <div  data-lazy=\"1\" class=\"module_column sub_column col3-1 tb_zvzr307 first\">\n                            <\/div>\n                    <div  data-lazy=\"1\" class=\"module_column sub_column col3-1 tb_hzzf308\">\n                            <\/div>\n                    <div  data-lazy=\"1\" class=\"module_column sub_column col3-1 tb_ej3y308 last\">\n                            <\/div>\n                    <\/div>\n                <\/div>\n                        <\/div>\n        <\/div>\n        <\/div>\n<!--\/themify_builder_content-->","protected":false},"excerpt":{"rendered":"<p>Bringing protagonists and antagonists together 1. Protagonists Inventors and developers of an innovation 2. Open Minds Think an innovation is good when \u201cit\u2019s ready.\u201d 3. Close minds almost only see negative consequences in the new, \u201cno one needs something like that.\u201d 4. Antagonists Fight the new actively and fundamentally: \u201cUnsafe! Dangerous! Immoral!&quot;. Innovation and new technologies always meet [\u2026]<\/p>","protected":false},"author":1,"featured_media":0,"parent":0,"menu_order":0,"comment_status":"closed","ping_status":"closed","template":"","meta":{"inline_featured_image":false,"footnotes":""},"class_list":["post-1435","page","type-page","status-publish","hentry","has-post-title","has-post-date","has-post-category","has-post-tag","has-post-comment","has-post-author",""],"yoast_head":"<!-- This site is optimized with the Yoast SEO plugin v24.2 - https:\/\/yoast.com\/wordpress\/plugins\/seo\/ -->\n<title>Protagonisten und Antagonisten zusammenbringen &#8211; Berlin Realities<\/title>\n<meta name=\"robots\" content=\"index, follow, max-snippet:-1, max-image-preview:large, max-video-preview:-1\" \/>\n<link rel=\"canonical\" href=\"https:\/\/berlinrealities.enjoythistool.com\/en\/protagonisten-antagonisten\/\" \/>\n<meta property=\"og:locale\" content=\"en_GB\" \/>\n<meta property=\"og:type\" content=\"article\" \/>\n<meta property=\"og:title\" content=\"Protagonisten und Antagonisten zusammenbringen &#8211; Berlin Realities\" \/>\n<meta property=\"og:description\" content=\"Protagonisten und Antagonisten zusammenbringen 1. Protagonisten Erfinder und Entwickler einer Innovation 2. Open Minds Finden eine Innovation gut, wenn \u00bbsie so weit ist\u00ab. 3. Close Minds Sehen fast nur nachteilige Konsequenzen im Neuen, \u00bbso etwas braucht kein Mensch\u00ab 4. Antagonisten Bek\u00e4mpfen das Neue aktiv und fundamental: \u00bbUnsicher! Gef\u00e4hrlich! Unmoralisch!\u00ab. Innovation und neuen Technologien treffen immer [&hellip;]\" \/>\n<meta property=\"og:url\" content=\"https:\/\/berlinrealities.enjoythistool.com\/en\/protagonisten-antagonisten\/\" \/>\n<meta property=\"og:site_name\" content=\"Berlin Realities\" \/>\n<meta property=\"article:modified_time\" content=\"2023-07-29T08:08:06+00:00\" \/>\n<meta property=\"og:image\" content=\"https:\/\/berlinrealities.enjoythistool.com\/wp-content\/uploads\/2021\/07\/Gartners-Hype.svg\" \/>\n<meta name=\"twitter:card\" content=\"summary_large_image\" \/>\n<script type=\"application\/ld+json\" class=\"yoast-schema-graph\">{\"@context\":\"https:\/\/schema.org\",\"@graph\":[{\"@type\":\"WebPage\",\"@id\":\"https:\/\/berlinrealities.enjoythistool.com\/protagonisten-antagonisten\/\",\"url\":\"https:\/\/berlinrealities.enjoythistool.com\/protagonisten-antagonisten\/\",\"name\":\"Protagonisten und Antagonisten zusammenbringen &#8211; Berlin Realities\",\"isPartOf\":{\"@id\":\"https:\/\/berlinrealities.enjoythistool.com\/#website\"},\"primaryImageOfPage\":{\"@id\":\"https:\/\/berlinrealities.enjoythistool.com\/protagonisten-antagonisten\/#primaryimage\"},\"image\":{\"@id\":\"https:\/\/berlinrealities.enjoythistool.com\/protagonisten-antagonisten\/#primaryimage\"},\"thumbnailUrl\":\"https:\/\/berlinrealities.enjoythistool.com\/wp-content\/uploads\/2021\/07\/Gartners-Hype.svg\",\"datePublished\":\"2021-07-25T12:58:08+00:00\",\"dateModified\":\"2023-07-29T08:08:06+00:00\",\"breadcrumb\":{\"@id\":\"https:\/\/berlinrealities.enjoythistool.com\/protagonisten-antagonisten\/#breadcrumb\"},\"inLanguage\":\"en-GB\",\"potentialAction\":[{\"@type\":\"ReadAction\",\"target\":[\"https:\/\/berlinrealities.enjoythistool.com\/protagonisten-antagonisten\/\"]}]},{\"@type\":\"ImageObject\",\"inLanguage\":\"en-GB\",\"@id\":\"https:\/\/berlinrealities.enjoythistool.com\/protagonisten-antagonisten\/#primaryimage\",\"url\":\"https:\/\/berlinrealities.enjoythistool.com\/wp-content\/uploads\/2021\/07\/Gartners-Hype.svg\",\"contentUrl\":\"https:\/\/berlinrealities.enjoythistool.com\/wp-content\/uploads\/2021\/07\/Gartners-Hype.svg\"},{\"@type\":\"BreadcrumbList\",\"@id\":\"https:\/\/berlinrealities.enjoythistool.com\/protagonisten-antagonisten\/#breadcrumb\",\"itemListElement\":[{\"@type\":\"ListItem\",\"position\":1,\"name\":\"Startseite\",\"item\":\"https:\/\/berlinrealities.enjoythistool.com\/\"},{\"@type\":\"ListItem\",\"position\":2,\"name\":\"Protagonisten und Antagonisten zusammenbringen\"}]},{\"@type\":\"WebSite\",\"@id\":\"https:\/\/berlinrealities.enjoythistool.com\/#website\",\"url\":\"https:\/\/berlinrealities.enjoythistool.com\/\",\"name\":\"Berlin Realities\",\"description\":\"XR, Kommunikation, Design\",\"publisher\":{\"@id\":\"https:\/\/berlinrealities.enjoythistool.com\/#organization\"},\"potentialAction\":[{\"@type\":\"SearchAction\",\"target\":{\"@type\":\"EntryPoint\",\"urlTemplate\":\"https:\/\/berlinrealities.enjoythistool.com\/?s={search_term_string}\"},\"query-input\":{\"@type\":\"PropertyValueSpecification\",\"valueRequired\":true,\"valueName\":\"search_term_string\"}}],\"inLanguage\":\"en-GB\"},{\"@type\":\"Organization\",\"@id\":\"https:\/\/berlinrealities.enjoythistool.com\/#organization\",\"name\":\"Berlin Realities GmbH\",\"url\":\"https:\/\/berlinrealities.enjoythistool.com\/\",\"logo\":{\"@type\":\"ImageObject\",\"inLanguage\":\"en-GB\",\"@id\":\"https:\/\/berlinrealities.enjoythistool.com\/#\/schema\/logo\/image\/\",\"url\":\"https:\/\/berlinrealities.enjoythistool.com\/wp-content\/uploads\/2020\/08\/BerlinRealities-Logo.svg\",\"contentUrl\":\"https:\/\/berlinrealities.enjoythistool.com\/wp-content\/uploads\/2020\/08\/BerlinRealities-Logo.svg\",\"width\":\"1024\",\"height\":\"1024\",\"caption\":\"Berlin Realities GmbH\"},\"image\":{\"@id\":\"https:\/\/berlinrealities.enjoythistool.com\/#\/schema\/logo\/image\/\"}}]}<\/script>\n<!-- \/ Yoast SEO plugin. -->","yoast_head_json":{"title":"Protagonisten und Antagonisten zusammenbringen &#8211; Berlin Realities","robots":{"index":"index","follow":"follow","max-snippet":"max-snippet:-1","max-image-preview":"max-image-preview:large","max-video-preview":"max-video-preview:-1"},"canonical":"https:\/\/berlinrealities.enjoythistool.com\/en\/protagonisten-antagonisten\/","og_locale":"en_GB","og_type":"article","og_title":"Protagonisten und Antagonisten zusammenbringen &#8211; Berlin Realities","og_description":"Protagonisten und Antagonisten zusammenbringen 1. Protagonisten Erfinder und Entwickler einer Innovation 2. Open Minds Finden eine Innovation gut, wenn \u00bbsie so weit ist\u00ab. 3. Close Minds Sehen fast nur nachteilige Konsequenzen im Neuen, \u00bbso etwas braucht kein Mensch\u00ab 4. Antagonisten Bek\u00e4mpfen das Neue aktiv und fundamental: \u00bbUnsicher! Gef\u00e4hrlich! Unmoralisch!\u00ab. Innovation und neuen Technologien treffen immer [&hellip;]","og_url":"https:\/\/berlinrealities.enjoythistool.com\/en\/protagonisten-antagonisten\/","og_site_name":"Berlin Realities","article_modified_time":"2023-07-29T08:08:06+00:00","og_image":[{"url":"https:\/\/berlinrealities.enjoythistool.com\/wp-content\/uploads\/2021\/07\/Gartners-Hype.svg","type":"","width":"","height":""}],"twitter_card":"summary_large_image","schema":{"@context":"https:\/\/schema.org","@graph":[{"@type":"WebPage","@id":"https:\/\/berlinrealities.enjoythistool.com\/protagonisten-antagonisten\/","url":"https:\/\/berlinrealities.enjoythistool.com\/protagonisten-antagonisten\/","name":"Protagonisten und Antagonisten zusammenbringen &#8211; Berlin Realities","isPartOf":{"@id":"https:\/\/berlinrealities.enjoythistool.com\/#website"},"primaryImageOfPage":{"@id":"https:\/\/berlinrealities.enjoythistool.com\/protagonisten-antagonisten\/#primaryimage"},"image":{"@id":"https:\/\/berlinrealities.enjoythistool.com\/protagonisten-antagonisten\/#primaryimage"},"thumbnailUrl":"https:\/\/berlinrealities.enjoythistool.com\/wp-content\/uploads\/2021\/07\/Gartners-Hype.svg","datePublished":"2021-07-25T12:58:08+00:00","dateModified":"2023-07-29T08:08:06+00:00","breadcrumb":{"@id":"https:\/\/berlinrealities.enjoythistool.com\/protagonisten-antagonisten\/#breadcrumb"},"inLanguage":"en-GB","potentialAction":[{"@type":"ReadAction","target":["https:\/\/berlinrealities.enjoythistool.com\/protagonisten-antagonisten\/"]}]},{"@type":"ImageObject","inLanguage":"en-GB","@id":"https:\/\/berlinrealities.enjoythistool.com\/protagonisten-antagonisten\/#primaryimage","url":"https:\/\/berlinrealities.enjoythistool.com\/wp-content\/uploads\/2021\/07\/Gartners-Hype.svg","contentUrl":"https:\/\/berlinrealities.enjoythistool.com\/wp-content\/uploads\/2021\/07\/Gartners-Hype.svg"},{"@type":"BreadcrumbList","@id":"https:\/\/berlinrealities.enjoythistool.com\/protagonisten-antagonisten\/#breadcrumb","itemListElement":[{"@type":"ListItem","position":1,"name":"Startseite","item":"https:\/\/berlinrealities.enjoythistool.com\/"},{"@type":"ListItem","position":2,"name":"Protagonisten und Antagonisten zusammenbringen"}]},{"@type":"WebSite","@id":"https:\/\/berlinrealities.enjoythistool.com\/#website","url":"https:\/\/berlinrealities.enjoythistool.com\/","name":"Berlin Realities","description":"XR, Kommunikation, Design","publisher":{"@id":"https:\/\/berlinrealities.enjoythistool.com\/#organization"},"potentialAction":[{"@type":"SearchAction","target":{"@type":"EntryPoint","urlTemplate":"https:\/\/berlinrealities.enjoythistool.com\/?s={search_term_string}"},"query-input":{"@type":"PropertyValueSpecification","valueRequired":true,"valueName":"search_term_string"}}],"inLanguage":"en-GB"},{"@type":"Organization","@id":"https:\/\/berlinrealities.enjoythistool.com\/#organization","name":"Berlin Realities GmbH","url":"https:\/\/berlinrealities.enjoythistool.com\/","logo":{"@type":"ImageObject","inLanguage":"en-GB","@id":"https:\/\/berlinrealities.enjoythistool.com\/#\/schema\/logo\/image\/","url":"https:\/\/berlinrealities.enjoythistool.com\/wp-content\/uploads\/2020\/08\/BerlinRealities-Logo.svg","contentUrl":"https:\/\/berlinrealities.enjoythistool.com\/wp-content\/uploads\/2020\/08\/BerlinRealities-Logo.svg","width":"1024","height":"1024","caption":"Berlin Realities GmbH"},"image":{"@id":"https:\/\/berlinrealities.enjoythistool.com\/#\/schema\/logo\/image\/"}}]}},"builder_content":"<h1 style=\"text-align: left;\">Protagonisten und Antagonisten zusammenbringen<\/h1>\n<h3>1. <b>Protagonisten<\/b><\/h3> <p>Erfinder und Entwickler einer Innovation<\/p>\n<h3>2. Open Minds<\/h3> <p>Finden eine Innovation gut, wenn \u00bbsie so weit ist\u00ab.<\/p>\n<h3>3. Close Minds<\/h3> <p>Sehen fast nur nachteilige Konsequenzen im Neuen, \u00bbso etwas braucht kein Mensch\u00ab<\/p>\n<h3>4. <b>Antagonisten<\/b><\/h3> <p>Bek\u00e4mpfen das Neue aktiv und fundamental: \u00bbUnsicher! Gef\u00e4hrlich! Unmoralisch!\u00ab.<\/p>\n<p>Innovation und neuen Technologien treffen immer wieder auf die gleichen Mitspieler.<\/p> <p>Es ist ratsam genau zu betrachten, wann und wie diese Mitspieler zusammentreffen. Sind die Antagonisten zu fr\u00fch involviert, scheitern selbst grandiose Ideen an den Bedenken der Zweifler. Trifft die Innovation zu sp\u00e4t auf sie, ist es wahrscheinlich dass die Idee der Realit\u00e4t nicht gen\u00fcgend entspricht.<\/p> <p>Protagonisten, Innovatoren und Medien reagieren nach einem immergleichen Ablauf.\u00a0<\/p>\n<h2 style=\"text-align: left;\">Gartners-Hype-Kurve<\/h2>\n<img src=\"https:\/\/berlinrealities.enjoythistool.com\/wp-content\/uploads\/2021\/07\/Gartners-Hype.svg\" title=\"Gartners-Hype\" alt=\"Gartners-Hype\">\n<p>\u00a0<\/p> <p>Antagonisten reagieren ebenfalls voraussehbar auf das Neue.<\/p>\n<h2 style=\"text-align: left;\">Gunter Dueck: Hype versus Hybris<\/h2>\n<img src=\"https:\/\/berlinrealities.enjoythistool.com\/wp-content\/uploads\/2021\/07\/GDueck-Hybris-versus-Hype.svg\" title=\"GDueck-Hybris-versus-Hype\" alt=\"GDueck-Hybris-versus-Hype\">\n<p>Verst\u00e4ndnis f\u00fcr die Mitspieler und ein Abgleich der Reaktionsmuster kann gerade im beruflichen Kontext einfacher erreicht werden, als es zuerst den Anschein hat (siehe <a href=\"https:\/\/berlinrealities.enjoythistool.com\/gewaltfreie-kommunikation\">GFK<\/a>).<\/p> <p>Wir bieten Unterst\u00fctzung bei der Vermittlung zwischen Beteiligten und Stakeholdern.<\/p>\n<a href=\"https:\/\/berlinrealities.enjoythistool.com\/kommunikationstrainings\"> <em><svg aria-hidden=\"true\"><use href=\"#tf-ti-arrow-right\"><\/use><\/svg><\/em> Kommunikationstrainings <\/a>\n<a href=\"https:\/\/berlinrealities.enjoythistool.com\/protagonisten-antagonisten\"> <em><svg aria-hidden=\"true\"><use href=\"#tf-ti-arrow-right\"><\/use><\/svg><\/em> Protanonisten und Antagonisten zusammenbringen <\/a>\n<a href=\"https:\/\/berlinrealities.enjoythistool.com\/barrieren-ueberwinden\/\"> <em><svg aria-hidden=\"true\"><use href=\"#tf-ti-arrow-right\"><\/use><\/svg><\/em> Barrieren \u00fcberwinden, Profi werden, Projekte erfolgreich abschlie\u00dfen <\/a>\n<a href=\"https:\/\/berlinrealities.enjoythistool.com\/agilitaet-ambiguitaet\/\"> <em><svg aria-hidden=\"true\"><use href=\"#tf-ti-arrow-right\"><\/use><\/svg><\/em> Agil arbeiten, Ambiguit\u00e4t aushalten, sozialpsychologisches Wissen aneignen <\/a>\n<a href=\"https:\/\/berlinrealities.enjoythistool.com\/ich-entwicklung-foerdern\"> <em><svg aria-hidden=\"true\"><use href=\"#tf-ti-arrow-right\"><\/use><\/svg><\/em> Ich-Entwicklung f\u00f6rdern \u2013 auch auf Team-Ebene <\/a>","_links":{"self":[{"href":"https:\/\/berlinrealities.enjoythistool.com\/en\/wp-json\/wp\/v2\/pages\/1435","targetHints":{"allow":["GET"]}}],"collection":[{"href":"https:\/\/berlinrealities.enjoythistool.com\/en\/wp-json\/wp\/v2\/pages"}],"about":[{"href":"https:\/\/berlinrealities.enjoythistool.com\/en\/wp-json\/wp\/v2\/types\/page"}],"author":[{"embeddable":true,"href":"https:\/\/berlinrealities.enjoythistool.com\/en\/wp-json\/wp\/v2\/users\/1"}],"replies":[{"embeddable":true,"href":"https:\/\/berlinrealities.enjoythistool.com\/en\/wp-json\/wp\/v2\/comments?post=1435"}],"version-history":[{"count":53,"href":"https:\/\/berlinrealities.enjoythistool.com\/en\/wp-json\/wp\/v2\/pages\/1435\/revisions"}],"predecessor-version":[{"id":3892,"href":"https:\/\/berlinrealities.enjoythistool.com\/en\/wp-json\/wp\/v2\/pages\/1435\/revisions\/3892"}],"wp:attachment":[{"href":"https:\/\/berlinrealities.enjoythistool.com\/en\/wp-json\/wp\/v2\/media?parent=1435"}],"curies":[{"name":"wp","href":"https:\/\/api.w.org\/{rel}","templated":true}]}}