{"id":1478,"date":"2021-07-25T15:56:53","date_gmt":"2021-07-25T13:56:53","guid":{"rendered":"https:\/\/berlinrealities.com\/?page_id=1478"},"modified":"2023-07-29T10:05:21","modified_gmt":"2023-07-29T08:05:21","slug":"barrieren-ueberwinden","status":"publish","type":"page","link":"https:\/\/berlinrealities.enjoythistool.com\/en\/barrieren-ueberwinden\/","title":{"rendered":"Overcome barriers, become a professional"},"content":{"rendered":"<!--themify_builder_content-->\n<div id=\"themify_builder_content-1478\" data-postid=\"1478\" class=\"themify_builder_content themify_builder_content-1478 themify_builder tf_clear\">\n                    <div  data-css_id=\"hmgi533\" data-lazy=\"1\" class=\"module_row themify_builder_row fullwidth_row_container tb_hmgi533 tb_first tf_w\">\n                        <div class=\"row_inner col_align_top tb_col_count_1 tf_box tf_rel\">\n                        <div  data-lazy=\"1\" class=\"module_column tb-column col-full tb_8xzh533 first\">\n                    <!-- module text -->\n<div  class=\"module module-text tb_4aty533\" data-lazy=\"1\">\n        <div  class=\"tb_text_wrap\">\n        <h1 style=\"text-align: left;\">Overcome barriers, become a professional, complete projects successfully<\/h1>    <\/div>\n<\/div>\n<!-- \/module text --><!-- module text -->\n<div  class=\"module module-text tb_1bje702\" data-lazy=\"1\">\n        <div  class=\"tb_text_wrap\">\n        <p>The Dunning-Kruger effect describes the cognitive distortion in the self-image of incompetent people overestimating their own knowledge and skills.<\/p>    <\/div>\n<\/div>\n<!-- \/module text --><!-- module text -->\n<div  class=\"module module-text tb_ehnl104\" data-lazy=\"1\">\n        <div  class=\"tb_text_wrap\">\n        <h2>Dunning-Kruger Effect<\/h2>    <\/div>\n<\/div>\n<!-- \/module text --><!-- module image -->\n<div  class=\"module module-image tb_3zun643 image-top   tf_mw\" data-lazy=\"1\">\n        <div class=\"image-wrap tf_rel tf_mw\">\n            <img decoding=\"async\" src=\"https:\/\/berlinrealities.enjoythistool.com\/wp-content\/uploads\/2021\/07\/Dunning\u2013Kruger-Effekt.svg\" class=\"wp-post-image wp-image-1060\" title=\"Dunning\u2013Kruger effect\" alt=\"Dunning\u2013Kruger-Effekt\">    \n        <\/div>\n    <!-- \/image-wrap -->\n    \n        <\/div>\n<!-- \/module image --><!-- module text -->\n<div  class=\"module module-text tb_v64p713\" data-lazy=\"1\">\n        <div  class=\"tb_text_wrap\">\n        <p>Ignorance makes for more self-confidence, things seem easier. An effect that everyone knows well when dealing with new things. The path leads directly into the Valley of Despair. Yes, so much depends on it. We help to penetrate the program stop zone and to climb, bypass and solve the barriers of a project - with concrete, productive support, solution finding and training.<\/p>    <\/div>\n<\/div>\n<!-- \/module text --><!-- module icon -->\n<div  class=\"module module-icon tb_7kn5279  normal circle icon_horizontal\" data-lazy=\"1\">\n            <div class=\"module-icon-item\">\n                            <a href=\"https:\/\/berlinrealities.enjoythistool.com\/en\/kommunikationstrainings\/\">\n                                                                    <em class=\"tf_box\"><svg  class=\"tf_fa tf-ti-arrow-right\" aria-hidden=\"true\"><use href=\"#tf-ti-arrow-right\"><\/use><\/svg><\/em>\n                                                                            <span>communication training<\/span>\n                                                                    <\/a>\n                    <\/div>\n    <\/div>\n<!-- \/module icon -->\n<!-- module icon -->\n<div  class=\"module module-icon tb_uj5z10  normal circle icon_horizontal\" data-lazy=\"1\">\n            <div class=\"module-icon-item\">\n                            <a href=\"https:\/\/berlinrealities.enjoythistool.com\/en\/protagonisten-antagonisten\/\">\n                                                                    <em class=\"tf_boxtransparent\"><svg  class=\"tf_fa tf-ti-arrow-right\" aria-hidden=\"true\"><use href=\"#tf-ti-arrow-right\"><\/use><\/svg><\/em>\n                                                                            <span>Bringing protanonists and antagonists together<\/span>\n                                                                    <\/a>\n                    <\/div>\n    <\/div>\n<!-- \/module icon -->\n<!-- module icon -->\n<div  class=\"module module-icon tb_lm57705  normal circle icon_horizontal\" data-lazy=\"1\">\n            <div class=\"module-icon-item\">\n                            <a href=\"https:\/\/berlinrealities.enjoythistool.com\/en\/protagonisten-antagonisten\/\">\n                                                                    <em class=\"tf_boxtransparent\"><svg  class=\"tf_fa tf-ti-arrow-right\" aria-hidden=\"true\"><use href=\"#tf-ti-arrow-right\"><\/use><\/svg><\/em>\n                                                                            <span>Overcome barriers, become a professional, complete projects successfully<\/span>\n                                                                    <\/a>\n                    <\/div>\n    <\/div>\n<!-- \/module icon -->\n<!-- module icon -->\n<div  class=\"module module-icon tb_z5iy605  normal circle icon_horizontal\" data-lazy=\"1\">\n            <div class=\"module-icon-item\">\n                            <a href=\"https:\/\/berlinrealities.enjoythistool.com\/en\/agilitaet-ambiguitaet\/\">\n                                                                    <em class=\"tf_boxtransparent\"><svg  class=\"tf_fa tf-ti-arrow-right\" aria-hidden=\"true\"><use href=\"#tf-ti-arrow-right\"><\/use><\/svg><\/em>\n                                                                            <span>Work agile, endure ambiguity, acquire social psychological knowledge<\/span>\n                                                                    <\/a>\n                    <\/div>\n    <\/div>\n<!-- \/module icon -->\n<!-- module icon -->\n<div  class=\"module module-icon tb_8lkb10  normal circle icon_horizontal\" data-lazy=\"1\">\n            <div class=\"module-icon-item\">\n                            <a href=\"https:\/\/berlinrealities.enjoythistool.com\/en\/ich-entwicklung-foerdern\/\">\n                                                                    <em class=\"tf_boxtransparent\"><svg  class=\"tf_fa tf-ti-arrow-right\" aria-hidden=\"true\"><use href=\"#tf-ti-arrow-right\"><\/use><\/svg><\/em>\n                                                                            <span>Promote self-development - also at team level<\/span>\n                                                                    <\/a>\n                    <\/div>\n    <\/div>\n<!-- \/module icon -->\n        <\/div>\n                        <\/div>\n        <\/div>\n                        <div  data-lazy=\"1\" class=\"module_row themify_builder_row tb_fuya305 tf_w\">\n                        <div class=\"row_inner col_align_top tb_col_count_1 tf_box tf_rel\">\n                        <div  data-lazy=\"1\" class=\"module_column tb-column col-full tb_wa3n306 first\">\n                            <div  data-lazy=\"1\" class=\"module_subrow themify_builder_sub_row tf_w col_align_top tb_col_count_3 tb_sbzw307\">\n                <div  data-lazy=\"1\" class=\"module_column sub_column col3-1 tb_zvzr307 first\">\n                            <\/div>\n                    <div  data-lazy=\"1\" class=\"module_column sub_column col3-1 tb_hzzf308\">\n                            <\/div>\n                    <div  data-lazy=\"1\" class=\"module_column sub_column col3-1 tb_ej3y308 last\">\n                            <\/div>\n                    <\/div>\n                <\/div>\n                        <\/div>\n        <\/div>\n        <\/div>\n<!--\/themify_builder_content-->","protected":false},"excerpt":{"rendered":"<p>Overcoming barriers, becoming a professional, completing projects successfully The Dunning-Kruger effect describes the cognitive distortion in the self-image of incompetent people overestimating their own knowledge and skills. Dunning-Kruger Effect Ignorance makes you more confident and makes things seem easier. An effect that everyone knows well when dealing with new things. The path leads directly into the Valley of Despair. [...]<\/p>","protected":false},"author":1,"featured_media":0,"parent":0,"menu_order":0,"comment_status":"closed","ping_status":"closed","template":"","meta":{"inline_featured_image":false,"footnotes":""},"class_list":["post-1478","page","type-page","status-publish","hentry","has-post-title","has-post-date","has-post-category","has-post-tag","has-post-comment","has-post-author",""],"yoast_head":"<!-- This site is optimized with the Yoast SEO plugin v24.2 - https:\/\/yoast.com\/wordpress\/plugins\/seo\/ -->\n<title>Barrieren \u00fcberwinden, Profi werden &#8211; Berlin Realities<\/title>\n<meta name=\"robots\" content=\"index, follow, max-snippet:-1, max-image-preview:large, max-video-preview:-1\" \/>\n<link rel=\"canonical\" href=\"https:\/\/berlinrealities.enjoythistool.com\/en\/barrieren-ueberwinden\/\" \/>\n<meta property=\"og:locale\" content=\"en_GB\" \/>\n<meta property=\"og:type\" content=\"article\" \/>\n<meta property=\"og:title\" content=\"Barrieren \u00fcberwinden, Profi werden &#8211; Berlin Realities\" \/>\n<meta property=\"og:description\" content=\"Barrieren \u00fcberwinden, Profi werden, Projekte erfolgreich abschlie\u00dfen Der Dunning-Kruger-Effekt\u00a0bezeichnet die kognitive Verzerrung im Selbstverst\u00e4ndnis inkompetenter Menschen, das eigene Wissen und K\u00f6nnen zu \u00fcbersch\u00e4tzen. Dunning-Kruger-Effekt Unwissenheit sorgt f\u00fcr mehr Selbstvertrauen, die Dinge wirken einfacher. Ein Effekt den jeder gut kennt, wenn er sich mit neuen Sachen besch\u00e4ftigt. Der Weg f\u00fchrt unmittelbar in das Tal der Verzweiflung. [&hellip;]\" \/>\n<meta property=\"og:url\" content=\"https:\/\/berlinrealities.enjoythistool.com\/en\/barrieren-ueberwinden\/\" \/>\n<meta property=\"og:site_name\" content=\"Berlin Realities\" \/>\n<meta property=\"article:modified_time\" content=\"2023-07-29T08:05:21+00:00\" \/>\n<meta name=\"twitter:card\" content=\"summary_large_image\" \/>\n<script type=\"application\/ld+json\" class=\"yoast-schema-graph\">{\"@context\":\"https:\/\/schema.org\",\"@graph\":[{\"@type\":\"WebPage\",\"@id\":\"https:\/\/berlinrealities.enjoythistool.com\/barrieren-ueberwinden\/\",\"url\":\"https:\/\/berlinrealities.enjoythistool.com\/barrieren-ueberwinden\/\",\"name\":\"Barrieren \u00fcberwinden, Profi werden &#8211; Berlin Realities\",\"isPartOf\":{\"@id\":\"https:\/\/berlinrealities.enjoythistool.com\/#website\"},\"datePublished\":\"2021-07-25T13:56:53+00:00\",\"dateModified\":\"2023-07-29T08:05:21+00:00\",\"breadcrumb\":{\"@id\":\"https:\/\/berlinrealities.enjoythistool.com\/barrieren-ueberwinden\/#breadcrumb\"},\"inLanguage\":\"en-GB\",\"potentialAction\":[{\"@type\":\"ReadAction\",\"target\":[\"https:\/\/berlinrealities.enjoythistool.com\/barrieren-ueberwinden\/\"]}]},{\"@type\":\"BreadcrumbList\",\"@id\":\"https:\/\/berlinrealities.enjoythistool.com\/barrieren-ueberwinden\/#breadcrumb\",\"itemListElement\":[{\"@type\":\"ListItem\",\"position\":1,\"name\":\"Startseite\",\"item\":\"https:\/\/berlinrealities.enjoythistool.com\/\"},{\"@type\":\"ListItem\",\"position\":2,\"name\":\"Barrieren \u00fcberwinden, Profi werden\"}]},{\"@type\":\"WebSite\",\"@id\":\"https:\/\/berlinrealities.enjoythistool.com\/#website\",\"url\":\"https:\/\/berlinrealities.enjoythistool.com\/\",\"name\":\"Berlin Realities\",\"description\":\"XR, Kommunikation, Design\",\"publisher\":{\"@id\":\"https:\/\/berlinrealities.enjoythistool.com\/#organization\"},\"potentialAction\":[{\"@type\":\"SearchAction\",\"target\":{\"@type\":\"EntryPoint\",\"urlTemplate\":\"https:\/\/berlinrealities.enjoythistool.com\/?s={search_term_string}\"},\"query-input\":{\"@type\":\"PropertyValueSpecification\",\"valueRequired\":true,\"valueName\":\"search_term_string\"}}],\"inLanguage\":\"en-GB\"},{\"@type\":\"Organization\",\"@id\":\"https:\/\/berlinrealities.enjoythistool.com\/#organization\",\"name\":\"Berlin Realities GmbH\",\"url\":\"https:\/\/berlinrealities.enjoythistool.com\/\",\"logo\":{\"@type\":\"ImageObject\",\"inLanguage\":\"en-GB\",\"@id\":\"https:\/\/berlinrealities.enjoythistool.com\/#\/schema\/logo\/image\/\",\"url\":\"https:\/\/berlinrealities.enjoythistool.com\/wp-content\/uploads\/2020\/08\/BerlinRealities-Logo.svg\",\"contentUrl\":\"https:\/\/berlinrealities.enjoythistool.com\/wp-content\/uploads\/2020\/08\/BerlinRealities-Logo.svg\",\"width\":\"1024\",\"height\":\"1024\",\"caption\":\"Berlin Realities GmbH\"},\"image\":{\"@id\":\"https:\/\/berlinrealities.enjoythistool.com\/#\/schema\/logo\/image\/\"}}]}<\/script>\n<!-- \/ Yoast SEO plugin. -->","yoast_head_json":{"title":"Barrieren \u00fcberwinden, Profi werden &#8211; Berlin Realities","robots":{"index":"index","follow":"follow","max-snippet":"max-snippet:-1","max-image-preview":"max-image-preview:large","max-video-preview":"max-video-preview:-1"},"canonical":"https:\/\/berlinrealities.enjoythistool.com\/en\/barrieren-ueberwinden\/","og_locale":"en_GB","og_type":"article","og_title":"Barrieren \u00fcberwinden, Profi werden &#8211; Berlin Realities","og_description":"Barrieren \u00fcberwinden, Profi werden, Projekte erfolgreich abschlie\u00dfen Der Dunning-Kruger-Effekt\u00a0bezeichnet die kognitive Verzerrung im Selbstverst\u00e4ndnis inkompetenter Menschen, das eigene Wissen und K\u00f6nnen zu \u00fcbersch\u00e4tzen. Dunning-Kruger-Effekt Unwissenheit sorgt f\u00fcr mehr Selbstvertrauen, die Dinge wirken einfacher. Ein Effekt den jeder gut kennt, wenn er sich mit neuen Sachen besch\u00e4ftigt. Der Weg f\u00fchrt unmittelbar in das Tal der Verzweiflung. [&hellip;]","og_url":"https:\/\/berlinrealities.enjoythistool.com\/en\/barrieren-ueberwinden\/","og_site_name":"Berlin Realities","article_modified_time":"2023-07-29T08:05:21+00:00","twitter_card":"summary_large_image","schema":{"@context":"https:\/\/schema.org","@graph":[{"@type":"WebPage","@id":"https:\/\/berlinrealities.enjoythistool.com\/barrieren-ueberwinden\/","url":"https:\/\/berlinrealities.enjoythistool.com\/barrieren-ueberwinden\/","name":"Barrieren \u00fcberwinden, Profi werden &#8211; Berlin Realities","isPartOf":{"@id":"https:\/\/berlinrealities.enjoythistool.com\/#website"},"datePublished":"2021-07-25T13:56:53+00:00","dateModified":"2023-07-29T08:05:21+00:00","breadcrumb":{"@id":"https:\/\/berlinrealities.enjoythistool.com\/barrieren-ueberwinden\/#breadcrumb"},"inLanguage":"en-GB","potentialAction":[{"@type":"ReadAction","target":["https:\/\/berlinrealities.enjoythistool.com\/barrieren-ueberwinden\/"]}]},{"@type":"BreadcrumbList","@id":"https:\/\/berlinrealities.enjoythistool.com\/barrieren-ueberwinden\/#breadcrumb","itemListElement":[{"@type":"ListItem","position":1,"name":"Startseite","item":"https:\/\/berlinrealities.enjoythistool.com\/"},{"@type":"ListItem","position":2,"name":"Barrieren \u00fcberwinden, Profi werden"}]},{"@type":"WebSite","@id":"https:\/\/berlinrealities.enjoythistool.com\/#website","url":"https:\/\/berlinrealities.enjoythistool.com\/","name":"Berlin Realities","description":"XR, Kommunikation, Design","publisher":{"@id":"https:\/\/berlinrealities.enjoythistool.com\/#organization"},"potentialAction":[{"@type":"SearchAction","target":{"@type":"EntryPoint","urlTemplate":"https:\/\/berlinrealities.enjoythistool.com\/?s={search_term_string}"},"query-input":{"@type":"PropertyValueSpecification","valueRequired":true,"valueName":"search_term_string"}}],"inLanguage":"en-GB"},{"@type":"Organization","@id":"https:\/\/berlinrealities.enjoythistool.com\/#organization","name":"Berlin Realities GmbH","url":"https:\/\/berlinrealities.enjoythistool.com\/","logo":{"@type":"ImageObject","inLanguage":"en-GB","@id":"https:\/\/berlinrealities.enjoythistool.com\/#\/schema\/logo\/image\/","url":"https:\/\/berlinrealities.enjoythistool.com\/wp-content\/uploads\/2020\/08\/BerlinRealities-Logo.svg","contentUrl":"https:\/\/berlinrealities.enjoythistool.com\/wp-content\/uploads\/2020\/08\/BerlinRealities-Logo.svg","width":"1024","height":"1024","caption":"Berlin Realities GmbH"},"image":{"@id":"https:\/\/berlinrealities.enjoythistool.com\/#\/schema\/logo\/image\/"}}]}},"builder_content":"<h1 style=\"text-align: left;\">Barrieren \u00fcberwinden, Profi werden, Projekte erfolgreich abschlie\u00dfen<\/h1>\n<p>Der Dunning-Kruger-Effekt\u00a0bezeichnet die kognitive Verzerrung im Selbstverst\u00e4ndnis inkompetenter Menschen, das eigene Wissen und K\u00f6nnen zu \u00fcbersch\u00e4tzen.<\/p>\n<h2>Dunning-Kruger-Effekt<\/h2>\n<img src=\"https:\/\/berlinrealities.enjoythistool.com\/wp-content\/uploads\/2021\/07\/Dunning\u2013Kruger-Effekt.svg\" title=\"Dunning\u2013Kruger-Effekt\" alt=\"Dunning\u2013Kruger-Effekt\">\n<p>Unwissenheit sorgt f\u00fcr mehr Selbstvertrauen, die Dinge wirken einfacher. Ein Effekt den jeder gut kennt, wenn er sich mit neuen Sachen besch\u00e4ftigt. Der Weg f\u00fchrt unmittelbar in das Tal der Verzweiflung. Ja, so viel h\u00e4ngt da dran. Wir helfen die Programm-Stopp-Zone zu durchdringen und die Barrieren eines Projektes zu erklimmen, zu umgehen, zu l\u00f6sen \u2013 mit konkreter, produktiver Zuarbeit, L\u00f6sungsfindung und Trainings.<\/p>\n<a href=\"https:\/\/berlinrealities.enjoythistool.com\/kommunikationstrainings\"> <em><svg aria-hidden=\"true\"><use href=\"#tf-ti-arrow-right\"><\/use><\/svg><\/em> Kommunikationstrainings <\/a>\n<a href=\"https:\/\/berlinrealities.enjoythistool.com\/protagonisten-antagonisten\"> <em><svg aria-hidden=\"true\"><use href=\"#tf-ti-arrow-right\"><\/use><\/svg><\/em> Protanonisten und Antagonisten zusammenbringen <\/a>\n<a href=\"https:\/\/berlinrealities.enjoythistool.com\/protagonisten-antagonisten\"> <em><svg aria-hidden=\"true\"><use href=\"#tf-ti-arrow-right\"><\/use><\/svg><\/em> Barrieren \u00fcberwinden, Profi werden, Projekte erfolgreich abschlie\u00dfen <\/a>\n<a href=\"https:\/\/berlinrealities.enjoythistool.com\/agilitaet-ambiguitaet\"> <em><svg aria-hidden=\"true\"><use href=\"#tf-ti-arrow-right\"><\/use><\/svg><\/em> Agil arbeiten, Ambiguit\u00e4t aushalten, sozialpsychologisches Wissen aneignen <\/a>\n<a href=\"https:\/\/berlinrealities.enjoythistool.com\/ich-entwicklung-foerdern\"> <em><svg aria-hidden=\"true\"><use href=\"#tf-ti-arrow-right\"><\/use><\/svg><\/em> Ich-Entwicklung f\u00f6rdern \u2013 auch auf Team-Ebene <\/a>","_links":{"self":[{"href":"https:\/\/berlinrealities.enjoythistool.com\/en\/wp-json\/wp\/v2\/pages\/1478","targetHints":{"allow":["GET"]}}],"collection":[{"href":"https:\/\/berlinrealities.enjoythistool.com\/en\/wp-json\/wp\/v2\/pages"}],"about":[{"href":"https:\/\/berlinrealities.enjoythistool.com\/en\/wp-json\/wp\/v2\/types\/page"}],"author":[{"embeddable":true,"href":"https:\/\/berlinrealities.enjoythistool.com\/en\/wp-json\/wp\/v2\/users\/1"}],"replies":[{"embeddable":true,"href":"https:\/\/berlinrealities.enjoythistool.com\/en\/wp-json\/wp\/v2\/comments?post=1478"}],"version-history":[{"count":25,"href":"https:\/\/berlinrealities.enjoythistool.com\/en\/wp-json\/wp\/v2\/pages\/1478\/revisions"}],"predecessor-version":[{"id":3888,"href":"https:\/\/berlinrealities.enjoythistool.com\/en\/wp-json\/wp\/v2\/pages\/1478\/revisions\/3888"}],"wp:attachment":[{"href":"https:\/\/berlinrealities.enjoythistool.com\/en\/wp-json\/wp\/v2\/media?parent=1478"}],"curies":[{"name":"wp","href":"https:\/\/api.w.org\/{rel}","templated":true}]}}