{"id":1501,"date":"2021-07-25T16:25:56","date_gmt":"2021-07-25T14:25:56","guid":{"rendered":"https:\/\/berlinrealities.com\/?page_id=1501"},"modified":"2023-07-29T10:05:40","modified_gmt":"2023-07-29T08:05:40","slug":"agilitaet-ambiguitaet","status":"publish","type":"page","link":"https:\/\/berlinrealities.enjoythistool.com\/en\/agilitaet-ambiguitaet\/","title":{"rendered":"Work agile, endure ambiguity"},"content":{"rendered":"<!--themify_builder_content-->\n<div id=\"themify_builder_content-1501\" data-postid=\"1501\" class=\"themify_builder_content themify_builder_content-1501 themify_builder tf_clear\">\n                    <div  data-css_id=\"hmgi533\" data-lazy=\"1\" class=\"module_row themify_builder_row fullwidth_row_container tb_hmgi533 tb_first tf_w\">\n                        <div class=\"row_inner col_align_top tb_col_count_1 tf_box tf_rel\">\n                        <div  data-lazy=\"1\" class=\"module_column tb-column col-full tb_8xzh533 first\">\n                    <!-- module text -->\n<div  class=\"module module-text tb_4aty533\" data-lazy=\"1\">\n        <div  class=\"tb_text_wrap\">\n        <h1 style=\"text-align: left;\">Work agile, endure ambiguity, acquire social psychological knowledge<\/h1>    <\/div>\n<\/div>\n<!-- \/module text --><!-- module image -->\n<div  class=\"module module-image tb_3zun643 image-top   tf_mw\" data-lazy=\"1\">\n        <div class=\"image-wrap tf_rel tf_mw\">\n            <img loading=\"lazy\" decoding=\"async\" width=\"1438\" height=\"1478\" src=\"https:\/\/berlinrealities.enjoythistool.com\/wp-content\/uploads\/2023\/07\/surrealkreis.gif\" class=\"wp-post-image wp-image-3863\" title=\"surreal circle\" alt=\"surrealkreis\">    \n        <\/div>\n    <!-- \/image-wrap -->\n    \n        <\/div>\n<!-- \/module image -->        <div  data-lazy=\"1\" class=\"module_subrow themify_builder_sub_row tf_w col_align_top tb_col_count_3 tb_iml175\">\n                <div  data-lazy=\"1\" class=\"module_column sub_column col3-1 tb_h51m75 first\">\n                            <\/div>\n                    <div  data-lazy=\"1\" class=\"module_column sub_column col3-1 tb_7eln75\">\n                    <!-- module text -->\n<div  class=\"module module-text tb_v64p713\" data-lazy=\"1\">\n        <div  class=\"tb_text_wrap\">\n        <p><strong>ambiguity tolerance<\/strong> (from Latin ambiguitas &quot;ambiguity&quot;, &quot;double meaning&quot; and tolerare &quot;to endure&quot;, &quot;endure&quot;), sometimes also referred to as uncertainty tolerance, is the ability to endure ambiguous situations and contradictory ways of acting.<\/p>\n<p>Both and instead of either or. Anyone who wants to work agile must be able to endure ambiguity and uncertainty. The most well-known agile working method, Scrum, is characterized by contradictions. On the one hand it is immeasurably strict and at the same time unlimitedly free.<\/p>\n<p>Ambiguity tolerance is often referred to as one of the most important &quot;future skills&quot;. We agree and add that it is one of the important skills from the repertoire of social psychology.\u00a0<\/p>\n<p><strong>Two tenets of social psychology are:<\/strong><sup id=\"cite_ref-1\" class=\"reference\"><\/sup><\/p>\n<ol>\n<li>People construct their own reality.<\/li>\n<li>Experience and behavior are influenced by social relationships.<\/li>\n<\/ol>\n<p><strong>Topics are for example:<\/strong><\/p>\n<ul>\n<li>Self-fulfilling prophecy<\/li>\n<li>Intrinsic and extrinsic motivation<\/li>\n<li>groupthink<\/li>\n<li>projection<\/li>\n<li>Bargain hunting and shopping frenzy<\/li>\n<li>discrimination<\/li>\n<li>infidelity<\/li>\n<li>procrastination<\/li>\n<li>gut decisions<\/li>\n<li>individualism and collectivism<\/li>\n<li>hubris<\/li>\n<li>Fundamental attribution error<\/li>\n<li>Rosenthal effect<\/li>\n<\/ul>\n<p>Knowledge of social psychology is essential for agile work and successful teamwork.\u00a0<\/p>\n<p>We offer training on agile working, new work and the consideration of social psychology in the working world.<\/p>    <\/div>\n<\/div>\n<!-- \/module text --><!-- module icon -->\n<div  class=\"module module-icon tb_07c8759  normal circle icon_horizontal\" data-lazy=\"1\">\n            <div class=\"module-icon-item\">\n                            <a href=\"https:\/\/berlinrealities.enjoythistool.com\/en\/kommunikationstrainings\/\">\n                                                                    <em class=\"tf_box\"><svg  class=\"tf_fa tf-ti-arrow-right\" aria-hidden=\"true\"><use href=\"#tf-ti-arrow-right\"><\/use><\/svg><\/em>\n                                                                            <span>communication training<\/span>\n                                                                    <\/a>\n                    <\/div>\n    <\/div>\n<!-- \/module icon -->\n<!-- module icon -->\n<div  class=\"module module-icon tb_uj5z10  normal circle icon_horizontal\" data-lazy=\"1\">\n            <div class=\"module-icon-item\">\n                            <a href=\"https:\/\/berlinrealities.enjoythistool.com\/en\/protagonisten-antagonisten\/\">\n                                                                    <em class=\"tf_boxtransparent\"><svg  class=\"tf_fa tf-ti-arrow-right\" aria-hidden=\"true\"><use href=\"#tf-ti-arrow-right\"><\/use><\/svg><\/em>\n                                                                            <span>Bringing protanonists and antagonists together<\/span>\n                                                                    <\/a>\n                    <\/div>\n    <\/div>\n<!-- \/module icon -->\n<!-- module icon -->\n<div  class=\"module module-icon tb_lm57705  normal circle icon_horizontal\" data-lazy=\"1\">\n            <div class=\"module-icon-item\">\n                            <a href=\"https:\/\/berlinrealities.enjoythistool.com\/en\/barrieren-ueberwinden\/\">\n                                                                    <em class=\"tf_boxtransparent\"><svg  class=\"tf_fa tf-ti-arrow-right\" aria-hidden=\"true\"><use href=\"#tf-ti-arrow-right\"><\/use><\/svg><\/em>\n                                                                            <span>Overcome barriers, become a professional, complete projects successfully<\/span>\n                                                                    <\/a>\n                    <\/div>\n    <\/div>\n<!-- \/module icon -->\n<!-- module icon -->\n<div  class=\"module module-icon tb_z5iy605  normal circle icon_horizontal\" data-lazy=\"1\">\n            <div class=\"module-icon-item\">\n                            <a href=\"https:\/\/berlinrealities.enjoythistool.com\/en\/agilitaet-ambiguitaet\/\">\n                                                                    <em class=\"tf_boxtransparent\"><svg  class=\"tf_fa tf-ti-arrow-right\" aria-hidden=\"true\"><use href=\"#tf-ti-arrow-right\"><\/use><\/svg><\/em>\n                                                                            <span>Work agile, endure ambiguity, acquire social psychological knowledge<\/span>\n                                                                    <\/a>\n                    <\/div>\n    <\/div>\n<!-- \/module icon -->\n<!-- module icon -->\n<div  class=\"module module-icon tb_8lkb10  normal circle icon_horizontal\" data-lazy=\"1\">\n            <div class=\"module-icon-item\">\n                            <a href=\"https:\/\/berlinrealities.enjoythistool.com\/en\/ich-entwicklung-foerdern\/\">\n                                                                    <em class=\"tf_boxtransparent\"><svg  class=\"tf_fa tf-ti-arrow-right\" aria-hidden=\"true\"><use href=\"#tf-ti-arrow-right\"><\/use><\/svg><\/em>\n                                                                            <span>promote ego development<\/span>\n                                                                    <\/a>\n                    <\/div>\n    <\/div>\n<!-- \/module icon -->\n        <\/div>\n                    <div  data-lazy=\"1\" class=\"module_column sub_column col3-1 tb_nyqw76 last\">\n                            <\/div>\n                    <\/div>\n                <\/div>\n                        <\/div>\n        <\/div>\n                        <div  data-lazy=\"1\" class=\"module_row themify_builder_row tb_fuya305 tf_w\">\n                        <div class=\"row_inner col_align_top tb_col_count_1 tf_box tf_rel\">\n                        <div  data-lazy=\"1\" class=\"module_column tb-column col-full tb_wa3n306 first\">\n                            <div  data-lazy=\"1\" class=\"module_subrow themify_builder_sub_row tf_w col_align_top tb_col_count_3 tb_sbzw307\">\n                <div  data-lazy=\"1\" class=\"module_column sub_column col3-1 tb_zvzr307 first\">\n                            <\/div>\n                    <div  data-lazy=\"1\" class=\"module_column sub_column col3-1 tb_hzzf308\">\n                            <\/div>\n                    <div  data-lazy=\"1\" class=\"module_column sub_column col3-1 tb_ej3y308 last\">\n                            <\/div>\n                    <\/div>\n                <\/div>\n                        <\/div>\n        <\/div>\n        <\/div>\n<!--\/themify_builder_content-->","protected":false},"excerpt":{"rendered":"<p>Work agilely, endure ambiguity, acquire social-psychological knowledge Ambiguity tolerance (from Latin ambiguitas \u201cambiguity\u201d, \u201cambiguity\u201d and tolerare \u201cendure\u201d, \u201cendure\u201d), sometimes also referred to as uncertainty or uncertainty tolerance, is the ability to handle ambiguous situations and to endure contradictory behavior. Both and instead of either or. If you want to work agile, you have to be able to tolerate ambiguity and uncertainty. The most famous agile [\u2026]<\/p>","protected":false},"author":1,"featured_media":0,"parent":0,"menu_order":0,"comment_status":"closed","ping_status":"closed","template":"","meta":{"inline_featured_image":false,"footnotes":""},"class_list":["post-1501","page","type-page","status-publish","hentry","has-post-title","has-post-date","has-post-category","has-post-tag","has-post-comment","has-post-author",""],"yoast_head":"<!-- This site is optimized with the Yoast SEO plugin v24.2 - https:\/\/yoast.com\/wordpress\/plugins\/seo\/ -->\n<title>Agil arbeiten, Ambiguit\u00e4t aushalten &#8211; Berlin Realities<\/title>\n<meta name=\"description\" content=\"Sowohl als auch anstatt entweder oder. Wer agil arbeiten m\u00f6chte muss Mehrdeutigkeit und Unsicherheit ertragen k\u00f6nnen.\" \/>\n<meta name=\"robots\" content=\"index, follow, max-snippet:-1, max-image-preview:large, max-video-preview:-1\" \/>\n<link rel=\"canonical\" href=\"https:\/\/berlinrealities.enjoythistool.com\/en\/agilitaet-ambiguitaet\/\" \/>\n<meta property=\"og:locale\" content=\"en_GB\" \/>\n<meta property=\"og:type\" content=\"article\" \/>\n<meta property=\"og:title\" content=\"Agil arbeiten, Ambiguit\u00e4t aushalten &#8211; Berlin Realities\" \/>\n<meta property=\"og:description\" content=\"Sowohl als auch anstatt entweder oder. Wer agil arbeiten m\u00f6chte muss Mehrdeutigkeit und Unsicherheit ertragen k\u00f6nnen.\" \/>\n<meta property=\"og:url\" content=\"https:\/\/berlinrealities.enjoythistool.com\/en\/agilitaet-ambiguitaet\/\" \/>\n<meta property=\"og:site_name\" content=\"Berlin Realities\" \/>\n<meta property=\"article:modified_time\" content=\"2023-07-29T08:05:40+00:00\" \/>\n<meta property=\"og:image\" content=\"https:\/\/berlinrealities.enjoythistool.com\/wp-content\/uploads\/2020\/09\/surrealkreis.gif\" \/>\n<meta name=\"twitter:card\" content=\"summary_large_image\" \/>\n<script type=\"application\/ld+json\" class=\"yoast-schema-graph\">{\"@context\":\"https:\/\/schema.org\",\"@graph\":[{\"@type\":\"WebPage\",\"@id\":\"https:\/\/berlinrealities.enjoythistool.com\/agilitaet-ambiguitaet\/\",\"url\":\"https:\/\/berlinrealities.enjoythistool.com\/agilitaet-ambiguitaet\/\",\"name\":\"Agil arbeiten, Ambiguit\u00e4t aushalten &#8211; Berlin Realities\",\"isPartOf\":{\"@id\":\"https:\/\/berlinrealities.enjoythistool.com\/#website\"},\"primaryImageOfPage\":{\"@id\":\"https:\/\/berlinrealities.enjoythistool.com\/agilitaet-ambiguitaet\/#primaryimage\"},\"image\":{\"@id\":\"https:\/\/berlinrealities.enjoythistool.com\/agilitaet-ambiguitaet\/#primaryimage\"},\"thumbnailUrl\":\"https:\/\/berlinrealities.enjoythistool.com\/wp-content\/uploads\/2020\/09\/surrealkreis.gif\",\"datePublished\":\"2021-07-25T14:25:56+00:00\",\"dateModified\":\"2023-07-29T08:05:40+00:00\",\"description\":\"Sowohl als auch anstatt entweder oder. Wer agil arbeiten m\u00f6chte muss Mehrdeutigkeit und Unsicherheit ertragen k\u00f6nnen.\",\"breadcrumb\":{\"@id\":\"https:\/\/berlinrealities.enjoythistool.com\/agilitaet-ambiguitaet\/#breadcrumb\"},\"inLanguage\":\"en-GB\",\"potentialAction\":[{\"@type\":\"ReadAction\",\"target\":[\"https:\/\/berlinrealities.enjoythistool.com\/agilitaet-ambiguitaet\/\"]}]},{\"@type\":\"ImageObject\",\"inLanguage\":\"en-GB\",\"@id\":\"https:\/\/berlinrealities.enjoythistool.com\/agilitaet-ambiguitaet\/#primaryimage\",\"url\":\"https:\/\/berlinrealities.enjoythistool.com\/wp-content\/uploads\/2020\/09\/surrealkreis.gif\",\"contentUrl\":\"https:\/\/berlinrealities.enjoythistool.com\/wp-content\/uploads\/2020\/09\/surrealkreis.gif\"},{\"@type\":\"BreadcrumbList\",\"@id\":\"https:\/\/berlinrealities.enjoythistool.com\/agilitaet-ambiguitaet\/#breadcrumb\",\"itemListElement\":[{\"@type\":\"ListItem\",\"position\":1,\"name\":\"Startseite\",\"item\":\"https:\/\/berlinrealities.enjoythistool.com\/\"},{\"@type\":\"ListItem\",\"position\":2,\"name\":\"Agil arbeiten, Ambiguit\u00e4t aushalten\"}]},{\"@type\":\"WebSite\",\"@id\":\"https:\/\/berlinrealities.enjoythistool.com\/#website\",\"url\":\"https:\/\/berlinrealities.enjoythistool.com\/\",\"name\":\"Berlin Realities\",\"description\":\"XR, Kommunikation, Design\",\"publisher\":{\"@id\":\"https:\/\/berlinrealities.enjoythistool.com\/#organization\"},\"potentialAction\":[{\"@type\":\"SearchAction\",\"target\":{\"@type\":\"EntryPoint\",\"urlTemplate\":\"https:\/\/berlinrealities.enjoythistool.com\/?s={search_term_string}\"},\"query-input\":{\"@type\":\"PropertyValueSpecification\",\"valueRequired\":true,\"valueName\":\"search_term_string\"}}],\"inLanguage\":\"en-GB\"},{\"@type\":\"Organization\",\"@id\":\"https:\/\/berlinrealities.enjoythistool.com\/#organization\",\"name\":\"Berlin Realities GmbH\",\"url\":\"https:\/\/berlinrealities.enjoythistool.com\/\",\"logo\":{\"@type\":\"ImageObject\",\"inLanguage\":\"en-GB\",\"@id\":\"https:\/\/berlinrealities.enjoythistool.com\/#\/schema\/logo\/image\/\",\"url\":\"https:\/\/berlinrealities.enjoythistool.com\/wp-content\/uploads\/2020\/08\/BerlinRealities-Logo.svg\",\"contentUrl\":\"https:\/\/berlinrealities.enjoythistool.com\/wp-content\/uploads\/2020\/08\/BerlinRealities-Logo.svg\",\"width\":\"1024\",\"height\":\"1024\",\"caption\":\"Berlin Realities GmbH\"},\"image\":{\"@id\":\"https:\/\/berlinrealities.enjoythistool.com\/#\/schema\/logo\/image\/\"}}]}<\/script>\n<!-- \/ Yoast SEO plugin. -->","yoast_head_json":{"title":"Agil arbeiten, Ambiguit\u00e4t aushalten &#8211; Berlin Realities","description":"Sowohl als auch anstatt entweder oder. Wer agil arbeiten m\u00f6chte muss Mehrdeutigkeit und Unsicherheit ertragen k\u00f6nnen.","robots":{"index":"index","follow":"follow","max-snippet":"max-snippet:-1","max-image-preview":"max-image-preview:large","max-video-preview":"max-video-preview:-1"},"canonical":"https:\/\/berlinrealities.enjoythistool.com\/en\/agilitaet-ambiguitaet\/","og_locale":"en_GB","og_type":"article","og_title":"Agil arbeiten, Ambiguit\u00e4t aushalten &#8211; Berlin Realities","og_description":"Sowohl als auch anstatt entweder oder. Wer agil arbeiten m\u00f6chte muss Mehrdeutigkeit und Unsicherheit ertragen k\u00f6nnen.","og_url":"https:\/\/berlinrealities.enjoythistool.com\/en\/agilitaet-ambiguitaet\/","og_site_name":"Berlin Realities","article_modified_time":"2023-07-29T08:05:40+00:00","og_image":[{"url":"https:\/\/berlinrealities.enjoythistool.com\/wp-content\/uploads\/2020\/09\/surrealkreis.gif","type":"","width":"","height":""}],"twitter_card":"summary_large_image","schema":{"@context":"https:\/\/schema.org","@graph":[{"@type":"WebPage","@id":"https:\/\/berlinrealities.enjoythistool.com\/agilitaet-ambiguitaet\/","url":"https:\/\/berlinrealities.enjoythistool.com\/agilitaet-ambiguitaet\/","name":"Agil arbeiten, Ambiguit\u00e4t aushalten &#8211; Berlin Realities","isPartOf":{"@id":"https:\/\/berlinrealities.enjoythistool.com\/#website"},"primaryImageOfPage":{"@id":"https:\/\/berlinrealities.enjoythistool.com\/agilitaet-ambiguitaet\/#primaryimage"},"image":{"@id":"https:\/\/berlinrealities.enjoythistool.com\/agilitaet-ambiguitaet\/#primaryimage"},"thumbnailUrl":"https:\/\/berlinrealities.enjoythistool.com\/wp-content\/uploads\/2020\/09\/surrealkreis.gif","datePublished":"2021-07-25T14:25:56+00:00","dateModified":"2023-07-29T08:05:40+00:00","description":"Sowohl als auch anstatt entweder oder. Wer agil arbeiten m\u00f6chte muss Mehrdeutigkeit und Unsicherheit ertragen k\u00f6nnen.","breadcrumb":{"@id":"https:\/\/berlinrealities.enjoythistool.com\/agilitaet-ambiguitaet\/#breadcrumb"},"inLanguage":"en-GB","potentialAction":[{"@type":"ReadAction","target":["https:\/\/berlinrealities.enjoythistool.com\/agilitaet-ambiguitaet\/"]}]},{"@type":"ImageObject","inLanguage":"en-GB","@id":"https:\/\/berlinrealities.enjoythistool.com\/agilitaet-ambiguitaet\/#primaryimage","url":"https:\/\/berlinrealities.enjoythistool.com\/wp-content\/uploads\/2020\/09\/surrealkreis.gif","contentUrl":"https:\/\/berlinrealities.enjoythistool.com\/wp-content\/uploads\/2020\/09\/surrealkreis.gif"},{"@type":"BreadcrumbList","@id":"https:\/\/berlinrealities.enjoythistool.com\/agilitaet-ambiguitaet\/#breadcrumb","itemListElement":[{"@type":"ListItem","position":1,"name":"Startseite","item":"https:\/\/berlinrealities.enjoythistool.com\/"},{"@type":"ListItem","position":2,"name":"Agil arbeiten, Ambiguit\u00e4t aushalten"}]},{"@type":"WebSite","@id":"https:\/\/berlinrealities.enjoythistool.com\/#website","url":"https:\/\/berlinrealities.enjoythistool.com\/","name":"Berlin Realities","description":"XR, Kommunikation, Design","publisher":{"@id":"https:\/\/berlinrealities.enjoythistool.com\/#organization"},"potentialAction":[{"@type":"SearchAction","target":{"@type":"EntryPoint","urlTemplate":"https:\/\/berlinrealities.enjoythistool.com\/?s={search_term_string}"},"query-input":{"@type":"PropertyValueSpecification","valueRequired":true,"valueName":"search_term_string"}}],"inLanguage":"en-GB"},{"@type":"Organization","@id":"https:\/\/berlinrealities.enjoythistool.com\/#organization","name":"Berlin Realities GmbH","url":"https:\/\/berlinrealities.enjoythistool.com\/","logo":{"@type":"ImageObject","inLanguage":"en-GB","@id":"https:\/\/berlinrealities.enjoythistool.com\/#\/schema\/logo\/image\/","url":"https:\/\/berlinrealities.enjoythistool.com\/wp-content\/uploads\/2020\/08\/BerlinRealities-Logo.svg","contentUrl":"https:\/\/berlinrealities.enjoythistool.com\/wp-content\/uploads\/2020\/08\/BerlinRealities-Logo.svg","width":"1024","height":"1024","caption":"Berlin Realities GmbH"},"image":{"@id":"https:\/\/berlinrealities.enjoythistool.com\/#\/schema\/logo\/image\/"}}]}},"builder_content":"<h1 style=\"text-align: left;\">Agil arbeiten, Ambiguit\u00e4t aushalten, sozialpsychologisches Wissen aneignen<\/h1>\n<img src=\"https:\/\/berlinrealities.enjoythistool.com\/wp-content\/uploads\/2023\/07\/surrealkreis.gif\" title=\"surrealkreis\" alt=\"surrealkreis\">\n<p><strong>Ambiguit\u00e4tstoleranz<\/strong> (v. lat. ambiguitas \u201eMehrdeutigkeit\u201c, \u201eDoppelsinn\u201c und tolerare \u201eerdulden\u201c, \u201eertragen\u201c), teilweise auch als Unsicherheits- oder Ungewissheitstoleranz bezeichnet, ist die F\u00e4higkeit, mehrdeutige Situationen und widerspr\u00fcchliche Handlungsweisen zu ertragen.<\/p> <p>Sowohl als auch anstatt entweder oder. Wer agil arbeiten m\u00f6chte muss Mehrdeutigkeit und Unsicherheit ertragen k\u00f6nnen.\u00a0 So ist die bekannteste agile Arbeitsmethode Scrum von Widerspr\u00fcchen gepr\u00e4gt. Einerseits ist sie unermesslich streng und gleichzeitig unbegrenzt frei.<\/p> <p>Die Ambiguit\u00e4tstoleranz wird h\u00e4ufig als einer der bedeutenden \"Future-Skills\" bezeichnet. Dem stimmen wir zu und erg\u00e4nzen, dass sie eine der bedeutenden F\u00e4higkeiten aus dem Repertoire der Sozialpsychologie ist.\u00a0<\/p> <p><strong>Zwei Grunds\u00e4tze der Sozialpsychologie sind:<\/strong><sup id=\"cite_ref-1\"><\/sup><\/p> <ol> <li>Menschen konstruieren ihre eigene Realit\u00e4t.<\/li> <li>Das Erleben und Verhalten wird von sozialen Beziehungen beeinflusst.<\/li> <\/ol> <p><strong>Themen sind beispielsweise:<\/strong><\/p> <ul> <li>Selbsterf\u00fcllende Prophezeiung<\/li> <li>Intrinsische und extrinsische Motivation<\/li> <li>Gruppendenken<\/li> <li>Projektion<\/li> <li>Schn\u00e4ppchenjagd und Kaufrausch<\/li> <li>Diskriminierung<\/li> <li>Untreue<\/li> <li>Prokrastination<\/li> <li>Bauchentscheidungen<\/li> <li>Individualismus und Kollektivismus<\/li> <li>Selbst\u00fcbersch\u00e4tzung<\/li> <li>Fundamentaler Attributionsfehler<\/li> <li>Rosenthal-Effekt<\/li> <\/ul> <p>Wissen in der Sozialpsychologie ist f\u00fcr agiles Arbeiten und gelingende Team-Arbeit unerl\u00e4sslich.\u00a0<\/p> <p>Wir bieten Trainings zu Agilem Arbeiten, New Work und der Ber\u00fccksichtigung der Sozialpsychologie in der Arbeitswelt.<\/p>\n<a href=\"https:\/\/berlinrealities.enjoythistool.com\/kommunikationstrainings\"> <em><svg aria-hidden=\"true\"><use href=\"#tf-ti-arrow-right\"><\/use><\/svg><\/em> Kommunikationstrainings <\/a>\n<a href=\"https:\/\/berlinrealities.enjoythistool.com\/protagonisten-antagonisten\"> <em><svg aria-hidden=\"true\"><use href=\"#tf-ti-arrow-right\"><\/use><\/svg><\/em> Protanonisten und Antagonisten zusammenbringen <\/a>\n<a href=\"https:\/\/berlinrealities.enjoythistool.com\/barrieren-ueberwinden\/\"> <em><svg aria-hidden=\"true\"><use href=\"#tf-ti-arrow-right\"><\/use><\/svg><\/em> Barrieren \u00fcberwinden, Profi werden, Projekte erfolgreich abschlie\u00dfen <\/a>\n<a href=\"https:\/\/berlinrealities.enjoythistool.com\/agilitaet-ambiguitaet\"> <em><svg aria-hidden=\"true\"><use href=\"#tf-ti-arrow-right\"><\/use><\/svg><\/em> Agil arbeiten, Ambiguit\u00e4t aushalten, sozialpsychologisches Wissen aneignen <\/a>\n<a href=\"https:\/\/berlinrealities.enjoythistool.com\/ich-entwicklung-foerdern\"> <em><svg aria-hidden=\"true\"><use href=\"#tf-ti-arrow-right\"><\/use><\/svg><\/em> Ich-Entwicklung f\u00f6rdern <\/a>","_links":{"self":[{"href":"https:\/\/berlinrealities.enjoythistool.com\/en\/wp-json\/wp\/v2\/pages\/1501","targetHints":{"allow":["GET"]}}],"collection":[{"href":"https:\/\/berlinrealities.enjoythistool.com\/en\/wp-json\/wp\/v2\/pages"}],"about":[{"href":"https:\/\/berlinrealities.enjoythistool.com\/en\/wp-json\/wp\/v2\/types\/page"}],"author":[{"embeddable":true,"href":"https:\/\/berlinrealities.enjoythistool.com\/en\/wp-json\/wp\/v2\/users\/1"}],"replies":[{"embeddable":true,"href":"https:\/\/berlinrealities.enjoythistool.com\/en\/wp-json\/wp\/v2\/comments?post=1501"}],"version-history":[{"count":33,"href":"https:\/\/berlinrealities.enjoythistool.com\/en\/wp-json\/wp\/v2\/pages\/1501\/revisions"}],"predecessor-version":[{"id":3889,"href":"https:\/\/berlinrealities.enjoythistool.com\/en\/wp-json\/wp\/v2\/pages\/1501\/revisions\/3889"}],"wp:attachment":[{"href":"https:\/\/berlinrealities.enjoythistool.com\/en\/wp-json\/wp\/v2\/media?parent=1501"}],"curies":[{"name":"wp","href":"https:\/\/api.w.org\/{rel}","templated":true}]}}