{"id":1740,"date":"2021-07-31T10:13:31","date_gmt":"2021-07-31T08:13:31","guid":{"rendered":"https:\/\/berlinrealities.com\/?page_id=1740"},"modified":"2022-12-19T22:55:43","modified_gmt":"2022-12-19T21:55:43","slug":"einfachheit","status":"publish","type":"page","link":"https:\/\/berlinrealities.enjoythistool.com\/en\/einfachheit\/","title":{"rendered":"Usability versus complexity"},"content":{"rendered":"<!--themify_builder_content-->\n<div id=\"themify_builder_content-1740\" data-postid=\"1740\" class=\"themify_builder_content themify_builder_content-1740 themify_builder tf_clear\">\n                    <div  data-lazy=\"1\" class=\"module_row themify_builder_row tb_j6u8500 tb_first tf_w\">\n                        <div class=\"row_inner col_align_top tb_col_count_1 tf_box tf_rel\">\n                        <div  data-lazy=\"1\" class=\"module_column tb-column col-full tb_j3jy501 first\">\n                            <div  data-lazy=\"1\" class=\"module_subrow themify_builder_sub_row tf_w col_align_top tb_col_count_3 tb_xc81502\">\n                <div  data-lazy=\"1\" class=\"module_column sub_column col3-1 tb_cvk2502 first\">\n                            <\/div>\n                    <div  data-lazy=\"1\" class=\"module_column sub_column col3-1 tb_2qsg503\">\n                    <!-- module text -->\n<div  class=\"module module-text tb_4aty533\" data-lazy=\"1\">\n        <div  class=\"tb_text_wrap\">\n        <h1 style=\"text-align: left;\"><strong>Plea for simplicity<\/strong><\/h1>    <\/div>\n<\/div>\n<!-- \/module text --><!-- module image -->\n<div  class=\"module module-image tb_apc7761 image-top   auto_fullwidth tf_mw\" data-lazy=\"1\">\n        <div class=\"image-wrap tf_rel tf_mw\">\n            <img loading=\"lazy\" decoding=\"async\" width=\"1509\" height=\"1600\" src=\"https:\/\/berlinrealities.enjoythistool.com\/wp-content\/uploads\/2021\/07\/user-experience.png\" class=\"wp-post-image wp-image-1744\" title=\"user experience\" alt=\"user-experience\" srcset=\"https:\/\/berlinrealities.enjoythistool.com\/wp-content\/uploads\/2021\/07\/user-experience.png 1509w, https:\/\/berlinrealities.enjoythistool.com\/wp-content\/uploads\/2021\/07\/user-experience-283x300.png 283w, https:\/\/berlinrealities.enjoythistool.com\/wp-content\/uploads\/2021\/07\/user-experience-966x1024.png 966w, https:\/\/berlinrealities.enjoythistool.com\/wp-content\/uploads\/2021\/07\/user-experience-768x814.png 768w, https:\/\/berlinrealities.enjoythistool.com\/wp-content\/uploads\/2021\/07\/user-experience-1449x1536.png 1449w\" sizes=\"auto, (max-width: 1509px) 100vw, 1509px\" \/>    \n        <\/div>\n    <!-- \/image-wrap -->\n    \n        <\/div>\n<!-- \/module image --><!-- module text -->\n<div  class=\"module module-text tb_1dqw503\" data-lazy=\"1\">\n        <div  class=\"tb_text_wrap\">\n        <p>Briefing: It should be easy to use (easy as pie) but take everything into account (and easily integrate new things in the future).<\/p>\n<p>Unfortunately, even the best designers cannot hide the fact that a flexible and complex application cannot be easy to use per se.<\/p>\n<p>We don&#039;t know anyone - including ourselves - who doesn&#039;t constantly think: &quot;It should also be able to do that.&quot; and &quot;We should also integrate that.&quot;<\/p>\n<p>For us, the urge for minimalism is a constant reminder. The KISS principle (keep is short and simple) is a reminder to strive for the simplest possible solution to a task.<\/p>\n<p>As is so often the case, ancient equivalents can be found for modern marketing slogans if they are meaningful.<\/p>\n<p>The German philosopher Johannes Clauberg wrote in 1654: \u201c<span lang=\"la\">Entia non sunt multiplicanda praeter necessitatem.\u201d <\/span>German: &quot;<strong>Entities must not be multiplied beyond what is necessary.<\/strong>&#8222;<\/p>    <\/div>\n<\/div>\n<!-- \/module text --><!-- module image -->\n<div  class=\"module module-image tb_l7qi912 image-top   tf_mw\" data-lazy=\"1\">\n        <div class=\"image-wrap tf_rel tf_mw\">\n            <img loading=\"lazy\" decoding=\"async\" width=\"1060\" height=\"1513\" src=\"https:\/\/berlinrealities.enjoythistool.com\/wp-content\/uploads\/2021\/07\/Johann_Clauberg.jpg\" class=\"wp-post-image wp-image-1776\" title=\"Johann_Clauberg\" alt=\"Johann_Clauberg\" srcset=\"https:\/\/berlinrealities.enjoythistool.com\/wp-content\/uploads\/2021\/07\/Johann_Clauberg.jpg 1060w, https:\/\/berlinrealities.enjoythistool.com\/wp-content\/uploads\/2021\/07\/Johann_Clauberg-210x300.jpg 210w, https:\/\/berlinrealities.enjoythistool.com\/wp-content\/uploads\/2021\/07\/Johann_Clauberg-717x1024.jpg 717w, https:\/\/berlinrealities.enjoythistool.com\/wp-content\/uploads\/2021\/07\/Johann_Clauberg-768x1096.jpg 768w\" sizes=\"auto, (max-width: 1060px) 100vw, 1060px\" \/>    \n        <\/div>\n    <!-- \/image-wrap -->\n    \n        <\/div>\n<!-- \/module image --><!-- module text -->\n<div  class=\"module module-text tb_pmqp474\" data-lazy=\"1\">\n        <div  class=\"tb_text_wrap\">\n        <h2>Many small tools versus the jack of all trades<\/h2>    <\/div>\n<\/div>\n<!-- \/module text --><!-- module text -->\n<div  class=\"module module-text tb_wlbr981\" data-lazy=\"1\">\n        <div  class=\"tb_text_wrap\">\n        <p>In modern software development, the principle of a complex tool chain can increasingly be observed. There are many small specialized applications for specific tasks. Disruption also in software products. If a concept is outdated, the small building block can simply be replaced. The complex toolchain remains flexible and less obsolete. The condition and guarantee of success are the so-called connectors. The secure and simple exchange of data between all blocks must be guaranteed.<\/p>\n<p>Like no other, Microsoft follows this principle with its &quot;Microsoft Power Platform&quot;. The various components serve specific purposes and can be combined with each other to form larger business applications.<\/p>\n<p>It is likely that this trend will become more widespread. Even in classic, large software packages, we observe that the core of the software is changed less and innovations are integrated with plugins and optional packages.<\/p>    <\/div>\n<\/div>\n<!-- \/module text -->        <\/div>\n                    <div  data-lazy=\"1\" class=\"module_column sub_column col3-1 tb_qzms504 last\">\n                            <\/div>\n                    <\/div>\n                <\/div>\n                        <\/div>\n        <\/div>\n        <\/div>\n<!--\/themify_builder_content-->","protected":false},"excerpt":{"rendered":"<p>Plea for simplicity Briefing: It should be easy to use (easy as pie), but take everything into account (and new things should be easy to integrate in the future). Unfortunately, even the best designers cannot hide the fact that a flexible and complex application cannot be inherently easy to use. We don\u2019t know anyone \u2013 including ourselves [\u2026]<\/p>","protected":false},"author":1,"featured_media":0,"parent":0,"menu_order":0,"comment_status":"closed","ping_status":"closed","template":"","meta":{"inline_featured_image":false,"footnotes":""},"class_list":["post-1740","page","type-page","status-publish","hentry","has-post-title","has-post-date","has-post-category","has-post-tag","has-post-comment","has-post-author",""],"yoast_head":"<!-- This site is optimized with the Yoast SEO plugin v24.2 - https:\/\/yoast.com\/wordpress\/plugins\/seo\/ -->\n<title>Bedienbarkeit versus Komplexit\u00e4t &#8211; Berlin Realities<\/title>\n<meta name=\"description\" content=\"Kommunikation \u2013 von Mensch zu Mensch und von Maschine zu Mensch; Wandel und Fortschritt durch Kommunikationskultur f\u00f6rdern\" \/>\n<meta name=\"robots\" content=\"index, follow, max-snippet:-1, max-image-preview:large, max-video-preview:-1\" \/>\n<link rel=\"canonical\" href=\"https:\/\/berlinrealities.enjoythistool.com\/en\/einfachheit\/\" \/>\n<meta property=\"og:locale\" content=\"en_GB\" \/>\n<meta property=\"og:type\" content=\"article\" \/>\n<meta property=\"og:title\" content=\"Bedienbarkeit versus Komplexit\u00e4t &#8211; Berlin Realities\" \/>\n<meta property=\"og:description\" content=\"Kommunikation \u2013 von Mensch zu Mensch und von Maschine zu Mensch; Wandel und Fortschritt durch Kommunikationskultur f\u00f6rdern\" \/>\n<meta property=\"og:url\" content=\"https:\/\/berlinrealities.enjoythistool.com\/en\/einfachheit\/\" \/>\n<meta property=\"og:site_name\" content=\"Berlin Realities\" \/>\n<meta property=\"article:modified_time\" content=\"2022-12-19T21:55:43+00:00\" \/>\n<meta property=\"og:image\" content=\"https:\/\/berlinrealities.enjoythistool.com\/wp-content\/uploads\/2021\/07\/user-experience.png\" \/>\n<meta name=\"twitter:card\" content=\"summary_large_image\" \/>\n<script type=\"application\/ld+json\" class=\"yoast-schema-graph\">{\"@context\":\"https:\/\/schema.org\",\"@graph\":[{\"@type\":\"WebPage\",\"@id\":\"https:\/\/berlinrealities.enjoythistool.com\/einfachheit\/\",\"url\":\"https:\/\/berlinrealities.enjoythistool.com\/einfachheit\/\",\"name\":\"Bedienbarkeit versus Komplexit\u00e4t &#8211; Berlin Realities\",\"isPartOf\":{\"@id\":\"https:\/\/berlinrealities.enjoythistool.com\/#website\"},\"primaryImageOfPage\":{\"@id\":\"https:\/\/berlinrealities.enjoythistool.com\/einfachheit\/#primaryimage\"},\"image\":{\"@id\":\"https:\/\/berlinrealities.enjoythistool.com\/einfachheit\/#primaryimage\"},\"thumbnailUrl\":\"https:\/\/berlinrealities.enjoythistool.com\/wp-content\/uploads\/2021\/07\/user-experience.png\",\"datePublished\":\"2021-07-31T08:13:31+00:00\",\"dateModified\":\"2022-12-19T21:55:43+00:00\",\"description\":\"Kommunikation \u2013 von Mensch zu Mensch und von Maschine zu Mensch; Wandel und Fortschritt durch Kommunikationskultur f\u00f6rdern\",\"breadcrumb\":{\"@id\":\"https:\/\/berlinrealities.enjoythistool.com\/einfachheit\/#breadcrumb\"},\"inLanguage\":\"en-GB\",\"potentialAction\":[{\"@type\":\"ReadAction\",\"target\":[\"https:\/\/berlinrealities.enjoythistool.com\/einfachheit\/\"]}]},{\"@type\":\"ImageObject\",\"inLanguage\":\"en-GB\",\"@id\":\"https:\/\/berlinrealities.enjoythistool.com\/einfachheit\/#primaryimage\",\"url\":\"https:\/\/berlinrealities.enjoythistool.com\/wp-content\/uploads\/2021\/07\/user-experience.png\",\"contentUrl\":\"https:\/\/berlinrealities.enjoythistool.com\/wp-content\/uploads\/2021\/07\/user-experience.png\"},{\"@type\":\"BreadcrumbList\",\"@id\":\"https:\/\/berlinrealities.enjoythistool.com\/einfachheit\/#breadcrumb\",\"itemListElement\":[{\"@type\":\"ListItem\",\"position\":1,\"name\":\"Startseite\",\"item\":\"https:\/\/berlinrealities.enjoythistool.com\/\"},{\"@type\":\"ListItem\",\"position\":2,\"name\":\"Bedienbarkeit versus Komplexit\u00e4t\"}]},{\"@type\":\"WebSite\",\"@id\":\"https:\/\/berlinrealities.enjoythistool.com\/#website\",\"url\":\"https:\/\/berlinrealities.enjoythistool.com\/\",\"name\":\"Berlin Realities\",\"description\":\"XR, Kommunikation, Design\",\"publisher\":{\"@id\":\"https:\/\/berlinrealities.enjoythistool.com\/#organization\"},\"potentialAction\":[{\"@type\":\"SearchAction\",\"target\":{\"@type\":\"EntryPoint\",\"urlTemplate\":\"https:\/\/berlinrealities.enjoythistool.com\/?s={search_term_string}\"},\"query-input\":{\"@type\":\"PropertyValueSpecification\",\"valueRequired\":true,\"valueName\":\"search_term_string\"}}],\"inLanguage\":\"en-GB\"},{\"@type\":\"Organization\",\"@id\":\"https:\/\/berlinrealities.enjoythistool.com\/#organization\",\"name\":\"Berlin Realities GmbH\",\"url\":\"https:\/\/berlinrealities.enjoythistool.com\/\",\"logo\":{\"@type\":\"ImageObject\",\"inLanguage\":\"en-GB\",\"@id\":\"https:\/\/berlinrealities.enjoythistool.com\/#\/schema\/logo\/image\/\",\"url\":\"https:\/\/berlinrealities.enjoythistool.com\/wp-content\/uploads\/2020\/08\/BerlinRealities-Logo.svg\",\"contentUrl\":\"https:\/\/berlinrealities.enjoythistool.com\/wp-content\/uploads\/2020\/08\/BerlinRealities-Logo.svg\",\"width\":\"1024\",\"height\":\"1024\",\"caption\":\"Berlin Realities GmbH\"},\"image\":{\"@id\":\"https:\/\/berlinrealities.enjoythistool.com\/#\/schema\/logo\/image\/\"}}]}<\/script>\n<!-- \/ Yoast SEO plugin. -->","yoast_head_json":{"title":"Bedienbarkeit versus Komplexit\u00e4t &#8211; Berlin Realities","description":"Kommunikation \u2013 von Mensch zu Mensch und von Maschine zu Mensch; Wandel und Fortschritt durch Kommunikationskultur f\u00f6rdern","robots":{"index":"index","follow":"follow","max-snippet":"max-snippet:-1","max-image-preview":"max-image-preview:large","max-video-preview":"max-video-preview:-1"},"canonical":"https:\/\/berlinrealities.enjoythistool.com\/en\/einfachheit\/","og_locale":"en_GB","og_type":"article","og_title":"Bedienbarkeit versus Komplexit\u00e4t &#8211; Berlin Realities","og_description":"Kommunikation \u2013 von Mensch zu Mensch und von Maschine zu Mensch; Wandel und Fortschritt durch Kommunikationskultur f\u00f6rdern","og_url":"https:\/\/berlinrealities.enjoythistool.com\/en\/einfachheit\/","og_site_name":"Berlin Realities","article_modified_time":"2022-12-19T21:55:43+00:00","og_image":[{"url":"https:\/\/berlinrealities.enjoythistool.com\/wp-content\/uploads\/2021\/07\/user-experience.png","type":"","width":"","height":""}],"twitter_card":"summary_large_image","schema":{"@context":"https:\/\/schema.org","@graph":[{"@type":"WebPage","@id":"https:\/\/berlinrealities.enjoythistool.com\/einfachheit\/","url":"https:\/\/berlinrealities.enjoythistool.com\/einfachheit\/","name":"Bedienbarkeit versus Komplexit\u00e4t &#8211; Berlin Realities","isPartOf":{"@id":"https:\/\/berlinrealities.enjoythistool.com\/#website"},"primaryImageOfPage":{"@id":"https:\/\/berlinrealities.enjoythistool.com\/einfachheit\/#primaryimage"},"image":{"@id":"https:\/\/berlinrealities.enjoythistool.com\/einfachheit\/#primaryimage"},"thumbnailUrl":"https:\/\/berlinrealities.enjoythistool.com\/wp-content\/uploads\/2021\/07\/user-experience.png","datePublished":"2021-07-31T08:13:31+00:00","dateModified":"2022-12-19T21:55:43+00:00","description":"Kommunikation \u2013 von Mensch zu Mensch und von Maschine zu Mensch; Wandel und Fortschritt durch Kommunikationskultur f\u00f6rdern","breadcrumb":{"@id":"https:\/\/berlinrealities.enjoythistool.com\/einfachheit\/#breadcrumb"},"inLanguage":"en-GB","potentialAction":[{"@type":"ReadAction","target":["https:\/\/berlinrealities.enjoythistool.com\/einfachheit\/"]}]},{"@type":"ImageObject","inLanguage":"en-GB","@id":"https:\/\/berlinrealities.enjoythistool.com\/einfachheit\/#primaryimage","url":"https:\/\/berlinrealities.enjoythistool.com\/wp-content\/uploads\/2021\/07\/user-experience.png","contentUrl":"https:\/\/berlinrealities.enjoythistool.com\/wp-content\/uploads\/2021\/07\/user-experience.png"},{"@type":"BreadcrumbList","@id":"https:\/\/berlinrealities.enjoythistool.com\/einfachheit\/#breadcrumb","itemListElement":[{"@type":"ListItem","position":1,"name":"Startseite","item":"https:\/\/berlinrealities.enjoythistool.com\/"},{"@type":"ListItem","position":2,"name":"Bedienbarkeit versus Komplexit\u00e4t"}]},{"@type":"WebSite","@id":"https:\/\/berlinrealities.enjoythistool.com\/#website","url":"https:\/\/berlinrealities.enjoythistool.com\/","name":"Berlin Realities","description":"XR, Kommunikation, Design","publisher":{"@id":"https:\/\/berlinrealities.enjoythistool.com\/#organization"},"potentialAction":[{"@type":"SearchAction","target":{"@type":"EntryPoint","urlTemplate":"https:\/\/berlinrealities.enjoythistool.com\/?s={search_term_string}"},"query-input":{"@type":"PropertyValueSpecification","valueRequired":true,"valueName":"search_term_string"}}],"inLanguage":"en-GB"},{"@type":"Organization","@id":"https:\/\/berlinrealities.enjoythistool.com\/#organization","name":"Berlin Realities GmbH","url":"https:\/\/berlinrealities.enjoythistool.com\/","logo":{"@type":"ImageObject","inLanguage":"en-GB","@id":"https:\/\/berlinrealities.enjoythistool.com\/#\/schema\/logo\/image\/","url":"https:\/\/berlinrealities.enjoythistool.com\/wp-content\/uploads\/2020\/08\/BerlinRealities-Logo.svg","contentUrl":"https:\/\/berlinrealities.enjoythistool.com\/wp-content\/uploads\/2020\/08\/BerlinRealities-Logo.svg","width":"1024","height":"1024","caption":"Berlin Realities GmbH"},"image":{"@id":"https:\/\/berlinrealities.enjoythistool.com\/#\/schema\/logo\/image\/"}}]}},"builder_content":"<h1 style=\"text-align: left;\"><strong>Pl\u00e4doyer f\u00fcr Einfachheit<\/strong><\/h1>\n<img src=\"https:\/\/berlinrealities.enjoythistool.com\/wp-content\/uploads\/2021\/07\/user-experience.png\" title=\"user-experience\" alt=\"user-experience\" srcset=\"https:\/\/berlinrealities.enjoythistool.com\/wp-content\/uploads\/2021\/07\/user-experience.png 1509w, https:\/\/berlinrealities.enjoythistool.com\/wp-content\/uploads\/2021\/07\/user-experience-283x300.png 283w, https:\/\/berlinrealities.enjoythistool.com\/wp-content\/uploads\/2021\/07\/user-experience-966x1024.png 966w, https:\/\/berlinrealities.enjoythistool.com\/wp-content\/uploads\/2021\/07\/user-experience-768x814.png 768w, https:\/\/berlinrealities.enjoythistool.com\/wp-content\/uploads\/2021\/07\/user-experience-1449x1536.png 1449w\" sizes=\"(max-width: 1509px) 100vw, 1509px\" \/>\n<p>Briefing: Es soll einfach zu bedienen sein (kinderleicht), aber alles ber\u00fccksichtigen (und neue Dinge sollen in Zukunft einfach integriert werden k\u00f6nnen).<\/p> <p>Leider k\u00f6nnen auch die besten Designer nicht \u00fcber die Tatsache hinwegt\u00e4uschen, dass eine flexible und komplexe Anwendung per se nicht einfach zu bedienen sein kann.<\/p> <p>Wir kennen niemanden \u2013 uns eingeschlossen \u2013 der nicht st\u00e4ndig denkt: \"Das soll es auch noch k\u00f6nnen.\" und \"Das sollten wir auch noch integrieren.\"<\/p> <p>Als stetige Mahnung gilt f\u00fcr uns der Drang nach Minimalismus. Das KISS-Prinzip (Keep ist short and simple) erinnert daran, f\u00fcr eine Aufgabe eine m\u00f6glichst einfache L\u00f6sung anzustreben.<\/p> <p>Wie so oft lassen sich f\u00fcr moderne Marketingspr\u00fcche uralte Equivaltente finden, wenn sie Bedeutung haben.<\/p> <p>Der deutsche Philosophen Johannes Clauberg schrieb 1654: \u201cEntia non sunt multiplicanda praeter necessitatem.\" zu deutsch: \u201e<strong>Wesenheiten d\u00fcrfen nicht \u00fcber das Notwendige hinaus vermehrt werden.<\/strong>\"<\/p>\n<img src=\"https:\/\/berlinrealities.enjoythistool.com\/wp-content\/uploads\/2021\/07\/Johann_Clauberg.jpg\" title=\"Johann_Clauberg\" alt=\"Johann_Clauberg\" srcset=\"https:\/\/berlinrealities.enjoythistool.com\/wp-content\/uploads\/2021\/07\/Johann_Clauberg.jpg 1060w, https:\/\/berlinrealities.enjoythistool.com\/wp-content\/uploads\/2021\/07\/Johann_Clauberg-210x300.jpg 210w, https:\/\/berlinrealities.enjoythistool.com\/wp-content\/uploads\/2021\/07\/Johann_Clauberg-717x1024.jpg 717w, https:\/\/berlinrealities.enjoythistool.com\/wp-content\/uploads\/2021\/07\/Johann_Clauberg-768x1096.jpg 768w\" sizes=\"(max-width: 1060px) 100vw, 1060px\" \/>\n<h2>Viele kleine Tools versus die Eierlegende Wollmilchsau<\/h2>\n<p>In der modernen Software-Entwicklung ist vermehrt das Prinzip einer komplexen Toolchain zu beobachten. Es gibt viele kleine spezialisierte Anwendungen, f\u00fcr bestimmte Aufgaben. Disruption auch bei Software-Produkten. Ist ein Konzept veraltet, kann der kleine Baustein einfach ausgewechselt werden. Die komplexe Toolchain bleibt flexibel und veraltet weniger. Bedingung und Erfolgsgarant sind die sogenannten Konnektoren. Der sichere und einfache Datenaustausch zwischen allen Bausteinen muss gew\u00e4hrleistet sein.<\/p> <p>Wie kein anderer verfolgt dieses Prinzip Microsoft mit seiner \u201eMicrosoft Power Platform\u201c. Die verschiedenen Bestandteile erf\u00fcllen spezifische Zwecke und k\u00f6nnen miteinander zu gr\u00f6\u00dferen Gesch\u00e4ftsanwendungen kombiniert werden.<\/p> <p>Es ist wahrscheinlich, dass sich dieser Trend vermehrt durchsetzt. Auch in klassischen, gro\u00dfen Softwarepaketen beobachten wir, dass der Kern der Software weniger ver\u00e4ndert wird und Neuerungen mit Plugins und optionalen Paketen integriert werden.<\/p>","_links":{"self":[{"href":"https:\/\/berlinrealities.enjoythistool.com\/en\/wp-json\/wp\/v2\/pages\/1740","targetHints":{"allow":["GET"]}}],"collection":[{"href":"https:\/\/berlinrealities.enjoythistool.com\/en\/wp-json\/wp\/v2\/pages"}],"about":[{"href":"https:\/\/berlinrealities.enjoythistool.com\/en\/wp-json\/wp\/v2\/types\/page"}],"author":[{"embeddable":true,"href":"https:\/\/berlinrealities.enjoythistool.com\/en\/wp-json\/wp\/v2\/users\/1"}],"replies":[{"embeddable":true,"href":"https:\/\/berlinrealities.enjoythistool.com\/en\/wp-json\/wp\/v2\/comments?post=1740"}],"version-history":[{"count":57,"href":"https:\/\/berlinrealities.enjoythistool.com\/en\/wp-json\/wp\/v2\/pages\/1740\/revisions"}],"predecessor-version":[{"id":2346,"href":"https:\/\/berlinrealities.enjoythistool.com\/en\/wp-json\/wp\/v2\/pages\/1740\/revisions\/2346"}],"wp:attachment":[{"href":"https:\/\/berlinrealities.enjoythistool.com\/en\/wp-json\/wp\/v2\/media?parent=1740"}],"curies":[{"name":"wp","href":"https:\/\/api.w.org\/{rel}","templated":true}]}}