{"id":2568,"date":"2023-01-28T13:13:35","date_gmt":"2023-01-28T12:13:35","guid":{"rendered":"https:\/\/berlinrealities.com\/?page_id=2568"},"modified":"2023-07-10T17:28:43","modified_gmt":"2023-07-10T15:28:43","slug":"01-ki-openai-chatgpt","status":"publish","type":"page","link":"https:\/\/berlinrealities.enjoythistool.com\/en\/denksyndikat\/01-ki-openai-chatgpt\/","title":{"rendered":"01 AI OpenAI ChatGPT"},"content":{"rendered":"<!--themify_builder_content-->\n<div id=\"themify_builder_content-2568\" data-postid=\"2568\" class=\"themify_builder_content themify_builder_content-2568 themify_builder tf_clear\">\n                    <div  data-css_id=\"r91v103\" data-lazy=\"1\" class=\"module_row themify_builder_row fullwidth tb_r91v103 tb_first tf_w\">\n                        <div class=\"row_inner col_align_top tb_col_count_1 tf_box tf_rel\">\n                        <div  data-lazy=\"1\" class=\"module_column tb-column col-full tb_yexf104 first\">\n                    <!-- module image -->\n<div  class=\"module module-image tb_hpv0650 image-center   auto_fullwidth tf_mw\" data-lazy=\"1\">\n        <div class=\"image-wrap tf_rel tf_mw\">\n            <a href=\"https:\/\/berlinrealities.enjoythistool.com\/en\/denksyndikat\/\">\n                   <img loading=\"lazy\" decoding=\"async\" width=\"610\" height=\"98\" src=\"https:\/\/berlinrealities.enjoythistool.com\/wp-content\/uploads\/2022\/12\/denksyndikattitlegreen.svg\" class=\"wp-post-image wp-image-2206\" title=\"think syndicatetitlegreen\" alt=\"denksyndikattitlegreen\">        <\/a>\n    \n        <\/div>\n    <!-- \/image-wrap -->\n    \n        <\/div>\n<!-- \/module image -->        <\/div>\n                        <\/div>\n        <\/div>\n                        <div  data-lazy=\"1\" class=\"module_row themify_builder_row tb_y1co880 tf_w\">\n                        <div class=\"row_inner col_align_top tb_col_count_1 tf_box tf_rel\">\n                        <div  data-lazy=\"1\" class=\"module_column tb-column col-full tb_vjsg881 first\">\n                    <!-- module text -->\n<div  class=\"module module-text tb_l3f8711\" data-lazy=\"1\">\n        <div  class=\"tb_text_wrap\">\n        <h1>01 \u2013 KI, OpenAI, ChatGPT \u2013 the days after the great astonishment<\/h1>\n<p>Let&#039;s collect:<\/p>\n<p>What statements can we agree on?<\/p>\n<p>What could we discuss controversially?<\/p>\n<p>Where does our imagination end?<\/p>    <\/div>\n<\/div>\n<!-- \/module text -->        <\/div>\n                        <\/div>\n        <\/div>\n                        <div  data-css_id=\"nkif60\" data-lazy=\"1\" class=\"module_row themify_builder_row fullwidth tb_nkif60 tf_w\">\n                        <div class=\"row_inner col_align_top tb_col_count_1 tf_box tf_rel\">\n                        <div  data-lazy=\"1\" class=\"module_column tb-column col-full tb_bf4k61 first\">\n                    <!-- module image -->\n<div  class=\"module module-image tb_s60a63 image-top   auto_fullwidth tf_mw\" data-lazy=\"1\">\n        <div class=\"image-wrap tf_rel tf_mw\">\n            <img loading=\"lazy\" decoding=\"async\" width=\"1920\" height=\"1324\" src=\"https:\/\/berlinrealities.enjoythistool.com\/wp-content\/uploads\/2023\/01\/du-und-openai.jpg\" class=\"wp-post-image wp-image-2577\" title=\"you-and-openai\" alt=\"du-und-openai\" srcset=\"https:\/\/berlinrealities.enjoythistool.com\/wp-content\/uploads\/2023\/01\/du-und-openai.jpg 1920w, https:\/\/berlinrealities.enjoythistool.com\/wp-content\/uploads\/2023\/01\/du-und-openai-300x207.jpg 300w, https:\/\/berlinrealities.enjoythistool.com\/wp-content\/uploads\/2023\/01\/du-und-openai-1024x706.jpg 1024w, https:\/\/berlinrealities.enjoythistool.com\/wp-content\/uploads\/2023\/01\/du-und-openai-768x530.jpg 768w, https:\/\/berlinrealities.enjoythistool.com\/wp-content\/uploads\/2023\/01\/du-und-openai-1536x1059.jpg 1536w\" sizes=\"auto, (max-width: 1920px) 100vw, 1920px\" \/>    \n        <\/div>\n    <!-- \/image-wrap -->\n    \n        <\/div>\n<!-- \/module image -->        <\/div>\n                        <\/div>\n        <\/div>\n                        <div  data-css_id=\"fb6d427\" data-lazy=\"1\" class=\"module_row themify_builder_row fullwidth tb_fb6d427 tf_w\">\n                        <div class=\"row_inner col_align_top tb_col_count_1 tf_box tf_rel\">\n                        <div  data-lazy=\"1\" class=\"module_column tb-column col-full tb_1fh1427 first\">\n                            <\/div>\n                        <\/div>\n        <\/div>\n                        <div  data-lazy=\"1\" class=\"module_row themify_builder_row tb_jvkh173 tf_w\">\n                        <div class=\"row_inner col_align_top tb_col_count_1 tf_box tf_rel\">\n                        <div  data-lazy=\"1\" class=\"module_column tb-column col-full tb_jwe6173 first\">\n                    <!-- module text -->\n<div  class=\"module module-text tb_d0k3174\" data-lazy=\"1\">\n        <div  class=\"tb_text_wrap\">\n        <p><strong>Denksyndikat 01<\/strong><br \/>22.02.2023 <br \/>18:30 Open doors<br \/>19:00 start<br \/>22:00 end<\/p>\n<p>\u00a0<\/p>\n<p><strong>Helpful links to prepare<\/strong><\/p>\n<p><a href=\"https:\/\/youtu.be\/d-RbOVJNtBs?t=0\" target=\"_blank\" rel=\"noopener\">Wednesday Frog Compilation<\/a><\/p>\n<p><a href=\"https:\/\/t3n.de\/news\/chatgpt-openai-sam-altman-cpt-4-1529404\/\" target=\"_blank\" rel=\"noopener\">Expectations ChatGPT 4<\/a><\/p>\n<p><a href=\"https:\/\/de.wikipedia.org\/wiki\/Hype-Zyklus\" target=\"_blank\" rel=\"noopener\">hype cycle<\/a><\/p>\n<p><a href=\"https:\/\/www.google.com\/maps\/place\/Berlin+Realities+GmbH\/@52.4866441,13.3831742,19.06z\/data=!4m5!3m4!1s0x0:0x8191983a881d5568!8m2!3d52.4869378!4d13.3827324\" target=\"_blank\" rel=\"noopener\">Google Maps: Schmiedehof 4<\/a><br \/><br \/><\/p>\n<p><strong>Photo documentary of the evening<\/strong><\/p>\n<p><a href=\"https:\/\/berlinrealities.enjoythistool.com\/en\/denksyndikat\/denksyndikat01\/\">Link to AI protected area<\/a><\/p>\n<p>\u00a0<\/p>\n<p>\u00a0<\/p>    <\/div>\n<\/div>\n<!-- \/module text -->        <\/div>\n                        <\/div>\n        <\/div>\n                        <div  data-anchor=\"fuss2\" data-lazy=\"1\" class=\"module_row themify_builder_row tb_has_section tb_section-fuss2 tb_r8t415 tf_w\">\n                        <div class=\"row_inner col_align_top tb_col_count_1 tf_box tf_rel\">\n                        <div  data-lazy=\"1\" class=\"module_column tb-column col-full tb_mnqo15 first\">\n                    <!-- module text -->\n<div  class=\"module module-text tb_dsee16\" data-lazy=\"1\" id=\"fussnoten-2-2\">\n        <div  class=\"tb_text_wrap\">\n        <p>Denksyndikat<br \/>c\/o Berlin Realities GmbH<br \/>Schmiedehof 4<br \/>10965 Berlin<\/p>\n<p><a href=\"https:\/\/berlinrealities.enjoythistool.com\/en\/\">Home<\/a>\u00a0 \u00a0<a href=\"https:\/\/berlinrealities.enjoythistool.com\/en\/denksyndikat\/\">The Denksyndikat<\/a> \u00a0\u00a0<a href=\"https:\/\/berlinrealities.enjoythistool.com\/en\/impressum\/\">imprint<\/a><\/p>    <\/div>\n<\/div>\n<!-- \/module text -->        <\/div>\n                        <\/div>\n        <\/div>\n                        <div  data-css_id=\"y9ld334\" data-lazy=\"1\" class=\"module_row themify_builder_row fullwidth tb_y9ld334 tf_w\">\n                        <div class=\"row_inner col_align_top tb_col_count_3 tf_box tf_rel\">\n                        <div  data-lazy=\"1\" class=\"module_column tb-column col3-1 tb_xqcc336 first\">\n                            <\/div>\n                    <div  data-lazy=\"1\" class=\"module_column tb-column col3-1 tb_8p2m336\">\n                            <\/div>\n                    <div  data-lazy=\"1\" class=\"module_column tb-column col3-1 tb_tmx6336 last\">\n                            <\/div>\n                        <\/div>\n        <\/div>\n        <\/div>\n<!--\/themify_builder_content-->","protected":false},"excerpt":{"rendered":"<p>01 \u2013 AI, OpenAI, ChatGPT \u2013 the days after the big surprise Let\u2019s gather: What statements can we agree on? What could we discuss controversially? Where does our imagination end? Denksyndikat 0122.02.2023 18:30 Open doors19:00 Start22:00 End Helpful links for preparation Wednesday Frog Compilation Expectations ChatGPT 4 Hype cycle Google Maps: Schmiedehof 4 Photo documentary [\u2026]<\/p>","protected":false},"author":1,"featured_media":0,"parent":2153,"menu_order":0,"comment_status":"closed","ping_status":"closed","template":"","meta":{"inline_featured_image":false,"footnotes":""},"class_list":["post-2568","page","type-page","status-publish","hentry","has-post-title","has-post-date","has-post-category","has-post-tag","has-post-comment","has-post-author",""],"yoast_head":"<!-- This site is optimized with the Yoast SEO plugin v24.2 - https:\/\/yoast.com\/wordpress\/plugins\/seo\/ -->\n<title>01 KI OpenAI ChatGPT &#8211; Berlin Realities<\/title>\n<meta name=\"robots\" content=\"index, follow, max-snippet:-1, max-image-preview:large, max-video-preview:-1\" \/>\n<link rel=\"canonical\" href=\"https:\/\/berlinrealities.enjoythistool.com\/en\/denksyndikat\/01-ki-openai-chatgpt\/\" \/>\n<meta property=\"og:locale\" content=\"en_GB\" \/>\n<meta property=\"og:type\" content=\"article\" \/>\n<meta property=\"og:title\" content=\"01 KI OpenAI ChatGPT &#8211; Berlin Realities\" \/>\n<meta property=\"og:description\" content=\"01 \u2013 KI, OpenAI, ChatGPT \u2013 the days after the gro\u00dfen Erstaunung Lasst uns sammeln: Auf welche Aussagen k\u00f6nnen wir uns einigen? Was k\u00f6nnten wir kontrovers diskutieren? Wo endet unsere Vorstellungskraft? Denksyndikat 0122.02.2023 18:30 Open doors19:00 Start22:00 End \u00a0 Hilfreiche Links zur Vorbereitung Wednesday Frog Compilation Erwartungen ChatGPT 4 Hype-Zyklus Google Maps: Schmiedehof 4 Fotodoku [&hellip;]\" \/>\n<meta property=\"og:url\" content=\"https:\/\/berlinrealities.enjoythistool.com\/en\/denksyndikat\/01-ki-openai-chatgpt\/\" \/>\n<meta property=\"og:site_name\" content=\"Berlin Realities\" \/>\n<meta property=\"article:modified_time\" content=\"2023-07-10T15:28:43+00:00\" \/>\n<meta name=\"twitter:card\" content=\"summary_large_image\" \/>\n<script type=\"application\/ld+json\" class=\"yoast-schema-graph\">{\"@context\":\"https:\/\/schema.org\",\"@graph\":[{\"@type\":\"WebPage\",\"@id\":\"https:\/\/berlinrealities.enjoythistool.com\/denksyndikat\/01-ki-openai-chatgpt\/\",\"url\":\"https:\/\/berlinrealities.enjoythistool.com\/denksyndikat\/01-ki-openai-chatgpt\/\",\"name\":\"01 KI OpenAI ChatGPT &#8211; Berlin Realities\",\"isPartOf\":{\"@id\":\"https:\/\/berlinrealities.enjoythistool.com\/#website\"},\"primaryImageOfPage\":{\"@id\":\"https:\/\/berlinrealities.enjoythistool.com\/denksyndikat\/01-ki-openai-chatgpt\/#primaryimage\"},\"image\":{\"@id\":\"https:\/\/berlinrealities.enjoythistool.com\/denksyndikat\/01-ki-openai-chatgpt\/#primaryimage\"},\"thumbnailUrl\":\"https:\/\/berlinrealities.enjoythistool.com\/wp-content\/uploads\/2022\/12\/denksyndikattitlegreen.svg\",\"datePublished\":\"2023-01-28T12:13:35+00:00\",\"dateModified\":\"2023-07-10T15:28:43+00:00\",\"breadcrumb\":{\"@id\":\"https:\/\/berlinrealities.enjoythistool.com\/denksyndikat\/01-ki-openai-chatgpt\/#breadcrumb\"},\"inLanguage\":\"en-GB\",\"potentialAction\":[{\"@type\":\"ReadAction\",\"target\":[\"https:\/\/berlinrealities.enjoythistool.com\/denksyndikat\/01-ki-openai-chatgpt\/\"]}]},{\"@type\":\"ImageObject\",\"inLanguage\":\"en-GB\",\"@id\":\"https:\/\/berlinrealities.enjoythistool.com\/denksyndikat\/01-ki-openai-chatgpt\/#primaryimage\",\"url\":\"https:\/\/berlinrealities.enjoythistool.com\/wp-content\/uploads\/2022\/12\/denksyndikattitlegreen.svg\",\"contentUrl\":\"https:\/\/berlinrealities.enjoythistool.com\/wp-content\/uploads\/2022\/12\/denksyndikattitlegreen.svg\"},{\"@type\":\"BreadcrumbList\",\"@id\":\"https:\/\/berlinrealities.enjoythistool.com\/denksyndikat\/01-ki-openai-chatgpt\/#breadcrumb\",\"itemListElement\":[{\"@type\":\"ListItem\",\"position\":1,\"name\":\"Startseite\",\"item\":\"https:\/\/berlinrealities.enjoythistool.com\/\"},{\"@type\":\"ListItem\",\"position\":2,\"name\":\"Denksyndikat\",\"item\":\"https:\/\/berlinrealities.enjoythistool.com\/denksyndikat\/\"},{\"@type\":\"ListItem\",\"position\":3,\"name\":\"01 KI OpenAI ChatGPT\"}]},{\"@type\":\"WebSite\",\"@id\":\"https:\/\/berlinrealities.enjoythistool.com\/#website\",\"url\":\"https:\/\/berlinrealities.enjoythistool.com\/\",\"name\":\"Berlin Realities\",\"description\":\"XR, Kommunikation, Design\",\"publisher\":{\"@id\":\"https:\/\/berlinrealities.enjoythistool.com\/#organization\"},\"potentialAction\":[{\"@type\":\"SearchAction\",\"target\":{\"@type\":\"EntryPoint\",\"urlTemplate\":\"https:\/\/berlinrealities.enjoythistool.com\/?s={search_term_string}\"},\"query-input\":{\"@type\":\"PropertyValueSpecification\",\"valueRequired\":true,\"valueName\":\"search_term_string\"}}],\"inLanguage\":\"en-GB\"},{\"@type\":\"Organization\",\"@id\":\"https:\/\/berlinrealities.enjoythistool.com\/#organization\",\"name\":\"Berlin Realities GmbH\",\"url\":\"https:\/\/berlinrealities.enjoythistool.com\/\",\"logo\":{\"@type\":\"ImageObject\",\"inLanguage\":\"en-GB\",\"@id\":\"https:\/\/berlinrealities.enjoythistool.com\/#\/schema\/logo\/image\/\",\"url\":\"https:\/\/berlinrealities.enjoythistool.com\/wp-content\/uploads\/2020\/08\/BerlinRealities-Logo.svg\",\"contentUrl\":\"https:\/\/berlinrealities.enjoythistool.com\/wp-content\/uploads\/2020\/08\/BerlinRealities-Logo.svg\",\"width\":\"1024\",\"height\":\"1024\",\"caption\":\"Berlin Realities GmbH\"},\"image\":{\"@id\":\"https:\/\/berlinrealities.enjoythistool.com\/#\/schema\/logo\/image\/\"}}]}<\/script>\n<!-- \/ Yoast SEO plugin. -->","yoast_head_json":{"title":"01 KI OpenAI ChatGPT &#8211; Berlin Realities","robots":{"index":"index","follow":"follow","max-snippet":"max-snippet:-1","max-image-preview":"max-image-preview:large","max-video-preview":"max-video-preview:-1"},"canonical":"https:\/\/berlinrealities.enjoythistool.com\/en\/denksyndikat\/01-ki-openai-chatgpt\/","og_locale":"en_GB","og_type":"article","og_title":"01 KI OpenAI ChatGPT &#8211; Berlin Realities","og_description":"01 \u2013 KI, OpenAI, ChatGPT \u2013 the days after the gro\u00dfen Erstaunung Lasst uns sammeln: Auf welche Aussagen k\u00f6nnen wir uns einigen? Was k\u00f6nnten wir kontrovers diskutieren? Wo endet unsere Vorstellungskraft? Denksyndikat 0122.02.2023 18:30 Open doors19:00 Start22:00 End \u00a0 Hilfreiche Links zur Vorbereitung Wednesday Frog Compilation Erwartungen ChatGPT 4 Hype-Zyklus Google Maps: Schmiedehof 4 Fotodoku [&hellip;]","og_url":"https:\/\/berlinrealities.enjoythistool.com\/en\/denksyndikat\/01-ki-openai-chatgpt\/","og_site_name":"Berlin Realities","article_modified_time":"2023-07-10T15:28:43+00:00","twitter_card":"summary_large_image","schema":{"@context":"https:\/\/schema.org","@graph":[{"@type":"WebPage","@id":"https:\/\/berlinrealities.enjoythistool.com\/denksyndikat\/01-ki-openai-chatgpt\/","url":"https:\/\/berlinrealities.enjoythistool.com\/denksyndikat\/01-ki-openai-chatgpt\/","name":"01 KI OpenAI ChatGPT &#8211; Berlin Realities","isPartOf":{"@id":"https:\/\/berlinrealities.enjoythistool.com\/#website"},"primaryImageOfPage":{"@id":"https:\/\/berlinrealities.enjoythistool.com\/denksyndikat\/01-ki-openai-chatgpt\/#primaryimage"},"image":{"@id":"https:\/\/berlinrealities.enjoythistool.com\/denksyndikat\/01-ki-openai-chatgpt\/#primaryimage"},"thumbnailUrl":"https:\/\/berlinrealities.enjoythistool.com\/wp-content\/uploads\/2022\/12\/denksyndikattitlegreen.svg","datePublished":"2023-01-28T12:13:35+00:00","dateModified":"2023-07-10T15:28:43+00:00","breadcrumb":{"@id":"https:\/\/berlinrealities.enjoythistool.com\/denksyndikat\/01-ki-openai-chatgpt\/#breadcrumb"},"inLanguage":"en-GB","potentialAction":[{"@type":"ReadAction","target":["https:\/\/berlinrealities.enjoythistool.com\/denksyndikat\/01-ki-openai-chatgpt\/"]}]},{"@type":"ImageObject","inLanguage":"en-GB","@id":"https:\/\/berlinrealities.enjoythistool.com\/denksyndikat\/01-ki-openai-chatgpt\/#primaryimage","url":"https:\/\/berlinrealities.enjoythistool.com\/wp-content\/uploads\/2022\/12\/denksyndikattitlegreen.svg","contentUrl":"https:\/\/berlinrealities.enjoythistool.com\/wp-content\/uploads\/2022\/12\/denksyndikattitlegreen.svg"},{"@type":"BreadcrumbList","@id":"https:\/\/berlinrealities.enjoythistool.com\/denksyndikat\/01-ki-openai-chatgpt\/#breadcrumb","itemListElement":[{"@type":"ListItem","position":1,"name":"Startseite","item":"https:\/\/berlinrealities.enjoythistool.com\/"},{"@type":"ListItem","position":2,"name":"Denksyndikat","item":"https:\/\/berlinrealities.enjoythistool.com\/denksyndikat\/"},{"@type":"ListItem","position":3,"name":"01 KI OpenAI ChatGPT"}]},{"@type":"WebSite","@id":"https:\/\/berlinrealities.enjoythistool.com\/#website","url":"https:\/\/berlinrealities.enjoythistool.com\/","name":"Berlin Realities","description":"XR, Kommunikation, Design","publisher":{"@id":"https:\/\/berlinrealities.enjoythistool.com\/#organization"},"potentialAction":[{"@type":"SearchAction","target":{"@type":"EntryPoint","urlTemplate":"https:\/\/berlinrealities.enjoythistool.com\/?s={search_term_string}"},"query-input":{"@type":"PropertyValueSpecification","valueRequired":true,"valueName":"search_term_string"}}],"inLanguage":"en-GB"},{"@type":"Organization","@id":"https:\/\/berlinrealities.enjoythistool.com\/#organization","name":"Berlin Realities GmbH","url":"https:\/\/berlinrealities.enjoythistool.com\/","logo":{"@type":"ImageObject","inLanguage":"en-GB","@id":"https:\/\/berlinrealities.enjoythistool.com\/#\/schema\/logo\/image\/","url":"https:\/\/berlinrealities.enjoythistool.com\/wp-content\/uploads\/2020\/08\/BerlinRealities-Logo.svg","contentUrl":"https:\/\/berlinrealities.enjoythistool.com\/wp-content\/uploads\/2020\/08\/BerlinRealities-Logo.svg","width":"1024","height":"1024","caption":"Berlin Realities GmbH"},"image":{"@id":"https:\/\/berlinrealities.enjoythistool.com\/#\/schema\/logo\/image\/"}}]}},"builder_content":"<a href=\"https:\/\/berlinrealities.enjoythistool.com\/denksyndikat\"> <img src=\"https:\/\/berlinrealities.enjoythistool.com\/wp-content\/uploads\/2022\/12\/denksyndikattitlegreen.svg\" title=\"denksyndikattitlegreen\" alt=\"denksyndikattitlegreen\"> <\/a>\n<h1>01 \u2013 KI, OpenAI, ChatGPT \u2013 the days after the gro\u00dfen Erstaunung<\/h1> <p>Lasst uns sammeln:<\/p> <p>Auf welche Aussagen k\u00f6nnen wir uns einigen?<\/p> <p>Was k\u00f6nnten wir kontrovers diskutieren?<\/p> <p>Wo endet unsere Vorstellungskraft?<\/p>\n<img src=\"https:\/\/berlinrealities.enjoythistool.com\/wp-content\/uploads\/2023\/01\/du-und-openai.jpg\" title=\"du-und-openai\" alt=\"du-und-openai\" srcset=\"https:\/\/berlinrealities.enjoythistool.com\/wp-content\/uploads\/2023\/01\/du-und-openai.jpg 1920w, https:\/\/berlinrealities.enjoythistool.com\/wp-content\/uploads\/2023\/01\/du-und-openai-300x207.jpg 300w, https:\/\/berlinrealities.enjoythistool.com\/wp-content\/uploads\/2023\/01\/du-und-openai-1024x706.jpg 1024w, https:\/\/berlinrealities.enjoythistool.com\/wp-content\/uploads\/2023\/01\/du-und-openai-768x530.jpg 768w, https:\/\/berlinrealities.enjoythistool.com\/wp-content\/uploads\/2023\/01\/du-und-openai-1536x1059.jpg 1536w\" sizes=\"(max-width: 1920px) 100vw, 1920px\" \/>\n<p><strong>Denksyndikat 01<\/strong><br \/>22.02.2023 <br \/>18:30 Open doors<br \/>19:00 Start<br \/>22:00 End<\/p> <p>\u00a0<\/p> <p><strong>Hilfreiche Links zur Vorbereitung<\/strong><\/p> <p><a href=\"https:\/\/youtu.be\/d-RbOVJNtBs?t=0\" target=\"_blank\" rel=\"noopener\">Wednesday Frog Compilation<\/a><\/p> <p><a href=\"https:\/\/t3n.de\/news\/chatgpt-openai-sam-altman-cpt-4-1529404\/\" target=\"_blank\" rel=\"noopener\">Erwartungen ChatGPT 4<\/a><\/p> <p><a href=\"https:\/\/de.wikipedia.org\/wiki\/Hype-Zyklus\" target=\"_blank\" rel=\"noopener\">Hype-Zyklus<\/a><\/p> <p><a href=\"https:\/\/www.google.com\/maps\/place\/Berlin+Realities+GmbH\/@52.4866441,13.3831742,19.06z\/data=!4m5!3m4!1s0x0:0x8191983a881d5568!8m2!3d52.4869378!4d13.3827324\" target=\"_blank\" rel=\"noopener\">Google Maps: Schmiedehof 4<\/a><br \/><br \/><\/p> <p><strong>Fotodoku des Abends<\/strong><\/p> <p><a href=\"https:\/\/berlinrealities.enjoythistool.com\/denksyndikat\/denksyndikat01\/\">Link zum AI-gesch\u00fctzten Bereich<\/a><\/p> <p>\u00a0<\/p> <p>\u00a0<\/p>\n<p>Denksyndikat<br \/>c\/o Berlin Realities GmbH<br \/>Schmiedehof 4<br \/>10965 Berlin<\/p> <p><a href=\"https:\/\/berlinrealities.enjoythistool.com\/\">Home<\/a>\u00a0 \u00a0<a href=\"https:\/\/berlinrealities.enjoythistool.com\/denksyndikat\/\">Das Denksyndikat<\/a> \u00a0\u00a0<a href=\"https:\/\/berlinrealities.enjoythistool.com\/impressum\/\">Impressum<\/a><\/p>","_links":{"self":[{"href":"https:\/\/berlinrealities.enjoythistool.com\/en\/wp-json\/wp\/v2\/pages\/2568","targetHints":{"allow":["GET"]}}],"collection":[{"href":"https:\/\/berlinrealities.enjoythistool.com\/en\/wp-json\/wp\/v2\/pages"}],"about":[{"href":"https:\/\/berlinrealities.enjoythistool.com\/en\/wp-json\/wp\/v2\/types\/page"}],"author":[{"embeddable":true,"href":"https:\/\/berlinrealities.enjoythistool.com\/en\/wp-json\/wp\/v2\/users\/1"}],"replies":[{"embeddable":true,"href":"https:\/\/berlinrealities.enjoythistool.com\/en\/wp-json\/wp\/v2\/comments?post=2568"}],"version-history":[{"count":27,"href":"https:\/\/berlinrealities.enjoythistool.com\/en\/wp-json\/wp\/v2\/pages\/2568\/revisions"}],"predecessor-version":[{"id":3834,"href":"https:\/\/berlinrealities.enjoythistool.com\/en\/wp-json\/wp\/v2\/pages\/2568\/revisions\/3834"}],"up":[{"embeddable":true,"href":"https:\/\/berlinrealities.enjoythistool.com\/en\/wp-json\/wp\/v2\/pages\/2153"}],"wp:attachment":[{"href":"https:\/\/berlinrealities.enjoythistool.com\/en\/wp-json\/wp\/v2\/media?parent=2568"}],"curies":[{"name":"wp","href":"https:\/\/api.w.org\/{rel}","templated":true}]}}