{"id":582,"date":"2020-09-26T16:09:35","date_gmt":"2020-09-26T14:09:35","guid":{"rendered":"https:\/\/berlinrealities.com\/newweb\/?page_id=582"},"modified":"2023-07-30T12:55:20","modified_gmt":"2023-07-30T10:55:20","slug":"impressum","status":"publish","type":"page","link":"https:\/\/berlinrealities.enjoythistool.com\/en\/impressum\/","title":{"rendered":"imprint"},"content":{"rendered":"<!--themify_builder_content-->\n<div id=\"themify_builder_content-582\" data-postid=\"582\" class=\"themify_builder_content themify_builder_content-582 themify_builder tf_clear\">\n                    <div  data-lazy=\"1\" class=\"module_row themify_builder_row tb_xj6o210 tb_first tf_w\">\n                        <div class=\"row_inner col_align_top tb_col_count_1 tf_box tf_rel\">\n                        <div  data-lazy=\"1\" class=\"module_column tb-column col-full tb_tdl1210 first\">\n                    <!-- module text -->\n<div  class=\"module module-text tb_uqew442\" data-lazy=\"1\">\n        <div  class=\"tb_text_wrap\">\n        <h1>imprint<\/h1>\n<p>\u00a0<\/p>\n<p>Berlin Realities for Communication and Design GmbH<\/p>\n<p>Nina Rossow<br \/>Steffen H\u00f6llein<br \/>Schmiedehof 4<br \/>10965 Berlin<\/p>\n<p>Contact<br \/>Telephone: +493069506361<br \/>Email: mail@berlinrealities.com<\/p>\n<p>District Court Berlin Charlottenburg HRB 202698 B<\/p>\n<p>\u2014<\/p>\n<p>We are not willing or obliged to participate in dispute settlement procedures before a consumer arbitration board.<\/p>\n<p>Liability for content<br \/>As a service provider, we are responsible for our own content on these pages according to Section 7, Paragraph 1 of the German Telemedia Act (TMG). According to \u00a7\u00a7 8 to 10 TMG, however, we as a service provider are not obliged to monitor transmitted or stored third-party information or to investigate circumstances that indicate illegal activity.<\/p>\n<p>Obligations to remove or block the use of information according to general laws remain unaffected. However, liability in this regard is only possible from the point in time at which knowledge of a specific infringement of the law is known. As soon as we become aware of any violations of the law, we will remove this content immediately.<\/p>\n<p>copyright<br \/>The content and works on these pages created by the site operators are subject to German copyright law. The duplication, editing, distribution and any kind of exploitation outside the limits of copyright require the written consent of the respective author or creator. Downloads and copies of this site are only permitted for private, non-commercial use. Insofar as the content on this site was not created by the operator, the copyrights of third parties are observed. In particular contents of third parties are marked as such. Should you nevertheless become aware of a copyright infringement, we ask that you inform us accordingly. As soon as we become aware of legal violations, we will remove such content immediately.<\/p>    <\/div>\n<\/div>\n<!-- \/module text -->        <\/div>\n                        <\/div>\n        <\/div>\n        <\/div>\n<!--\/themify_builder_content-->","protected":false},"excerpt":{"rendered":"<p>Imprint Berlin Realities for communication and design GmbH Nina RossowSteffen H\u00f6lleinSchmiedehof 410965 Berlin ContactTelephone: +493069506361Email: mail@berlinrealities.com Berlin Charlottenburg District Court HRB 202698 B \u2014 We are not willing or obliged to take part in dispute resolution proceedings before a consumer arbitration board. Liability for contentAs a service provider, we are responsible for our own content on these pages in accordance with Section 7 Paragraph 1 TMG [...]<\/p>","protected":false},"author":1,"featured_media":0,"parent":0,"menu_order":0,"comment_status":"closed","ping_status":"closed","template":"","meta":{"inline_featured_image":false,"footnotes":""},"class_list":["post-582","page","type-page","status-publish","hentry","has-post-title","has-post-date","has-post-category","has-post-tag","has-post-comment","has-post-author",""],"yoast_head":"<!-- This site is optimized with the Yoast SEO plugin v24.2 - https:\/\/yoast.com\/wordpress\/plugins\/seo\/ -->\n<title>Impressum &#8211; Berlin Realities<\/title>\n<meta name=\"robots\" content=\"noindex, nofollow\" \/>\n<meta property=\"og:locale\" content=\"en_GB\" \/>\n<meta property=\"og:type\" content=\"article\" \/>\n<meta property=\"og:title\" content=\"Impressum &#8211; Berlin Realities\" \/>\n<meta property=\"og:description\" content=\"Impressum Berlin Realities f\u00fcr Kommunikation und Design GmbH \u00a0 Nina RossowSteffen H\u00f6lleinSchmiedehof 410965 Berlin KontaktTelefon: +493069506361E-Mail: mail@berlinrealities.com Amtsgericht Berlin Charlottenburg HRB 202698 B \u2014 Wir sind nicht bereit oder verpflichtet, an Streitbeilegungsverfahren vor einer Verbraucherschlichtungsstelle teilzunehmen. Haftung f\u00fcr InhalteAls Diensteanbieter sind wir gem\u00e4\u00df \u00a7 7 Abs.1 TMG f\u00fcr eigene Inhalte auf diesen Seiten nach den [&hellip;]\" \/>\n<meta property=\"og:url\" content=\"https:\/\/berlinrealities.enjoythistool.com\/en\/impressum\/\" \/>\n<meta property=\"og:site_name\" content=\"Berlin Realities\" \/>\n<meta property=\"article:modified_time\" content=\"2023-07-30T10:55:20+00:00\" \/>\n<meta name=\"twitter:card\" content=\"summary_large_image\" \/>\n<script type=\"application\/ld+json\" class=\"yoast-schema-graph\">{\"@context\":\"https:\/\/schema.org\",\"@graph\":[{\"@type\":\"WebPage\",\"@id\":\"https:\/\/berlinrealities.enjoythistool.com\/impressum\/\",\"url\":\"https:\/\/berlinrealities.enjoythistool.com\/impressum\/\",\"name\":\"Impressum &#8211; Berlin Realities\",\"isPartOf\":{\"@id\":\"https:\/\/berlinrealities.enjoythistool.com\/#website\"},\"datePublished\":\"2020-09-26T14:09:35+00:00\",\"dateModified\":\"2023-07-30T10:55:20+00:00\",\"breadcrumb\":{\"@id\":\"https:\/\/berlinrealities.enjoythistool.com\/impressum\/#breadcrumb\"},\"inLanguage\":\"en-GB\",\"potentialAction\":[{\"@type\":\"ReadAction\",\"target\":[\"https:\/\/berlinrealities.enjoythistool.com\/impressum\/\"]}]},{\"@type\":\"BreadcrumbList\",\"@id\":\"https:\/\/berlinrealities.enjoythistool.com\/impressum\/#breadcrumb\",\"itemListElement\":[{\"@type\":\"ListItem\",\"position\":1,\"name\":\"Startseite\",\"item\":\"https:\/\/berlinrealities.enjoythistool.com\/\"},{\"@type\":\"ListItem\",\"position\":2,\"name\":\"Impressum\"}]},{\"@type\":\"WebSite\",\"@id\":\"https:\/\/berlinrealities.enjoythistool.com\/#website\",\"url\":\"https:\/\/berlinrealities.enjoythistool.com\/\",\"name\":\"Berlin Realities\",\"description\":\"XR, Kommunikation, Design\",\"publisher\":{\"@id\":\"https:\/\/berlinrealities.enjoythistool.com\/#organization\"},\"potentialAction\":[{\"@type\":\"SearchAction\",\"target\":{\"@type\":\"EntryPoint\",\"urlTemplate\":\"https:\/\/berlinrealities.enjoythistool.com\/?s={search_term_string}\"},\"query-input\":{\"@type\":\"PropertyValueSpecification\",\"valueRequired\":true,\"valueName\":\"search_term_string\"}}],\"inLanguage\":\"en-GB\"},{\"@type\":\"Organization\",\"@id\":\"https:\/\/berlinrealities.enjoythistool.com\/#organization\",\"name\":\"Berlin Realities GmbH\",\"url\":\"https:\/\/berlinrealities.enjoythistool.com\/\",\"logo\":{\"@type\":\"ImageObject\",\"inLanguage\":\"en-GB\",\"@id\":\"https:\/\/berlinrealities.enjoythistool.com\/#\/schema\/logo\/image\/\",\"url\":\"https:\/\/berlinrealities.enjoythistool.com\/wp-content\/uploads\/2020\/08\/BerlinRealities-Logo.svg\",\"contentUrl\":\"https:\/\/berlinrealities.enjoythistool.com\/wp-content\/uploads\/2020\/08\/BerlinRealities-Logo.svg\",\"width\":\"1024\",\"height\":\"1024\",\"caption\":\"Berlin Realities GmbH\"},\"image\":{\"@id\":\"https:\/\/berlinrealities.enjoythistool.com\/#\/schema\/logo\/image\/\"}}]}<\/script>\n<!-- \/ Yoast SEO plugin. -->","yoast_head_json":{"title":"Impressum &#8211; Berlin Realities","robots":{"index":"noindex","follow":"nofollow"},"og_locale":"en_GB","og_type":"article","og_title":"Impressum &#8211; Berlin Realities","og_description":"Impressum Berlin Realities f\u00fcr Kommunikation und Design GmbH \u00a0 Nina RossowSteffen H\u00f6lleinSchmiedehof 410965 Berlin KontaktTelefon: +493069506361E-Mail: mail@berlinrealities.com Amtsgericht Berlin Charlottenburg HRB 202698 B \u2014 Wir sind nicht bereit oder verpflichtet, an Streitbeilegungsverfahren vor einer Verbraucherschlichtungsstelle teilzunehmen. Haftung f\u00fcr InhalteAls Diensteanbieter sind wir gem\u00e4\u00df \u00a7 7 Abs.1 TMG f\u00fcr eigene Inhalte auf diesen Seiten nach den [&hellip;]","og_url":"https:\/\/berlinrealities.enjoythistool.com\/en\/impressum\/","og_site_name":"Berlin Realities","article_modified_time":"2023-07-30T10:55:20+00:00","twitter_card":"summary_large_image","schema":{"@context":"https:\/\/schema.org","@graph":[{"@type":"WebPage","@id":"https:\/\/berlinrealities.enjoythistool.com\/impressum\/","url":"https:\/\/berlinrealities.enjoythistool.com\/impressum\/","name":"Impressum &#8211; Berlin Realities","isPartOf":{"@id":"https:\/\/berlinrealities.enjoythistool.com\/#website"},"datePublished":"2020-09-26T14:09:35+00:00","dateModified":"2023-07-30T10:55:20+00:00","breadcrumb":{"@id":"https:\/\/berlinrealities.enjoythistool.com\/impressum\/#breadcrumb"},"inLanguage":"en-GB","potentialAction":[{"@type":"ReadAction","target":["https:\/\/berlinrealities.enjoythistool.com\/impressum\/"]}]},{"@type":"BreadcrumbList","@id":"https:\/\/berlinrealities.enjoythistool.com\/impressum\/#breadcrumb","itemListElement":[{"@type":"ListItem","position":1,"name":"Startseite","item":"https:\/\/berlinrealities.enjoythistool.com\/"},{"@type":"ListItem","position":2,"name":"Impressum"}]},{"@type":"WebSite","@id":"https:\/\/berlinrealities.enjoythistool.com\/#website","url":"https:\/\/berlinrealities.enjoythistool.com\/","name":"Berlin Realities","description":"XR, Kommunikation, Design","publisher":{"@id":"https:\/\/berlinrealities.enjoythistool.com\/#organization"},"potentialAction":[{"@type":"SearchAction","target":{"@type":"EntryPoint","urlTemplate":"https:\/\/berlinrealities.enjoythistool.com\/?s={search_term_string}"},"query-input":{"@type":"PropertyValueSpecification","valueRequired":true,"valueName":"search_term_string"}}],"inLanguage":"en-GB"},{"@type":"Organization","@id":"https:\/\/berlinrealities.enjoythistool.com\/#organization","name":"Berlin Realities GmbH","url":"https:\/\/berlinrealities.enjoythistool.com\/","logo":{"@type":"ImageObject","inLanguage":"en-GB","@id":"https:\/\/berlinrealities.enjoythistool.com\/#\/schema\/logo\/image\/","url":"https:\/\/berlinrealities.enjoythistool.com\/wp-content\/uploads\/2020\/08\/BerlinRealities-Logo.svg","contentUrl":"https:\/\/berlinrealities.enjoythistool.com\/wp-content\/uploads\/2020\/08\/BerlinRealities-Logo.svg","width":"1024","height":"1024","caption":"Berlin Realities GmbH"},"image":{"@id":"https:\/\/berlinrealities.enjoythistool.com\/#\/schema\/logo\/image\/"}}]}},"builder_content":"<h1>Impressum<\/h1> <p>\u00a0<\/p> <p>Berlin Realities f\u00fcr Kommunikation und Design GmbH<\/p> <p>Nina Rossow<br \/>Steffen H\u00f6llein<br \/>Schmiedehof 4<br \/>10965 Berlin<\/p> <p>Kontakt<br \/>Telefon: +493069506361<br \/>E-Mail: mail@berlinrealities.com<\/p> <p>Amtsgericht Berlin Charlottenburg HRB 202698 B<\/p> <p>\u2014<\/p> <p>Wir sind nicht bereit oder verpflichtet, an Streitbeilegungsverfahren vor einer Verbraucherschlichtungsstelle teilzunehmen.<\/p> <p>Haftung f\u00fcr Inhalte<br \/>Als Diensteanbieter sind wir gem\u00e4\u00df \u00a7 7 Abs.1 TMG f\u00fcr eigene Inhalte auf diesen Seiten nach den allgemeinen Gesetzen verantwortlich. Nach \u00a7\u00a7 8 bis 10 TMG sind wir als Diensteanbieter jedoch nicht verpflichtet, \u00fcbermittelte oder gespeicherte fremde Informationen zu \u00fcberwachen oder nach Umst\u00e4nden zu forschen, die auf eine rechtswidrige T\u00e4tigkeit hinweisen.<\/p> <p>Verpflichtungen zur Entfernung oder Sperrung der Nutzung von Informationen nach den allgemeinen Gesetzen bleiben hiervon unber\u00fchrt. Eine diesbez\u00fcgliche Haftung ist jedoch erst ab dem Zeitpunkt der Kenntnis einer konkreten Rechtsverletzung m\u00f6glich. Bei Bekanntwerden von entsprechenden Rechtsverletzungen werden wir diese Inhalte umgehend entfernen.<\/p> <p>Urheberrecht<br \/>Die durch die Seitenbetreiber erstellten Inhalte und Werke auf diesen Seiten unterliegen dem deutschen Urheberrecht. Die Vervielf\u00e4ltigung, Bearbeitung, Verbreitung und jede Art der Verwertung au\u00dferhalb der Grenzen des Urheberrechtes bed\u00fcrfen der schriftlichen Zustimmung des jeweiligen Autors bzw. Erstellers. Downloads und Kopien dieser Seite sind nur f\u00fcr den privaten, nicht kommerziellen Gebrauch gestattet. Soweit die Inhalte auf dieser Seite nicht vom Betreiber erstellt wurden, werden die Urheberrechte Dritter beachtet. Insbesondere werden Inhalte Dritter als solche gekennzeichnet. Sollten Sie trotzdem auf eine Urheberrechtsverletzung aufmerksam werden, bitten wir um einen entsprechenden Hinweis. Bei Bekanntwerden von Rechtsverletzungen werden wir derartige Inhalte umgehend entfernen.<\/p>","_links":{"self":[{"href":"https:\/\/berlinrealities.enjoythistool.com\/en\/wp-json\/wp\/v2\/pages\/582","targetHints":{"allow":["GET"]}}],"collection":[{"href":"https:\/\/berlinrealities.enjoythistool.com\/en\/wp-json\/wp\/v2\/pages"}],"about":[{"href":"https:\/\/berlinrealities.enjoythistool.com\/en\/wp-json\/wp\/v2\/types\/page"}],"author":[{"embeddable":true,"href":"https:\/\/berlinrealities.enjoythistool.com\/en\/wp-json\/wp\/v2\/users\/1"}],"replies":[{"embeddable":true,"href":"https:\/\/berlinrealities.enjoythistool.com\/en\/wp-json\/wp\/v2\/comments?post=582"}],"version-history":[{"count":27,"href":"https:\/\/berlinrealities.enjoythistool.com\/en\/wp-json\/wp\/v2\/pages\/582\/revisions"}],"predecessor-version":[{"id":4160,"href":"https:\/\/berlinrealities.enjoythistool.com\/en\/wp-json\/wp\/v2\/pages\/582\/revisions\/4160"}],"wp:attachment":[{"href":"https:\/\/berlinrealities.enjoythistool.com\/en\/wp-json\/wp\/v2\/media?parent=582"}],"curies":[{"name":"wp","href":"https:\/\/api.w.org\/{rel}","templated":true}]}}