{"id":592,"date":"2020-09-26T16:17:52","date_gmt":"2020-09-26T14:17:52","guid":{"rendered":"https:\/\/berlinrealities.com\/newweb\/?page_id=592"},"modified":"2023-07-30T12:55:59","modified_gmt":"2023-07-30T10:55:59","slug":"datenschutz","status":"publish","type":"page","link":"https:\/\/berlinrealities.enjoythistool.com\/en\/datenschutz\/","title":{"rendered":"data protection"},"content":{"rendered":"<!--themify_builder_content-->\n<div id=\"themify_builder_content-592\" data-postid=\"592\" class=\"themify_builder_content themify_builder_content-592 themify_builder tf_clear\">\n                    <div  data-lazy=\"1\" class=\"module_row themify_builder_row tb_cwv1533 tb_first tf_w\">\n                        <div class=\"row_inner col_align_top tb_col_count_1 tf_box tf_rel\">\n                        <div  data-lazy=\"1\" class=\"module_column tb-column col-full tb_du2e533 first\">\n                    <!-- module text -->\n<div  class=\"module module-text tb_6bms534\" data-lazy=\"1\">\n        <div  class=\"tb_text_wrap\">\n        <h1 style=\"text-align: left;\">data protection<\/h1>\n<p>\u00a0<\/p>\n<div class=\"module module-text tb_xght696\">\n<div class=\"tb_text_wrap\">\n<p><strong>visiting the site<\/strong><br \/>When you visit the website, we do not collect, store or process any of your personal data. The user will not record or track your surfing behavior at any time. <br \/><br \/>When you access this offer, information is automatically collected by the web space provider. This information, also known as server log files, is of a general nature and does not allow any conclusions to be drawn about your person. <br \/><br \/>If you communicate with us via the e-mail addresses provided, the personal data transmitted with the e-mail will be saved. A transfer to third parties does not take place. <br \/><br \/><strong>data security<\/strong> <br \/>When you visit the website, the SSL process (Secure Socket Layer) is used in conjunction with the highest level of encryption supported by your browser. This is usually 256-bit encryption. If your browser does not support 256-bit encryption, 128-bit V3 technology will be used instead. You can tell whether a page is being displayed in encrypted form by the key or lock symbol in the lower status bar of your browser.<\/p>\n<\/div>\n<\/div>    <\/div>\n<\/div>\n<!-- \/module text -->        <\/div>\n                        <\/div>\n        <\/div>\n        <\/div>\n<!--\/themify_builder_content-->","protected":false},"excerpt":{"rendered":"<p>Data protection Visit to the website When you visit the website, we do not collect, store or process any of your personal data. The user will not record or track your surfing behavior at any time. When you access this offer, the web space provider automatically collects information. This information, also known as server log files, is of a general nature and does not allow [\u2026]<\/p>","protected":false},"author":1,"featured_media":0,"parent":0,"menu_order":0,"comment_status":"closed","ping_status":"closed","template":"","meta":{"inline_featured_image":false,"footnotes":""},"class_list":["post-592","page","type-page","status-publish","hentry","has-post-title","has-post-date","has-post-category","has-post-tag","has-post-comment","has-post-author",""],"yoast_head":"<!-- This site is optimized with the Yoast SEO plugin v24.2 - https:\/\/yoast.com\/wordpress\/plugins\/seo\/ -->\n<title>Datenschutz &#8211; Berlin Realities<\/title>\n<meta name=\"robots\" content=\"noindex, nofollow\" \/>\n<meta property=\"og:locale\" content=\"en_GB\" \/>\n<meta property=\"og:type\" content=\"article\" \/>\n<meta property=\"og:title\" content=\"Datenschutz &#8211; Berlin Realities\" \/>\n<meta property=\"og:description\" content=\"Datenschutz \u00a0 Besuch der WebsiteBei Besuch der Website werden von uns keine personenbezogenen Daten von Ihnen erfasst, gespeichert oder verarbeitet. Der Anwender wird Ihr Surfverhalten zu keiner Zeit aufzeichnen oder nachverfolgen. Mit dem Zugriff auf dieses Angebot werden durch den Webspace-Provider automatisch Informationen erfasst. Diese Informationen, auch Server-Logfiles bezeichnet, sind allgemeiner Natur und erlauben keine [&hellip;]\" \/>\n<meta property=\"og:url\" content=\"https:\/\/berlinrealities.enjoythistool.com\/en\/datenschutz\/\" \/>\n<meta property=\"og:site_name\" content=\"Berlin Realities\" \/>\n<meta property=\"article:modified_time\" content=\"2023-07-30T10:55:59+00:00\" \/>\n<meta name=\"twitter:card\" content=\"summary_large_image\" \/>\n<script type=\"application\/ld+json\" class=\"yoast-schema-graph\">{\"@context\":\"https:\/\/schema.org\",\"@graph\":[{\"@type\":\"WebPage\",\"@id\":\"https:\/\/berlinrealities.enjoythistool.com\/datenschutz\/\",\"url\":\"https:\/\/berlinrealities.enjoythistool.com\/datenschutz\/\",\"name\":\"Datenschutz &#8211; Berlin Realities\",\"isPartOf\":{\"@id\":\"https:\/\/berlinrealities.enjoythistool.com\/#website\"},\"datePublished\":\"2020-09-26T14:17:52+00:00\",\"dateModified\":\"2023-07-30T10:55:59+00:00\",\"breadcrumb\":{\"@id\":\"https:\/\/berlinrealities.enjoythistool.com\/datenschutz\/#breadcrumb\"},\"inLanguage\":\"en-GB\",\"potentialAction\":[{\"@type\":\"ReadAction\",\"target\":[\"https:\/\/berlinrealities.enjoythistool.com\/datenschutz\/\"]}]},{\"@type\":\"BreadcrumbList\",\"@id\":\"https:\/\/berlinrealities.enjoythistool.com\/datenschutz\/#breadcrumb\",\"itemListElement\":[{\"@type\":\"ListItem\",\"position\":1,\"name\":\"Startseite\",\"item\":\"https:\/\/berlinrealities.enjoythistool.com\/\"},{\"@type\":\"ListItem\",\"position\":2,\"name\":\"Datenschutz\"}]},{\"@type\":\"WebSite\",\"@id\":\"https:\/\/berlinrealities.enjoythistool.com\/#website\",\"url\":\"https:\/\/berlinrealities.enjoythistool.com\/\",\"name\":\"Berlin Realities\",\"description\":\"XR, Kommunikation, Design\",\"publisher\":{\"@id\":\"https:\/\/berlinrealities.enjoythistool.com\/#organization\"},\"potentialAction\":[{\"@type\":\"SearchAction\",\"target\":{\"@type\":\"EntryPoint\",\"urlTemplate\":\"https:\/\/berlinrealities.enjoythistool.com\/?s={search_term_string}\"},\"query-input\":{\"@type\":\"PropertyValueSpecification\",\"valueRequired\":true,\"valueName\":\"search_term_string\"}}],\"inLanguage\":\"en-GB\"},{\"@type\":\"Organization\",\"@id\":\"https:\/\/berlinrealities.enjoythistool.com\/#organization\",\"name\":\"Berlin Realities GmbH\",\"url\":\"https:\/\/berlinrealities.enjoythistool.com\/\",\"logo\":{\"@type\":\"ImageObject\",\"inLanguage\":\"en-GB\",\"@id\":\"https:\/\/berlinrealities.enjoythistool.com\/#\/schema\/logo\/image\/\",\"url\":\"https:\/\/berlinrealities.enjoythistool.com\/wp-content\/uploads\/2020\/08\/BerlinRealities-Logo.svg\",\"contentUrl\":\"https:\/\/berlinrealities.enjoythistool.com\/wp-content\/uploads\/2020\/08\/BerlinRealities-Logo.svg\",\"width\":\"1024\",\"height\":\"1024\",\"caption\":\"Berlin Realities GmbH\"},\"image\":{\"@id\":\"https:\/\/berlinrealities.enjoythistool.com\/#\/schema\/logo\/image\/\"}}]}<\/script>\n<!-- \/ Yoast SEO plugin. -->","yoast_head_json":{"title":"Datenschutz &#8211; Berlin Realities","robots":{"index":"noindex","follow":"nofollow"},"og_locale":"en_GB","og_type":"article","og_title":"Datenschutz &#8211; Berlin Realities","og_description":"Datenschutz \u00a0 Besuch der WebsiteBei Besuch der Website werden von uns keine personenbezogenen Daten von Ihnen erfasst, gespeichert oder verarbeitet. Der Anwender wird Ihr Surfverhalten zu keiner Zeit aufzeichnen oder nachverfolgen. Mit dem Zugriff auf dieses Angebot werden durch den Webspace-Provider automatisch Informationen erfasst. Diese Informationen, auch Server-Logfiles bezeichnet, sind allgemeiner Natur und erlauben keine [&hellip;]","og_url":"https:\/\/berlinrealities.enjoythistool.com\/en\/datenschutz\/","og_site_name":"Berlin Realities","article_modified_time":"2023-07-30T10:55:59+00:00","twitter_card":"summary_large_image","schema":{"@context":"https:\/\/schema.org","@graph":[{"@type":"WebPage","@id":"https:\/\/berlinrealities.enjoythistool.com\/datenschutz\/","url":"https:\/\/berlinrealities.enjoythistool.com\/datenschutz\/","name":"Datenschutz &#8211; Berlin Realities","isPartOf":{"@id":"https:\/\/berlinrealities.enjoythistool.com\/#website"},"datePublished":"2020-09-26T14:17:52+00:00","dateModified":"2023-07-30T10:55:59+00:00","breadcrumb":{"@id":"https:\/\/berlinrealities.enjoythistool.com\/datenschutz\/#breadcrumb"},"inLanguage":"en-GB","potentialAction":[{"@type":"ReadAction","target":["https:\/\/berlinrealities.enjoythistool.com\/datenschutz\/"]}]},{"@type":"BreadcrumbList","@id":"https:\/\/berlinrealities.enjoythistool.com\/datenschutz\/#breadcrumb","itemListElement":[{"@type":"ListItem","position":1,"name":"Startseite","item":"https:\/\/berlinrealities.enjoythistool.com\/"},{"@type":"ListItem","position":2,"name":"Datenschutz"}]},{"@type":"WebSite","@id":"https:\/\/berlinrealities.enjoythistool.com\/#website","url":"https:\/\/berlinrealities.enjoythistool.com\/","name":"Berlin Realities","description":"XR, Kommunikation, Design","publisher":{"@id":"https:\/\/berlinrealities.enjoythistool.com\/#organization"},"potentialAction":[{"@type":"SearchAction","target":{"@type":"EntryPoint","urlTemplate":"https:\/\/berlinrealities.enjoythistool.com\/?s={search_term_string}"},"query-input":{"@type":"PropertyValueSpecification","valueRequired":true,"valueName":"search_term_string"}}],"inLanguage":"en-GB"},{"@type":"Organization","@id":"https:\/\/berlinrealities.enjoythistool.com\/#organization","name":"Berlin Realities GmbH","url":"https:\/\/berlinrealities.enjoythistool.com\/","logo":{"@type":"ImageObject","inLanguage":"en-GB","@id":"https:\/\/berlinrealities.enjoythistool.com\/#\/schema\/logo\/image\/","url":"https:\/\/berlinrealities.enjoythistool.com\/wp-content\/uploads\/2020\/08\/BerlinRealities-Logo.svg","contentUrl":"https:\/\/berlinrealities.enjoythistool.com\/wp-content\/uploads\/2020\/08\/BerlinRealities-Logo.svg","width":"1024","height":"1024","caption":"Berlin Realities GmbH"},"image":{"@id":"https:\/\/berlinrealities.enjoythistool.com\/#\/schema\/logo\/image\/"}}]}},"builder_content":"<h1 style=\"text-align: left;\">Datenschutz<\/h1> <p>\u00a0<\/p>\n<p><strong>Besuch der Website<\/strong><br \/>Bei Besuch der Website werden von uns keine personenbezogenen Daten von Ihnen erfasst, gespeichert oder verarbeitet. Der Anwender wird Ihr Surfverhalten zu keiner Zeit aufzeichnen oder nachverfolgen. <br \/><br \/>Mit dem Zugriff auf dieses Angebot werden durch den Webspace-Provider automatisch Informationen erfasst. Diese Informationen, auch Server-Logfiles bezeichnet, sind allgemeiner Natur und erlauben keine R\u00fcckschl\u00fcsse auf Ihre Person. <br \/><br \/>Wenn Sie \u00fcber die bereitgestellten E-Mail-Adressen mit uns kommunizieren, dann werden die mit der E-Mail \u00fcbermittelten personenbezogenen Daten gespeichert. Eine Weitergabe an Dritte erfolgt nicht. <br \/><br \/><strong>Datensicherheit<\/strong> <br \/>Bei Besuch der Website kommt das SSL-Verfahren (Secure Socket Layer) in Verbindung mit der jeweils h\u00f6chsten Verschl\u00fcsselungsstufe, die von Ihrem Browser unterst\u00fctzt wird, zur Anwendung. In der Regel handelt es sich dabei um eine 256-Bit-Verschl\u00fcsselung. Falls Ihr Browser keine 256-Bit-Verschl\u00fcsselung unterst\u00fctzt, wird stattdessen auf die 128-Bit-V3-Technologie zur\u00fcckgegriffen. Sie erkennen an der Darstellung des Schl\u00fcssel- bzw. Schlosssymbols in der unteren Statusleiste Ihres Browsers, ob eine Seite verschl\u00fcsselt dargestellt wird.<\/p>","_links":{"self":[{"href":"https:\/\/berlinrealities.enjoythistool.com\/en\/wp-json\/wp\/v2\/pages\/592","targetHints":{"allow":["GET"]}}],"collection":[{"href":"https:\/\/berlinrealities.enjoythistool.com\/en\/wp-json\/wp\/v2\/pages"}],"about":[{"href":"https:\/\/berlinrealities.enjoythistool.com\/en\/wp-json\/wp\/v2\/types\/page"}],"author":[{"embeddable":true,"href":"https:\/\/berlinrealities.enjoythistool.com\/en\/wp-json\/wp\/v2\/users\/1"}],"replies":[{"embeddable":true,"href":"https:\/\/berlinrealities.enjoythistool.com\/en\/wp-json\/wp\/v2\/comments?post=592"}],"version-history":[{"count":16,"href":"https:\/\/berlinrealities.enjoythistool.com\/en\/wp-json\/wp\/v2\/pages\/592\/revisions"}],"predecessor-version":[{"id":4161,"href":"https:\/\/berlinrealities.enjoythistool.com\/en\/wp-json\/wp\/v2\/pages\/592\/revisions\/4161"}],"wp:attachment":[{"href":"https:\/\/berlinrealities.enjoythistool.com\/en\/wp-json\/wp\/v2\/media?parent=592"}],"curies":[{"name":"wp","href":"https:\/\/api.w.org\/{rel}","templated":true}]}}