{"id":6210,"date":"2025-01-10T21:24:43","date_gmt":"2025-01-10T20:24:43","guid":{"rendered":"https:\/\/berlinrealities.enjoythistool.com\/training-und-workshops-copy\/"},"modified":"2025-01-11T09:14:47","modified_gmt":"2025-01-11T08:14:47","slug":"beratung-coaching","status":"publish","type":"page","link":"https:\/\/berlinrealities.enjoythistool.com\/en\/beratung-coaching\/","title":{"rendered":"Beratung und Coaching"},"content":{"rendered":"<!--themify_builder_content-->\n<div id=\"themify_builder_content-6210\" data-postid=\"6210\" class=\"themify_builder_content themify_builder_content-6210 themify_builder tf_clear\">\n                    <div  data-css_id=\"t333965\" data-lazy=\"1\" class=\"module_row themify_builder_row fullwidth tb_t333965 tb_first tf_w\">\n                        <div class=\"row_inner col_align_top tb_col_count_1 tf_box tf_rel\">\n                        <div  data-lazy=\"1\" class=\"module_column tb-column col-full tb_w7th965 first\">\n                    <!-- module image -->\n<div  class=\"module module-image tb_eo6l507 image-top   auto_fullwidth tf_mw\" data-lazy=\"1\">\n        <div class=\"image-wrap tf_rel tf_mw\">\n            <img loading=\"lazy\" decoding=\"async\" width=\"1200\" height=\"595\" src=\"https:\/\/berlinrealities.enjoythistool.com\/wp-content\/uploads\/2025\/01\/optimistischer-realist.jpg\" class=\"wp-post-image wp-image-6221\" title=\"optimistischer-realist\" alt=\"optimistischer-realist\" srcset=\"https:\/\/berlinrealities.enjoythistool.com\/wp-content\/uploads\/2025\/01\/optimistischer-realist.jpg 1200w, https:\/\/berlinrealities.enjoythistool.com\/wp-content\/uploads\/2025\/01\/optimistischer-realist-300x149.jpg 300w, https:\/\/berlinrealities.enjoythistool.com\/wp-content\/uploads\/2025\/01\/optimistischer-realist-1024x508.jpg 1024w, https:\/\/berlinrealities.enjoythistool.com\/wp-content\/uploads\/2025\/01\/optimistischer-realist-768x381.jpg 768w, https:\/\/berlinrealities.enjoythistool.com\/wp-content\/uploads\/2025\/01\/optimistischer-realist-18x9.jpg 18w\" sizes=\"auto, (max-width: 1200px) 100vw, 1200px\" \/>    \n        <\/div>\n    <!-- \/image-wrap -->\n    \n        <\/div>\n<!-- \/module image --><!-- module text -->\n<div  class=\"module module-text tb_4mo7110\" data-lazy=\"1\">\n        <div  class=\"tb_text_wrap\">\n        <h3>Jeder denkende Mensch ist entweder ein Aristoteliker oder ein Platoniker.<\/h3>\n<p>Goethe<\/p>    <\/div>\n<\/div>\n<!-- \/module text --><!-- module text -->\n<div  class=\"module module-text tb_c5p5126\" data-lazy=\"1\">\n        <div  class=\"tb_text_wrap\">\n        <p>Goethe was referring to the two great ancient philosophers Aristotle and Plato and their different approaches to epistemology and metaphysics. Plato emphasized the importance of ideas and abstract principles, while Aristotle placed more value on experience and concrete reality.<\/p>    <\/div>\n<\/div>\n<!-- \/module text --><!-- module text -->\n<div  class=\"module module-text tb_b446962\" data-lazy=\"1\">\n        <div  class=\"tb_text_wrap\">\n        <h3>Positives Denken ist notwendig aber nicht hinreichend f\u00fcr erfolgreiches Management.<\/h3>\n<p>Fabiola H. Gerpott<br \/>Wirtschaftswissenschaftlerin und Inhaberin des Lehrstuhls f\u00fcr Personalf\u00fchrung an der WHU,<br \/>Otto Beisheim School of Management.<\/p>    <\/div>\n<\/div>\n<!-- \/module text --><!-- module text -->\n<div  class=\"module module-text tb_zht471\" data-lazy=\"1\">\n        <div  class=\"tb_text_wrap\">\n        <h2>Wir brauchen realistische Optimisten mit Umsetzungsorientierung.<\/h2>\n<p>Wir k\u00f6nnen dann nachhaltige Kreativit\u00e4t und Zufriedenheit schaffen.<\/p>    <\/div>\n<\/div>\n<!-- \/module text --><!-- module text -->\n<div  class=\"module module-text tb_n3ss707\" data-lazy=\"1\">\n        <div  class=\"tb_text_wrap\">\n        <h3>VUCA und BANI \u2013 hilfreiche Akronyme zur Beschreibung der heutigen Welt<\/h3>\n<p>\u00a0<\/p>    <\/div>\n<\/div>\n<!-- \/module text --><!-- module image -->\n<div  class=\"module module-image tb_8sup765 image-top   tf_mw\" data-lazy=\"1\">\n        <div class=\"image-wrap tf_rel tf_mw\">\n            <img decoding=\"async\" src=\"https:\/\/berlinrealities.enjoythistool.com\/wp-content\/uploads\/2025\/01\/vuca-bani.svg\" class=\"wp-post-image wp-image-6261\" title=\"vuca-bani\" alt=\"vuca-bani\">    \n        <\/div>\n    <!-- \/image-wrap -->\n    \n        <\/div>\n<!-- \/module image -->        <\/div>\n                        <\/div>\n        <\/div>\n                        <div  data-lazy=\"1\" class=\"module_row themify_builder_row tb_fezg545 tf_w\">\n                        <div class=\"row_inner col_align_top tb_col_count_1 tf_box tf_rel\">\n                        <div  data-lazy=\"1\" class=\"module_column tb-column col-full tb_18w0059 first\">\n                            <div  data-lazy=\"1\" class=\"module_subrow themify_builder_sub_row tf_w col_align_top tb_col_count_3 tb_4fdm595\">\n                <div  data-lazy=\"1\" class=\"module_column sub_column col3-1 tb_5q9e005 first\">\n                            <\/div>\n                    <div  data-lazy=\"1\" class=\"module_column sub_column col3-1 tb_yoc9600\">\n                    <!-- module text -->\n<div  class=\"module module-text tb_c2fi440\" data-lazy=\"1\">\n        <div  class=\"tb_text_wrap\">\n        <h3>Wir bieten klassisches Business-Coaching<\/h3>\n<ul>\n<li><strong>Individuelle Zielsetzung<\/strong>: Gemeinsam identifizieren wir Ihre beruflichen Ziele und entwickeln einen klaren und umsetzbaren Plan, um diese zu erreichen.<\/li>\n<\/ul>\n<ul>\n<li><strong>F\u00fchrungskompetenzen<\/strong>: St\u00e4rkung Ihrer F\u00fchrungsqualit\u00e4ten durch ma\u00dfgeschneiderte Coaching-Sessions, die Ihre individuellen Herausforderungen und St\u00e4rken ber\u00fccksichtigen.<\/li>\n<\/ul>\n<ul>\n<li><strong>Karriereentwicklung<\/strong>: Unterst\u00fctzung bei der Planung und Umsetzung Ihrer Karriereziele, einschlie\u00dflich Rollenentwicklung und Aufstiegsm\u00f6glichkeiten.<\/li>\n<\/ul>\n<ul>\n<li><strong>Kommunikationsf\u00e4higkeiten<\/strong>: Verbesserung Ihrer Kommunikationsstrategien, um effektiver und \u00fcberzeugender aufzutreten.<\/li>\n<\/ul>\n<ul>\n<li><strong>Work-Life-Balance<\/strong>: Strategien zur besseren Balance zwischen beruflichen Anforderungen und pers\u00f6nlichem Wohlbefinden.<\/li>\n<\/ul>    <\/div>\n<\/div>\n<!-- \/module text --><!-- module text -->\n<div  class=\"module module-text tb_i4yy12\" data-lazy=\"1\">\n        <div  class=\"tb_text_wrap\">\n        <h3>Wir bieten Kommunikationsberatung<\/h3>\n<ul>\n<li><strong>Multikulturelle Kommunikation<\/strong>: Strategische Beratung und Umsetzung von Kommunikationsma\u00dfnahmen, die kulturelle Unterschiede respektieren und Synergien schaffen.<\/li>\n<\/ul>\n<ul>\n<li><strong>Digitale Kommunikation<\/strong>: Entwicklung und Implementierung effizienter digitaler Kommunikationsstrategien, die Ihre Online-Pr\u00e4senz st\u00e4rken und Ihre Reichweite erh\u00f6hen.<\/li>\n<\/ul>\n<ul>\n<li><strong>Prozessberatung<\/strong>: Analyse und Optimierung Ihrer internen Kommunikationsprozesse, um Effizienz und Effektivit\u00e4t zu maximieren.<\/li>\n<\/ul>\n<ul>\n<li><strong>Konfliktkommunikation<\/strong>: Professionelle Unterst\u00fctzung und Strategien zur Bew\u00e4ltigung und L\u00f6sung von Kommunikationskonflikten innerhalb Ihres Teams oder mit externen Partnern.<\/li>\n<\/ul>\n<ul>\n<li><strong>Dysfunktionale Kommunikation<\/strong>: Identifikation und Korrektur von Kommunikationsproblemen, die zu Missverst\u00e4ndnissen oder ineffektiver Zusammenarbeit f\u00fchren.<\/li>\n<\/ul>\n<p>\u00a0<\/p>    <\/div>\n<\/div>\n<!-- \/module text -->        <\/div>\n                    <div  data-lazy=\"1\" class=\"module_column sub_column col3-1 tb_aa6t002 last\">\n                            <\/div>\n                    <\/div>\n                <\/div>\n                        <\/div>\n        <\/div>\n                        <div  data-lazy=\"1\" class=\"module_row themify_builder_row tb_n9cz666 tf_w\">\n                        <div class=\"row_inner col_align_top tb_col_count_1 tf_box tf_rel\">\n                        <div  data-lazy=\"1\" class=\"module_column tb-column col-full tb_o278800 first\">\n                            <div  data-lazy=\"1\" class=\"module_subrow themify_builder_sub_row tf_w col_align_top tb_col_count_3 tb_gx97606\">\n                <div  data-lazy=\"1\" class=\"module_column sub_column col3-1 tb_ktdg603 first\">\n                            <\/div>\n                    <div  data-lazy=\"1\" class=\"module_column sub_column col3-1 tb_asds561\">\n                            <\/div>\n                    <div  data-lazy=\"1\" class=\"module_column sub_column col3-1 tb_3u5e631 last\">\n                            <\/div>\n                    <\/div>\n                <\/div>\n                        <\/div>\n        <\/div>\n        <\/div>\n<!--\/themify_builder_content-->","protected":false},"excerpt":{"rendered":"<p>Jeder denkende Mensch ist entweder ein Aristoteliker oder ein Platoniker. Goethe<\/p>","protected":false},"author":1,"featured_media":0,"parent":0,"menu_order":0,"comment_status":"closed","ping_status":"closed","template":"","meta":{"inline_featured_image":false,"footnotes":""},"class_list":["post-6210","page","type-page","status-publish","hentry","has-post-title","has-post-date","has-post-category","has-post-tag","has-post-comment","has-post-author",""],"yoast_head":"<!-- This site is optimized with the Yoast SEO plugin v24.2 - https:\/\/yoast.com\/wordpress\/plugins\/seo\/ -->\n<title>Beratung und Coaching &#8211; Berlin Realities<\/title>\n<meta name=\"description\" content=\"Kommunikation \u2013 von Mensch zu Mensch und von Maschine zu Mensch; Wandel und Fortschritt durch Kommunikationskultur f\u00f6rdern\" \/>\n<meta name=\"robots\" content=\"index, follow, max-snippet:-1, max-image-preview:large, max-video-preview:-1\" \/>\n<link rel=\"canonical\" href=\"https:\/\/berlinrealities.enjoythistool.com\/en\/beratung-coaching\/\" \/>\n<meta property=\"og:locale\" content=\"en_GB\" \/>\n<meta property=\"og:type\" content=\"article\" \/>\n<meta property=\"og:title\" content=\"Beratung und Coaching &#8211; Berlin Realities\" \/>\n<meta property=\"og:description\" content=\"Kommunikation \u2013 von Mensch zu Mensch und von Maschine zu Mensch; Wandel und Fortschritt durch Kommunikationskultur f\u00f6rdern\" \/>\n<meta property=\"og:url\" content=\"https:\/\/berlinrealities.enjoythistool.com\/en\/beratung-coaching\/\" \/>\n<meta property=\"og:site_name\" content=\"Berlin Realities\" \/>\n<meta property=\"article:modified_time\" content=\"2025-01-11T08:14:47+00:00\" \/>\n<meta property=\"og:image\" content=\"https:\/\/berlinrealities.enjoythistool.com\/wp-content\/uploads\/2025\/01\/optimistischer-realist.jpg\" \/>\n\t<meta property=\"og:image:width\" content=\"1200\" \/>\n\t<meta property=\"og:image:height\" content=\"595\" \/>\n\t<meta property=\"og:image:type\" content=\"image\/jpeg\" \/>\n<meta name=\"twitter:card\" content=\"summary_large_image\" \/>\n<script type=\"application\/ld+json\" class=\"yoast-schema-graph\">{\"@context\":\"https:\/\/schema.org\",\"@graph\":[{\"@type\":\"WebPage\",\"@id\":\"https:\/\/berlinrealities.enjoythistool.com\/beratung-coaching\/\",\"url\":\"https:\/\/berlinrealities.enjoythistool.com\/beratung-coaching\/\",\"name\":\"Beratung und Coaching &#8211; Berlin Realities\",\"isPartOf\":{\"@id\":\"https:\/\/berlinrealities.enjoythistool.com\/#website\"},\"primaryImageOfPage\":{\"@id\":\"https:\/\/berlinrealities.enjoythistool.com\/beratung-coaching\/#primaryimage\"},\"image\":{\"@id\":\"https:\/\/berlinrealities.enjoythistool.com\/beratung-coaching\/#primaryimage\"},\"thumbnailUrl\":\"https:\/\/berlinrealities.enjoythistool.com\/wp-content\/uploads\/2025\/01\/optimistischer-realist.jpg\",\"datePublished\":\"2025-01-10T20:24:43+00:00\",\"dateModified\":\"2025-01-11T08:14:47+00:00\",\"description\":\"Kommunikation \u2013 von Mensch zu Mensch und von Maschine zu Mensch; Wandel und Fortschritt durch Kommunikationskultur f\u00f6rdern\",\"breadcrumb\":{\"@id\":\"https:\/\/berlinrealities.enjoythistool.com\/beratung-coaching\/#breadcrumb\"},\"inLanguage\":\"en-GB\",\"potentialAction\":[{\"@type\":\"ReadAction\",\"target\":[\"https:\/\/berlinrealities.enjoythistool.com\/beratung-coaching\/\"]}]},{\"@type\":\"ImageObject\",\"inLanguage\":\"en-GB\",\"@id\":\"https:\/\/berlinrealities.enjoythistool.com\/beratung-coaching\/#primaryimage\",\"url\":\"https:\/\/berlinrealities.enjoythistool.com\/wp-content\/uploads\/2025\/01\/optimistischer-realist.jpg\",\"contentUrl\":\"https:\/\/berlinrealities.enjoythistool.com\/wp-content\/uploads\/2025\/01\/optimistischer-realist.jpg\"},{\"@type\":\"BreadcrumbList\",\"@id\":\"https:\/\/berlinrealities.enjoythistool.com\/beratung-coaching\/#breadcrumb\",\"itemListElement\":[{\"@type\":\"ListItem\",\"position\":1,\"name\":\"Startseite\",\"item\":\"https:\/\/berlinrealities.enjoythistool.com\/\"},{\"@type\":\"ListItem\",\"position\":2,\"name\":\"Beratung und Coaching\"}]},{\"@type\":\"WebSite\",\"@id\":\"https:\/\/berlinrealities.enjoythistool.com\/#website\",\"url\":\"https:\/\/berlinrealities.enjoythistool.com\/\",\"name\":\"Berlin Realities\",\"description\":\"XR, Kommunikation, Design\",\"publisher\":{\"@id\":\"https:\/\/berlinrealities.enjoythistool.com\/#organization\"},\"potentialAction\":[{\"@type\":\"SearchAction\",\"target\":{\"@type\":\"EntryPoint\",\"urlTemplate\":\"https:\/\/berlinrealities.enjoythistool.com\/?s={search_term_string}\"},\"query-input\":{\"@type\":\"PropertyValueSpecification\",\"valueRequired\":true,\"valueName\":\"search_term_string\"}}],\"inLanguage\":\"en-GB\"},{\"@type\":\"Organization\",\"@id\":\"https:\/\/berlinrealities.enjoythistool.com\/#organization\",\"name\":\"Berlin Realities GmbH\",\"url\":\"https:\/\/berlinrealities.enjoythistool.com\/\",\"logo\":{\"@type\":\"ImageObject\",\"inLanguage\":\"en-GB\",\"@id\":\"https:\/\/berlinrealities.enjoythistool.com\/#\/schema\/logo\/image\/\",\"url\":\"https:\/\/berlinrealities.enjoythistool.com\/wp-content\/uploads\/2020\/08\/BerlinRealities-Logo.svg\",\"contentUrl\":\"https:\/\/berlinrealities.enjoythistool.com\/wp-content\/uploads\/2020\/08\/BerlinRealities-Logo.svg\",\"width\":\"1024\",\"height\":\"1024\",\"caption\":\"Berlin Realities GmbH\"},\"image\":{\"@id\":\"https:\/\/berlinrealities.enjoythistool.com\/#\/schema\/logo\/image\/\"}}]}<\/script>\n<!-- \/ Yoast SEO plugin. -->","yoast_head_json":{"title":"Beratung und Coaching &#8211; Berlin Realities","description":"Kommunikation \u2013 von Mensch zu Mensch und von Maschine zu Mensch; Wandel und Fortschritt durch Kommunikationskultur f\u00f6rdern","robots":{"index":"index","follow":"follow","max-snippet":"max-snippet:-1","max-image-preview":"max-image-preview:large","max-video-preview":"max-video-preview:-1"},"canonical":"https:\/\/berlinrealities.enjoythistool.com\/en\/beratung-coaching\/","og_locale":"en_GB","og_type":"article","og_title":"Beratung und Coaching &#8211; Berlin Realities","og_description":"Kommunikation \u2013 von Mensch zu Mensch und von Maschine zu Mensch; Wandel und Fortschritt durch Kommunikationskultur f\u00f6rdern","og_url":"https:\/\/berlinrealities.enjoythistool.com\/en\/beratung-coaching\/","og_site_name":"Berlin Realities","article_modified_time":"2025-01-11T08:14:47+00:00","og_image":[{"width":1200,"height":595,"url":"https:\/\/berlinrealities.enjoythistool.com\/wp-content\/uploads\/2025\/01\/optimistischer-realist.jpg","type":"image\/jpeg"}],"twitter_card":"summary_large_image","schema":{"@context":"https:\/\/schema.org","@graph":[{"@type":"WebPage","@id":"https:\/\/berlinrealities.enjoythistool.com\/beratung-coaching\/","url":"https:\/\/berlinrealities.enjoythistool.com\/beratung-coaching\/","name":"Beratung und Coaching &#8211; Berlin Realities","isPartOf":{"@id":"https:\/\/berlinrealities.enjoythistool.com\/#website"},"primaryImageOfPage":{"@id":"https:\/\/berlinrealities.enjoythistool.com\/beratung-coaching\/#primaryimage"},"image":{"@id":"https:\/\/berlinrealities.enjoythistool.com\/beratung-coaching\/#primaryimage"},"thumbnailUrl":"https:\/\/berlinrealities.enjoythistool.com\/wp-content\/uploads\/2025\/01\/optimistischer-realist.jpg","datePublished":"2025-01-10T20:24:43+00:00","dateModified":"2025-01-11T08:14:47+00:00","description":"Kommunikation \u2013 von Mensch zu Mensch und von Maschine zu Mensch; Wandel und Fortschritt durch Kommunikationskultur f\u00f6rdern","breadcrumb":{"@id":"https:\/\/berlinrealities.enjoythistool.com\/beratung-coaching\/#breadcrumb"},"inLanguage":"en-GB","potentialAction":[{"@type":"ReadAction","target":["https:\/\/berlinrealities.enjoythistool.com\/beratung-coaching\/"]}]},{"@type":"ImageObject","inLanguage":"en-GB","@id":"https:\/\/berlinrealities.enjoythistool.com\/beratung-coaching\/#primaryimage","url":"https:\/\/berlinrealities.enjoythistool.com\/wp-content\/uploads\/2025\/01\/optimistischer-realist.jpg","contentUrl":"https:\/\/berlinrealities.enjoythistool.com\/wp-content\/uploads\/2025\/01\/optimistischer-realist.jpg"},{"@type":"BreadcrumbList","@id":"https:\/\/berlinrealities.enjoythistool.com\/beratung-coaching\/#breadcrumb","itemListElement":[{"@type":"ListItem","position":1,"name":"Startseite","item":"https:\/\/berlinrealities.enjoythistool.com\/"},{"@type":"ListItem","position":2,"name":"Beratung und Coaching"}]},{"@type":"WebSite","@id":"https:\/\/berlinrealities.enjoythistool.com\/#website","url":"https:\/\/berlinrealities.enjoythistool.com\/","name":"Berlin Realities","description":"XR, Kommunikation, Design","publisher":{"@id":"https:\/\/berlinrealities.enjoythistool.com\/#organization"},"potentialAction":[{"@type":"SearchAction","target":{"@type":"EntryPoint","urlTemplate":"https:\/\/berlinrealities.enjoythistool.com\/?s={search_term_string}"},"query-input":{"@type":"PropertyValueSpecification","valueRequired":true,"valueName":"search_term_string"}}],"inLanguage":"en-GB"},{"@type":"Organization","@id":"https:\/\/berlinrealities.enjoythistool.com\/#organization","name":"Berlin Realities GmbH","url":"https:\/\/berlinrealities.enjoythistool.com\/","logo":{"@type":"ImageObject","inLanguage":"en-GB","@id":"https:\/\/berlinrealities.enjoythistool.com\/#\/schema\/logo\/image\/","url":"https:\/\/berlinrealities.enjoythistool.com\/wp-content\/uploads\/2020\/08\/BerlinRealities-Logo.svg","contentUrl":"https:\/\/berlinrealities.enjoythistool.com\/wp-content\/uploads\/2020\/08\/BerlinRealities-Logo.svg","width":"1024","height":"1024","caption":"Berlin Realities GmbH"},"image":{"@id":"https:\/\/berlinrealities.enjoythistool.com\/#\/schema\/logo\/image\/"}}]}},"builder_content":"<img src=\"https:\/\/berlinrealities.enjoythistool.com\/wp-content\/uploads\/2025\/01\/optimistischer-realist.jpg\" title=\"optimistischer-realist\" alt=\"optimistischer-realist\" srcset=\"https:\/\/berlinrealities.enjoythistool.com\/wp-content\/uploads\/2025\/01\/optimistischer-realist.jpg 1200w, https:\/\/berlinrealities.enjoythistool.com\/wp-content\/uploads\/2025\/01\/optimistischer-realist-300x149.jpg 300w, https:\/\/berlinrealities.enjoythistool.com\/wp-content\/uploads\/2025\/01\/optimistischer-realist-1024x508.jpg 1024w, https:\/\/berlinrealities.enjoythistool.com\/wp-content\/uploads\/2025\/01\/optimistischer-realist-768x381.jpg 768w, https:\/\/berlinrealities.enjoythistool.com\/wp-content\/uploads\/2025\/01\/optimistischer-realist-18x9.jpg 18w\" sizes=\"(max-width: 1200px) 100vw, 1200px\" \/>\n<h3>Jeder denkende Mensch ist entweder ein Aristoteliker oder ein Platoniker.<\/h3> <p>Goethe<\/p>\n<p>Goethe bezog sich damit auf die beiden gro\u00dfen antiken Philosophen Aristoteles und Platon und ihre unterschiedlichen Ans\u00e4tze zur Erkenntnistheorie und Metaphysik. Platon betonte die Bedeutung von den Ideen und abstrakte Prinzipien, w\u00e4hrend Aristoteles mehr Wert auf die Erfahrung und die konkrete Realit\u00e4t legte.<\/p>\n<h3>Positives Denken ist notwendig aber nicht hinreichend f\u00fcr erfolgreiches Management.<\/h3> <p>Fabiola H. Gerpott<br \/>Wirtschaftswissenschaftlerin und Inhaberin des Lehrstuhls f\u00fcr Personalf\u00fchrung an der WHU,<br \/>Otto Beisheim School of Management.<\/p>\n<h2>Wir brauchen realistische Optimisten mit Umsetzungsorientierung.<\/h2> <p>Wir k\u00f6nnen dann nachhaltige Kreativit\u00e4t und Zufriedenheit schaffen.<\/p>\n<h3>VUCA und BANI \u2013 hilfreiche Akronyme zur Beschreibung der heutigen Welt<\/h3> <p>\u00a0<\/p>\n<img src=\"https:\/\/berlinrealities.enjoythistool.com\/wp-content\/uploads\/2025\/01\/vuca-bani.svg\" title=\"vuca-bani\" alt=\"vuca-bani\">\n<h3>Wir bieten klassisches Business-Coaching<\/h3> <ul> <li><strong>Individuelle Zielsetzung<\/strong>: Gemeinsam identifizieren wir Ihre beruflichen Ziele und entwickeln einen klaren und umsetzbaren Plan, um diese zu erreichen.<\/li> <\/ul> <ul> <li><strong>F\u00fchrungskompetenzen<\/strong>: St\u00e4rkung Ihrer F\u00fchrungsqualit\u00e4ten durch ma\u00dfgeschneiderte Coaching-Sessions, die Ihre individuellen Herausforderungen und St\u00e4rken ber\u00fccksichtigen.<\/li> <\/ul> <ul> <li><strong>Karriereentwicklung<\/strong>: Unterst\u00fctzung bei der Planung und Umsetzung Ihrer Karriereziele, einschlie\u00dflich Rollenentwicklung und Aufstiegsm\u00f6glichkeiten.<\/li> <\/ul> <ul> <li><strong>Kommunikationsf\u00e4higkeiten<\/strong>: Verbesserung Ihrer Kommunikationsstrategien, um effektiver und \u00fcberzeugender aufzutreten.<\/li> <\/ul> <ul> <li><strong>Work-Life-Balance<\/strong>: Strategien zur besseren Balance zwischen beruflichen Anforderungen und pers\u00f6nlichem Wohlbefinden.<\/li> <\/ul>\n<h3>Wir bieten Kommunikationsberatung<\/h3> <ul> <li><strong>Multikulturelle Kommunikation<\/strong>: Strategische Beratung und Umsetzung von Kommunikationsma\u00dfnahmen, die kulturelle Unterschiede respektieren und Synergien schaffen.<\/li> <\/ul> <ul> <li><strong>Digitale Kommunikation<\/strong>: Entwicklung und Implementierung effizienter digitaler Kommunikationsstrategien, die Ihre Online-Pr\u00e4senz st\u00e4rken und Ihre Reichweite erh\u00f6hen.<\/li> <\/ul> <ul> <li><strong>Prozessberatung<\/strong>: Analyse und Optimierung Ihrer internen Kommunikationsprozesse, um Effizienz und Effektivit\u00e4t zu maximieren.<\/li> <\/ul> <ul> <li><strong>Konfliktkommunikation<\/strong>: Professionelle Unterst\u00fctzung und Strategien zur Bew\u00e4ltigung und L\u00f6sung von Kommunikationskonflikten innerhalb Ihres Teams oder mit externen Partnern.<\/li> <\/ul> <ul> <li><strong>Dysfunktionale Kommunikation<\/strong>: Identifikation und Korrektur von Kommunikationsproblemen, die zu Missverst\u00e4ndnissen oder ineffektiver Zusammenarbeit f\u00fchren.<\/li> <\/ul> <p>\u00a0<\/p>","_links":{"self":[{"href":"https:\/\/berlinrealities.enjoythistool.com\/en\/wp-json\/wp\/v2\/pages\/6210","targetHints":{"allow":["GET"]}}],"collection":[{"href":"https:\/\/berlinrealities.enjoythistool.com\/en\/wp-json\/wp\/v2\/pages"}],"about":[{"href":"https:\/\/berlinrealities.enjoythistool.com\/en\/wp-json\/wp\/v2\/types\/page"}],"author":[{"embeddable":true,"href":"https:\/\/berlinrealities.enjoythistool.com\/en\/wp-json\/wp\/v2\/users\/1"}],"replies":[{"embeddable":true,"href":"https:\/\/berlinrealities.enjoythistool.com\/en\/wp-json\/wp\/v2\/comments?post=6210"}],"version-history":[{"count":57,"href":"https:\/\/berlinrealities.enjoythistool.com\/en\/wp-json\/wp\/v2\/pages\/6210\/revisions"}],"predecessor-version":[{"id":6258,"href":"https:\/\/berlinrealities.enjoythistool.com\/en\/wp-json\/wp\/v2\/pages\/6210\/revisions\/6258"}],"wp:attachment":[{"href":"https:\/\/berlinrealities.enjoythistool.com\/en\/wp-json\/wp\/v2\/media?parent=6210"}],"curies":[{"name":"wp","href":"https:\/\/api.w.org\/{rel}","templated":true}]}}